{"id":4522,"date":"2023-03-09T20:50:02","date_gmt":"2023-03-09T19:50:02","guid":{"rendered":"https:\/\/legrenierdelatour.be\/brocante\/?post_type=product&#038;p=4522"},"modified":"2023-06-17T12:33:02","modified_gmt":"2023-06-17T10:33:02","slug":"tasses-bicolore-pastel-boch-la-louviere","status":"publish","type":"product","link":"https:\/\/legrenierdelatour.be\/brocante\/produit\/tasses-bicolore-pastel-boch-la-louviere\/","title":{"rendered":"Tasse bicolore Pastel Boch La Louvi\u00e8re"},"content":{"rendered":"<p>Tasses (7,5 cm de haut) bicolore bleu clair-blanc et jaune-blanc, produites par Boch La Louvi\u00e8re dans les ann\u00e9es 1950-60. Une tasse bleue et une tasse jaune disponibles.<\/p>\n<p>Elles sont vendues \u00e0 la pi\u00e8ce au prix de 4\u20ac.<\/p>\n<div>R\u00e9f 18.59<\/div>\n","protected":false},"excerpt":{"rendered":"<p>Tasses (7,5 cm de haut) bicolore bleu clair-blanc et jaune-blanc, produites par Boch La Louvi\u00e8re dans les ann\u00e9es 1950-60. Une tasse bleue et une tasse jaune disponibles. Elles sont vendues \u00e0 la pi\u00e8ce au prix de 4\u20ac. R\u00e9f 18.59<\/p>\n","protected":false},"featured_media":4523,"comment_status":"open","ping_status":"closed","template":"","meta":{"neve_meta_sidebar":"","neve_meta_container":"","neve_meta_enable_content_width":"off","neve_meta_content_width":100,"neve_meta_title_alignment":"","neve_meta_author_avatar":"","neve_post_elements_order":"","neve_meta_disable_header":"","neve_meta_disable_footer":"","neve_meta_disable_title":""},"product_brand":[],"product_cat":[37,175,172,16],"product_tag":[40,20,19,28],"class_list":{"0":"post-4522","1":"product","2":"type-product","3":"status-publish","4":"has-post-thumbnail","6":"product_cat-belgique","7":"product_cat-boch","8":"product_cat-en-cuisine","9":"product_cat-ceramique","10":"product_tag-belgique","11":"product_tag-boch","12":"product_tag-faience","13":"product_tag-vintage","15":"first","16":"instock","17":"shipping-taxable","18":"purchasable","19":"product-type-simple"},"_links":{"self":[{"href":"https:\/\/legrenierdelatour.be\/brocante\/wp-json\/wp\/v2\/product\/4522","targetHints":{"allow":["GET"]}}],"collection":[{"href":"https:\/\/legrenierdelatour.be\/brocante\/wp-json\/wp\/v2\/product"}],"about":[{"href":"https:\/\/legrenierdelatour.be\/brocante\/wp-json\/wp\/v2\/types\/product"}],"replies":[{"embeddable":true,"href":"https:\/\/legrenierdelatour.be\/brocante\/wp-json\/wp\/v2\/comments?post=4522"}],"wp:featuredmedia":[{"embeddable":true,"href":"https:\/\/legrenierdelatour.be\/brocante\/wp-json\/wp\/v2\/media\/4523"}],"wp:attachment":[{"href":"https:\/\/legrenierdelatour.be\/brocante\/wp-json\/wp\/v2\/media?parent=4522"}],"wp:term":[{"taxonomy":"product_brand","embeddable":true,"href":"https:\/\/legrenierdelatour.be\/brocante\/wp-json\/wp\/v2\/product_brand?post=4522"},{"taxonomy":"product_cat","embeddable":true,"href":"https:\/\/legrenierdelatour.be\/brocante\/wp-json\/wp\/v2\/product_cat?post=4522"},{"taxonomy":"product_tag","embeddable":true,"href":"https:\/\/legrenierdelatour.be\/brocante\/wp-json\/wp\/v2\/product_tag?post=4522"}],"curies":[{"name":"wp","href":"https:\/\/api.w.org\/{rel}","templated":true}]}}