{"id":4519,"date":"2023-03-09T20:22:31","date_gmt":"2023-03-09T19:22:31","guid":{"rendered":"https:\/\/legrenierdelatour.be\/brocante\/?post_type=product&#038;p=4519"},"modified":"2023-03-09T20:22:31","modified_gmt":"2023-03-09T19:22:31","slug":"verres-a-vin-rosaline-luminarc","status":"publish","type":"product","link":"https:\/\/legrenierdelatour.be\/brocante\/produit\/verres-a-vin-rosaline-luminarc\/","title":{"rendered":"Verres \u00e0 vin Rosaline Luminarc"},"content":{"rendered":"<p>5 verres \u00e0 vin (13 cm de haut) de la marque Luminarc (produit \u00e0 Arques en france) de la collection Rosaline. Ils datent des ann\u00e9es 1970, sont neufs et portent encore leur \u00e9tiquette d\u2019origine. Ils sont estampill\u00e9s France sous le pied. La verrerie d\u2019Arques cr\u00e9\u00e9e en 1825, s\u2019appellera Luminarc d\u00e8s les ann\u00e9es 1930.<\/p>\n<p>Ils sont vendus \u00e0 la pi\u00e8ce au prix de 6\u20ac.<\/p>\n<div>R\u00e9f 18.58<\/div>\n","protected":false},"excerpt":{"rendered":"<p>5 verres \u00e0 vin (13 cm de haut) de la marque Luminarc (produit \u00e0 Arques en france) de la collection Rosaline. Ils datent des ann\u00e9es 1970, sont neufs et portent encore leur \u00e9tiquette d\u2019origine. Ils sont estampill\u00e9s France sous le pied. La verrerie d\u2019Arques cr\u00e9\u00e9e en 1825, s\u2019appellera Luminarc d\u00e8s les ann\u00e9es 1930. Ils sont&hellip;&nbsp;<a href=\"https:\/\/legrenierdelatour.be\/brocante\/produit\/verres-a-vin-rosaline-luminarc\/\" class=\"\" rel=\"bookmark\">Lire la suite &raquo;<span class=\"screen-reader-text\">Verres \u00e0 vin Rosaline Luminarc<\/span><\/a><\/p>\n","protected":false},"featured_media":4521,"comment_status":"open","ping_status":"closed","template":"","meta":{"neve_meta_sidebar":"","neve_meta_container":"","neve_meta_enable_content_width":"off","neve_meta_content_width":100,"neve_meta_title_alignment":"","neve_meta_author_avatar":"","neve_post_elements_order":"","neve_meta_disable_header":"","neve_meta_disable_footer":"","neve_meta_disable_title":""},"product_brand":[],"product_cat":[116,172,117,163,22],"product_tag":[88,28],"class_list":{"0":"post-4519","1":"product","2":"type-product","3":"status-publish","4":"has-post-thumbnail","6":"product_cat-cristal-darques","7":"product_cat-en-cuisine","8":"product_cat-luminarc","9":"product_cat-productions-francaises","10":"product_cat-verrerie","11":"product_tag-arcopal","12":"product_tag-vintage","14":"first","15":"instock","16":"shipping-taxable","17":"purchasable","18":"product-type-simple"},"_links":{"self":[{"href":"https:\/\/legrenierdelatour.be\/brocante\/wp-json\/wp\/v2\/product\/4519","targetHints":{"allow":["GET"]}}],"collection":[{"href":"https:\/\/legrenierdelatour.be\/brocante\/wp-json\/wp\/v2\/product"}],"about":[{"href":"https:\/\/legrenierdelatour.be\/brocante\/wp-json\/wp\/v2\/types\/product"}],"replies":[{"embeddable":true,"href":"https:\/\/legrenierdelatour.be\/brocante\/wp-json\/wp\/v2\/comments?post=4519"}],"wp:featuredmedia":[{"embeddable":true,"href":"https:\/\/legrenierdelatour.be\/brocante\/wp-json\/wp\/v2\/media\/4521"}],"wp:attachment":[{"href":"https:\/\/legrenierdelatour.be\/brocante\/wp-json\/wp\/v2\/media?parent=4519"}],"wp:term":[{"taxonomy":"product_brand","embeddable":true,"href":"https:\/\/legrenierdelatour.be\/brocante\/wp-json\/wp\/v2\/product_brand?post=4519"},{"taxonomy":"product_cat","embeddable":true,"href":"https:\/\/legrenierdelatour.be\/brocante\/wp-json\/wp\/v2\/product_cat?post=4519"},{"taxonomy":"product_tag","embeddable":true,"href":"https:\/\/legrenierdelatour.be\/brocante\/wp-json\/wp\/v2\/product_tag?post=4519"}],"curies":[{"name":"wp","href":"https:\/\/api.w.org\/{rel}","templated":true}]}}