{"id":451,"date":"2022-02-27T16:48:50","date_gmt":"2022-02-27T15:48:50","guid":{"rendered":"https:\/\/legrenierdelatour.be\/brocante\/?post_type=product&#038;p=451"},"modified":"2022-03-12T17:22:44","modified_gmt":"2022-03-12T16:22:44","slug":"paire-de-vases-west-germany-10-21-bay","status":"publish","type":"product","link":"https:\/\/legrenierdelatour.be\/brocante\/produit\/paire-de-vases-west-germany-10-21-bay\/","title":{"rendered":"Paire de vases West-Germany 10-21 Bay"},"content":{"rendered":"<p>Paire de vase verniss\u00e9s brillant, de forme \u00ab\u00a010\u00a0\u00bb et de hauteur \u00ab\u00a021\u00a0\u00bb, West Germany produits par la manufacture Bay, sans doute dans les ann\u00e9es 1933-40. Tr\u00e8s bel \u00e9tat g\u00e9n\u00e9ral.<\/p>\n<p>R\u00e9f 4.33<\/p>\n","protected":false},"excerpt":{"rendered":"<p>Paire de vase verniss\u00e9s brillant, de forme \u00ab\u00a010\u00a0\u00bb et de hauteur \u00ab\u00a021\u00a0\u00bb, West Germany produits par la manufacture Bay, sans doute dans les ann\u00e9es 1933-40. Tr\u00e8s bel \u00e9tat g\u00e9n\u00e9ral. R\u00e9f 4.33<\/p>\n","protected":false},"featured_media":449,"comment_status":"open","ping_status":"closed","template":"","meta":{"neve_meta_sidebar":"","neve_meta_container":"","neve_meta_enable_content_width":"off","neve_meta_content_width":100,"neve_meta_title_alignment":"","neve_meta_author_avatar":"","neve_post_elements_order":"","neve_meta_disable_header":"","neve_meta_disable_footer":"","neve_meta_disable_title":""},"product_brand":[],"product_cat":[15,48,53,16,47],"product_tag":[51,19,49],"class_list":{"0":"post-451","1":"product","2":"type-product","3":"status-publish","4":"has-post-thumbnail","6":"product_cat-non-classe","7":"product_cat-allemagne","8":"product_cat-bay","9":"product_cat-ceramique","10":"product_cat-west-germany","11":"product_tag-bay","12":"product_tag-faience","13":"product_tag-west-germany","15":"first","16":"instock","17":"shipping-taxable","18":"purchasable","19":"product-type-simple"},"_links":{"self":[{"href":"https:\/\/legrenierdelatour.be\/brocante\/wp-json\/wp\/v2\/product\/451","targetHints":{"allow":["GET"]}}],"collection":[{"href":"https:\/\/legrenierdelatour.be\/brocante\/wp-json\/wp\/v2\/product"}],"about":[{"href":"https:\/\/legrenierdelatour.be\/brocante\/wp-json\/wp\/v2\/types\/product"}],"replies":[{"embeddable":true,"href":"https:\/\/legrenierdelatour.be\/brocante\/wp-json\/wp\/v2\/comments?post=451"}],"wp:featuredmedia":[{"embeddable":true,"href":"https:\/\/legrenierdelatour.be\/brocante\/wp-json\/wp\/v2\/media\/449"}],"wp:attachment":[{"href":"https:\/\/legrenierdelatour.be\/brocante\/wp-json\/wp\/v2\/media?parent=451"}],"wp:term":[{"taxonomy":"product_brand","embeddable":true,"href":"https:\/\/legrenierdelatour.be\/brocante\/wp-json\/wp\/v2\/product_brand?post=451"},{"taxonomy":"product_cat","embeddable":true,"href":"https:\/\/legrenierdelatour.be\/brocante\/wp-json\/wp\/v2\/product_cat?post=451"},{"taxonomy":"product_tag","embeddable":true,"href":"https:\/\/legrenierdelatour.be\/brocante\/wp-json\/wp\/v2\/product_tag?post=451"}],"curies":[{"name":"wp","href":"https:\/\/api.w.org\/{rel}","templated":true}]}}