{"id":4497,"date":"2023-03-07T20:20:59","date_gmt":"2023-03-07T19:20:59","guid":{"rendered":"https:\/\/legrenierdelatour.be\/brocante\/?post_type=product&#038;p=4497"},"modified":"2023-03-07T20:26:40","modified_gmt":"2023-03-07T19:26:40","slug":"plat-viking-villeroyboch-christine-reuther","status":"publish","type":"product","link":"https:\/\/legrenierdelatour.be\/brocante\/produit\/plat-viking-villeroyboch-christine-reuther\/","title":{"rendered":"Plat Viking Villeroy &#038; Boch Christine Reuter"},"content":{"rendered":"<p>Plat (21 cm de diam\u00e8tre) de la collection Viking de Villeroy et Boch, dont le design est issu de l\u2019imagination de Christine Reuter dans les ann\u00e9es 1960. Elle est en bon \u00e9tat, si ce n\u2019est l\u2019\u00e9mail pass\u00e9 \u00e0 certains endroits.<\/p>\n<div>R\u00e9f 18.48<\/div>\n","protected":false},"excerpt":{"rendered":"<p>Plat (21 cm de diam\u00e8tre) de la collection Viking de Villeroy et Boch, dont le design est issu de l\u2019imagination de Christine Reuter dans les ann\u00e9es 1960. Elle est en bon \u00e9tat, si ce n\u2019est l\u2019\u00e9mail pass\u00e9 \u00e0 certains endroits. R\u00e9f 18.48<\/p>\n","protected":false},"featured_media":4498,"comment_status":"open","ping_status":"closed","template":"","meta":{"neve_meta_sidebar":"","neve_meta_container":"","neve_meta_enable_content_width":"off","neve_meta_content_width":100,"neve_meta_title_alignment":"","neve_meta_author_avatar":"","neve_post_elements_order":"","neve_meta_disable_header":"","neve_meta_disable_footer":"","neve_meta_disable_title":""},"product_brand":[],"product_cat":[172,16,165,29],"product_tag":[32,28],"class_list":{"0":"post-4497","1":"product","2":"type-product","3":"status-publish","4":"has-post-thumbnail","6":"product_cat-en-cuisine","7":"product_cat-ceramique","8":"product_cat-luxembourg","9":"product_cat-villeroy-boch","10":"product_tag-villeroy-et-boch","11":"product_tag-vintage","13":"first","14":"instock","15":"shipping-taxable","16":"purchasable","17":"product-type-simple"},"_links":{"self":[{"href":"https:\/\/legrenierdelatour.be\/brocante\/wp-json\/wp\/v2\/product\/4497","targetHints":{"allow":["GET"]}}],"collection":[{"href":"https:\/\/legrenierdelatour.be\/brocante\/wp-json\/wp\/v2\/product"}],"about":[{"href":"https:\/\/legrenierdelatour.be\/brocante\/wp-json\/wp\/v2\/types\/product"}],"replies":[{"embeddable":true,"href":"https:\/\/legrenierdelatour.be\/brocante\/wp-json\/wp\/v2\/comments?post=4497"}],"wp:featuredmedia":[{"embeddable":true,"href":"https:\/\/legrenierdelatour.be\/brocante\/wp-json\/wp\/v2\/media\/4498"}],"wp:attachment":[{"href":"https:\/\/legrenierdelatour.be\/brocante\/wp-json\/wp\/v2\/media?parent=4497"}],"wp:term":[{"taxonomy":"product_brand","embeddable":true,"href":"https:\/\/legrenierdelatour.be\/brocante\/wp-json\/wp\/v2\/product_brand?post=4497"},{"taxonomy":"product_cat","embeddable":true,"href":"https:\/\/legrenierdelatour.be\/brocante\/wp-json\/wp\/v2\/product_cat?post=4497"},{"taxonomy":"product_tag","embeddable":true,"href":"https:\/\/legrenierdelatour.be\/brocante\/wp-json\/wp\/v2\/product_tag?post=4497"}],"curies":[{"name":"wp","href":"https:\/\/api.w.org\/{rel}","templated":true}]}}