{"id":4490,"date":"2023-03-07T18:12:30","date_gmt":"2023-03-07T17:12:30","guid":{"rendered":"https:\/\/legrenierdelatour.be\/brocante\/?post_type=product&#038;p=4490"},"modified":"2024-08-15T17:53:29","modified_gmt":"2024-08-15T15:53:29","slug":"dessin-de-lecole-des-garcons-fabien-dardar","status":"publish","type":"product","link":"https:\/\/legrenierdelatour.be\/brocante\/produit\/dessin-de-lecole-des-garcons-fabien-dardar\/","title":{"rendered":"Dessin de l&rsquo;\u00e9cole des gar\u00e7ons, Fabien Dardar"},"content":{"rendered":"<p>Dessin de l\u2019ancienne \u00e9cole des gar\u00e7ons place Didier \u00e0 Arlon (44&#215;35 cm cadre compris) r\u00e9alis\u00e9 par Fabien Dardar le 27 janvier 1992. Ce dessin a \u00e9t\u00e9 r\u00e9alis\u00e9 peu avant la d\u00e9molition de cet immeuble. Dessin au crayon par Fabien Dardar, artiste arlonais, d\u00e9but des ann\u00e9es 1980.<\/p>\n<div>R\u00e9f 18.42<\/div>\n","protected":false},"excerpt":{"rendered":"<p>Dessin de l\u2019ancienne \u00e9cole des gar\u00e7ons place Didier \u00e0 Arlon (44&#215;35 cm cadre compris) r\u00e9alis\u00e9 par Fabien Dardar le 27 janvier 1992. Ce dessin a \u00e9t\u00e9 r\u00e9alis\u00e9 peu avant la d\u00e9molition de cet immeuble. Dessin au crayon par Fabien Dardar, artiste arlonais, d\u00e9but des ann\u00e9es 1980. R\u00e9f 18.42<\/p>\n","protected":false},"featured_media":4491,"comment_status":"open","ping_status":"closed","template":"","meta":{"neve_meta_sidebar":"","neve_meta_container":"","neve_meta_enable_content_width":"off","neve_meta_content_width":100,"neve_meta_title_alignment":"","neve_meta_author_avatar":"","neve_post_elements_order":"","neve_meta_disable_header":"","neve_meta_disable_footer":"","neve_meta_disable_title":""},"product_brand":[],"product_cat":[30,31,167],"product_tag":[],"class_list":{"0":"post-4490","1":"product","2":"type-product","3":"status-publish","4":"has-post-thumbnail","6":"product_cat-luxemburgensia","7":"product_cat-pays-darlon","8":"product_cat-peintures-et-sculptures","10":"first","11":"instock","12":"shipping-taxable","13":"purchasable","14":"product-type-simple"},"_links":{"self":[{"href":"https:\/\/legrenierdelatour.be\/brocante\/wp-json\/wp\/v2\/product\/4490","targetHints":{"allow":["GET"]}}],"collection":[{"href":"https:\/\/legrenierdelatour.be\/brocante\/wp-json\/wp\/v2\/product"}],"about":[{"href":"https:\/\/legrenierdelatour.be\/brocante\/wp-json\/wp\/v2\/types\/product"}],"replies":[{"embeddable":true,"href":"https:\/\/legrenierdelatour.be\/brocante\/wp-json\/wp\/v2\/comments?post=4490"}],"wp:featuredmedia":[{"embeddable":true,"href":"https:\/\/legrenierdelatour.be\/brocante\/wp-json\/wp\/v2\/media\/4491"}],"wp:attachment":[{"href":"https:\/\/legrenierdelatour.be\/brocante\/wp-json\/wp\/v2\/media?parent=4490"}],"wp:term":[{"taxonomy":"product_brand","embeddable":true,"href":"https:\/\/legrenierdelatour.be\/brocante\/wp-json\/wp\/v2\/product_brand?post=4490"},{"taxonomy":"product_cat","embeddable":true,"href":"https:\/\/legrenierdelatour.be\/brocante\/wp-json\/wp\/v2\/product_cat?post=4490"},{"taxonomy":"product_tag","embeddable":true,"href":"https:\/\/legrenierdelatour.be\/brocante\/wp-json\/wp\/v2\/product_tag?post=4490"}],"curies":[{"name":"wp","href":"https:\/\/api.w.org\/{rel}","templated":true}]}}