{"id":4487,"date":"2023-03-01T18:02:05","date_gmt":"2023-03-01T17:02:05","guid":{"rendered":"https:\/\/legrenierdelatour.be\/brocante\/?post_type=product&#038;p=4487"},"modified":"2023-03-01T18:02:05","modified_gmt":"2023-03-01T17:02:05","slug":"tableau-longwy-usine-de-senelle-m-colas","status":"publish","type":"product","link":"https:\/\/legrenierdelatour.be\/brocante\/produit\/tableau-longwy-usine-de-senelle-m-colas\/","title":{"rendered":"Tableau Longwy Usine de Senelle M.Colas"},"content":{"rendered":"<p>Tableau de peinture sur toile (51&#215;43 cm cadre compris) repr\u00e9sentant Longwy, l\u2019usine de semelle. Il a \u00e9t\u00e9 encadr\u00e9 \u00e0 Longwy-Haut (\u00e9tiquette au dos) et n&rsquo;est pas sign\u00e9. Il a sans doute \u00e9t\u00e9 r\u00e9alis\u00e9 par M. Colas dans les ann\u00e9es 1950.<\/p>\n<div>R\u00e9f 18.33<\/div>\n","protected":false},"excerpt":{"rendered":"<p>Tableau de peinture sur toile (51&#215;43 cm cadre compris) repr\u00e9sentant Longwy, l\u2019usine de semelle. Il a \u00e9t\u00e9 encadr\u00e9 \u00e0 Longwy-Haut (\u00e9tiquette au dos) et n&rsquo;est pas sign\u00e9. Il a sans doute \u00e9t\u00e9 r\u00e9alis\u00e9 par M. Colas dans les ann\u00e9es 1950. R\u00e9f 18.33<\/p>\n","protected":false},"featured_media":4479,"comment_status":"open","ping_status":"closed","template":"","meta":{"neve_meta_sidebar":"","neve_meta_container":"","neve_meta_enable_content_width":"off","neve_meta_content_width":100,"neve_meta_title_alignment":"","neve_meta_author_avatar":"","neve_post_elements_order":"","neve_meta_disable_header":"","neve_meta_disable_footer":"","neve_meta_disable_title":""},"product_brand":[],"product_cat":[30,31,167],"product_tag":[79,112],"class_list":{"0":"post-4487","1":"product","2":"type-product","3":"status-publish","4":"has-post-thumbnail","6":"product_cat-luxemburgensia","7":"product_cat-pays-darlon","8":"product_cat-peintures-et-sculptures","9":"product_tag-art","10":"product_tag-pays-darlon","12":"first","13":"instock","14":"shipping-taxable","15":"purchasable","16":"product-type-simple"},"_links":{"self":[{"href":"https:\/\/legrenierdelatour.be\/brocante\/wp-json\/wp\/v2\/product\/4487","targetHints":{"allow":["GET"]}}],"collection":[{"href":"https:\/\/legrenierdelatour.be\/brocante\/wp-json\/wp\/v2\/product"}],"about":[{"href":"https:\/\/legrenierdelatour.be\/brocante\/wp-json\/wp\/v2\/types\/product"}],"replies":[{"embeddable":true,"href":"https:\/\/legrenierdelatour.be\/brocante\/wp-json\/wp\/v2\/comments?post=4487"}],"wp:featuredmedia":[{"embeddable":true,"href":"https:\/\/legrenierdelatour.be\/brocante\/wp-json\/wp\/v2\/media\/4479"}],"wp:attachment":[{"href":"https:\/\/legrenierdelatour.be\/brocante\/wp-json\/wp\/v2\/media?parent=4487"}],"wp:term":[{"taxonomy":"product_brand","embeddable":true,"href":"https:\/\/legrenierdelatour.be\/brocante\/wp-json\/wp\/v2\/product_brand?post=4487"},{"taxonomy":"product_cat","embeddable":true,"href":"https:\/\/legrenierdelatour.be\/brocante\/wp-json\/wp\/v2\/product_cat?post=4487"},{"taxonomy":"product_tag","embeddable":true,"href":"https:\/\/legrenierdelatour.be\/brocante\/wp-json\/wp\/v2\/product_tag?post=4487"}],"curies":[{"name":"wp","href":"https:\/\/api.w.org\/{rel}","templated":true}]}}