{"id":4478,"date":"2023-03-01T17:54:35","date_gmt":"2023-03-01T16:54:35","guid":{"rendered":"https:\/\/legrenierdelatour.be\/brocante\/?post_type=product&#038;p=4478"},"modified":"2023-03-01T17:54:35","modified_gmt":"2023-03-01T16:54:35","slug":"tableau-longwy-bas-m-colas-1954","status":"publish","type":"product","link":"https:\/\/legrenierdelatour.be\/brocante\/produit\/tableau-longwy-bas-m-colas-1954\/","title":{"rendered":"Tableau Longwy-Bas M.Colas 1954"},"content":{"rendered":"<p>Tableau de peinture sur panneau de bois (51&#215;43 cm cadre compris) repr\u00e9sentant Longwy-Bas vers 1867 d\u2019apr\u00e8s une vieille photo (inscription au dos). Il a \u00e9t\u00e9 encadr\u00e9 \u00e0 Longwy-Haut (\u00e9tiquette au dos) et est sign\u00e9 M. Colas 1954.<\/p>\n<div>R\u00e9f 18.32<\/div>\n","protected":false},"excerpt":{"rendered":"<p>Tableau de peinture sur panneau de bois (51&#215;43 cm cadre compris) repr\u00e9sentant Longwy-Bas vers 1867 d\u2019apr\u00e8s une vieille photo (inscription au dos). Il a \u00e9t\u00e9 encadr\u00e9 \u00e0 Longwy-Haut (\u00e9tiquette au dos) et est sign\u00e9 M. Colas 1954. R\u00e9f 18.32<\/p>\n","protected":false},"featured_media":4483,"comment_status":"open","ping_status":"closed","template":"","meta":{"neve_meta_sidebar":"","neve_meta_container":"","neve_meta_enable_content_width":"off","neve_meta_content_width":100,"neve_meta_title_alignment":"","neve_meta_author_avatar":"","neve_post_elements_order":"","neve_meta_disable_header":"","neve_meta_disable_footer":"","neve_meta_disable_title":""},"product_brand":[],"product_cat":[30,31,167],"product_tag":[79,40,112],"class_list":{"0":"post-4478","1":"product","2":"type-product","3":"status-publish","4":"has-post-thumbnail","6":"product_cat-luxemburgensia","7":"product_cat-pays-darlon","8":"product_cat-peintures-et-sculptures","9":"product_tag-art","10":"product_tag-belgique","11":"product_tag-pays-darlon","13":"first","14":"instock","15":"shipping-taxable","16":"purchasable","17":"product-type-simple"},"_links":{"self":[{"href":"https:\/\/legrenierdelatour.be\/brocante\/wp-json\/wp\/v2\/product\/4478","targetHints":{"allow":["GET"]}}],"collection":[{"href":"https:\/\/legrenierdelatour.be\/brocante\/wp-json\/wp\/v2\/product"}],"about":[{"href":"https:\/\/legrenierdelatour.be\/brocante\/wp-json\/wp\/v2\/types\/product"}],"replies":[{"embeddable":true,"href":"https:\/\/legrenierdelatour.be\/brocante\/wp-json\/wp\/v2\/comments?post=4478"}],"wp:featuredmedia":[{"embeddable":true,"href":"https:\/\/legrenierdelatour.be\/brocante\/wp-json\/wp\/v2\/media\/4483"}],"wp:attachment":[{"href":"https:\/\/legrenierdelatour.be\/brocante\/wp-json\/wp\/v2\/media?parent=4478"}],"wp:term":[{"taxonomy":"product_brand","embeddable":true,"href":"https:\/\/legrenierdelatour.be\/brocante\/wp-json\/wp\/v2\/product_brand?post=4478"},{"taxonomy":"product_cat","embeddable":true,"href":"https:\/\/legrenierdelatour.be\/brocante\/wp-json\/wp\/v2\/product_cat?post=4478"},{"taxonomy":"product_tag","embeddable":true,"href":"https:\/\/legrenierdelatour.be\/brocante\/wp-json\/wp\/v2\/product_tag?post=4478"}],"curies":[{"name":"wp","href":"https:\/\/api.w.org\/{rel}","templated":true}]}}