{"id":4470,"date":"2023-03-01T15:48:36","date_gmt":"2023-03-01T14:48:36","guid":{"rendered":"https:\/\/legrenierdelatour.be\/brocante\/?post_type=product&#038;p=4470"},"modified":"2023-03-01T15:48:36","modified_gmt":"2023-03-01T14:48:36","slug":"lampe-plafonnier-vintage-3","status":"publish","type":"product","link":"https:\/\/legrenierdelatour.be\/brocante\/produit\/lampe-plafonnier-vintage-3\/","title":{"rendered":"Lampe plafonnier vintage"},"content":{"rendered":"<p>Grande lampe plafonnier (45 cm de diam\u00e8tre \/ 12 cm de hauteur) en m\u00e9tal et plastique des ann\u00e9es 1970. Le dessous est lisse, mais le pourtour est constitu\u00e9 de \u00ab\u00a0diamants\u00a0\u00bb.<\/p>\n<div>R\u00e9f 18.28<\/div>\n","protected":false},"excerpt":{"rendered":"<p>Grande lampe plafonnier (45 cm de diam\u00e8tre \/ 12 cm de hauteur) en m\u00e9tal et plastique des ann\u00e9es 1970. Le dessous est lisse, mais le pourtour est constitu\u00e9 de \u00ab\u00a0diamants\u00a0\u00bb. R\u00e9f 18.28<\/p>\n","protected":false},"featured_media":4471,"comment_status":"open","ping_status":"closed","template":"","meta":{"neve_meta_sidebar":"","neve_meta_container":"","neve_meta_enable_content_width":"off","neve_meta_content_width":100,"neve_meta_title_alignment":"","neve_meta_author_avatar":"","neve_post_elements_order":"","neve_meta_disable_header":"","neve_meta_disable_footer":"","neve_meta_disable_title":""},"product_brand":[],"product_cat":[24],"product_tag":[91,28],"class_list":{"0":"post-4470","1":"product","2":"type-product","3":"status-publish","4":"has-post-thumbnail","6":"product_cat-luminaires","7":"product_tag-lampe","8":"product_tag-vintage","10":"first","11":"instock","12":"shipping-taxable","13":"purchasable","14":"product-type-simple"},"_links":{"self":[{"href":"https:\/\/legrenierdelatour.be\/brocante\/wp-json\/wp\/v2\/product\/4470","targetHints":{"allow":["GET"]}}],"collection":[{"href":"https:\/\/legrenierdelatour.be\/brocante\/wp-json\/wp\/v2\/product"}],"about":[{"href":"https:\/\/legrenierdelatour.be\/brocante\/wp-json\/wp\/v2\/types\/product"}],"replies":[{"embeddable":true,"href":"https:\/\/legrenierdelatour.be\/brocante\/wp-json\/wp\/v2\/comments?post=4470"}],"wp:featuredmedia":[{"embeddable":true,"href":"https:\/\/legrenierdelatour.be\/brocante\/wp-json\/wp\/v2\/media\/4471"}],"wp:attachment":[{"href":"https:\/\/legrenierdelatour.be\/brocante\/wp-json\/wp\/v2\/media?parent=4470"}],"wp:term":[{"taxonomy":"product_brand","embeddable":true,"href":"https:\/\/legrenierdelatour.be\/brocante\/wp-json\/wp\/v2\/product_brand?post=4470"},{"taxonomy":"product_cat","embeddable":true,"href":"https:\/\/legrenierdelatour.be\/brocante\/wp-json\/wp\/v2\/product_cat?post=4470"},{"taxonomy":"product_tag","embeddable":true,"href":"https:\/\/legrenierdelatour.be\/brocante\/wp-json\/wp\/v2\/product_tag?post=4470"}],"curies":[{"name":"wp","href":"https:\/\/api.w.org\/{rel}","templated":true}]}}