{"id":4466,"date":"2023-03-01T15:36:22","date_gmt":"2023-03-01T14:36:22","guid":{"rendered":"https:\/\/legrenierdelatour.be\/brocante\/?post_type=product&#038;p=4466"},"modified":"2023-03-01T15:36:22","modified_gmt":"2023-03-01T14:36:22","slug":"assiette-ceramique-echternach-procession-dansante","status":"publish","type":"product","link":"https:\/\/legrenierdelatour.be\/brocante\/produit\/assiette-ceramique-echternach-procession-dansante\/","title":{"rendered":"Assiette c\u00e9ramique Echternach Procession dansante"},"content":{"rendered":"<p>Belle assiette en c\u00e9ramique non vernie (23 cm de diam\u00e8tre), avec rer\u00e9sentation de la \u00ab\u00a0Procession dansante\u00a0\u00bb de Echternach. A l\u2019arri\u00e8re, on retrouve l\u2019inscription grav\u00e9e \u00ab\u00a0handmade in Nospelt Luxembourg, n\u00b0402\u00a0\u00bb, ainsi qu\u2019un cachet en relief, sans doute de la Ville d\u2019Echternach. Cette assiette qui a \u00e9t\u00e9 moul\u00e9e est en parfait \u00e9tat.<\/p>\n<div>R\u00e9f 18.27<\/div>\n","protected":false},"excerpt":{"rendered":"<p>Belle assiette en c\u00e9ramique non vernie (23 cm de diam\u00e8tre), avec rer\u00e9sentation de la \u00ab\u00a0Procession dansante\u00a0\u00bb de Echternach. A l\u2019arri\u00e8re, on retrouve l\u2019inscription grav\u00e9e \u00ab\u00a0handmade in Nospelt Luxembourg, n\u00b0402\u00a0\u00bb, ainsi qu\u2019un cachet en relief, sans doute de la Ville d\u2019Echternach. Cette assiette qui a \u00e9t\u00e9 moul\u00e9e est en parfait \u00e9tat. R\u00e9f 18.27<\/p>\n","protected":false},"featured_media":4467,"comment_status":"open","ping_status":"closed","template":"","meta":{"neve_meta_sidebar":"","neve_meta_container":"","neve_meta_enable_content_width":"off","neve_meta_content_width":100,"neve_meta_title_alignment":"","neve_meta_author_avatar":"","neve_post_elements_order":"","neve_meta_disable_header":"","neve_meta_disable_footer":"","neve_meta_disable_title":""},"product_brand":[],"product_cat":[16,165,30,166,167],"product_tag":[79,83],"class_list":{"0":"post-4466","1":"product","2":"type-product","3":"status-publish","4":"has-post-thumbnail","6":"product_cat-ceramique","7":"product_cat-luxembourg","8":"product_cat-luxemburgensia","9":"product_cat-luxemburgensia-luxemburgensia","10":"product_cat-peintures-et-sculptures","11":"product_tag-art","12":"product_tag-luxemburgensia","14":"first","15":"instock","16":"shipping-taxable","17":"purchasable","18":"product-type-simple"},"_links":{"self":[{"href":"https:\/\/legrenierdelatour.be\/brocante\/wp-json\/wp\/v2\/product\/4466","targetHints":{"allow":["GET"]}}],"collection":[{"href":"https:\/\/legrenierdelatour.be\/brocante\/wp-json\/wp\/v2\/product"}],"about":[{"href":"https:\/\/legrenierdelatour.be\/brocante\/wp-json\/wp\/v2\/types\/product"}],"replies":[{"embeddable":true,"href":"https:\/\/legrenierdelatour.be\/brocante\/wp-json\/wp\/v2\/comments?post=4466"}],"wp:featuredmedia":[{"embeddable":true,"href":"https:\/\/legrenierdelatour.be\/brocante\/wp-json\/wp\/v2\/media\/4467"}],"wp:attachment":[{"href":"https:\/\/legrenierdelatour.be\/brocante\/wp-json\/wp\/v2\/media?parent=4466"}],"wp:term":[{"taxonomy":"product_brand","embeddable":true,"href":"https:\/\/legrenierdelatour.be\/brocante\/wp-json\/wp\/v2\/product_brand?post=4466"},{"taxonomy":"product_cat","embeddable":true,"href":"https:\/\/legrenierdelatour.be\/brocante\/wp-json\/wp\/v2\/product_cat?post=4466"},{"taxonomy":"product_tag","embeddable":true,"href":"https:\/\/legrenierdelatour.be\/brocante\/wp-json\/wp\/v2\/product_tag?post=4466"}],"curies":[{"name":"wp","href":"https:\/\/api.w.org\/{rel}","templated":true}]}}