{"id":4461,"date":"2023-02-28T21:14:19","date_gmt":"2023-02-28T20:14:19","guid":{"rendered":"https:\/\/legrenierdelatour.be\/brocante\/?post_type=product&#038;p=4461"},"modified":"2023-02-28T21:14:19","modified_gmt":"2023-02-28T20:14:19","slug":"carrelage-cercle-philatelique-athus","status":"publish","type":"product","link":"https:\/\/legrenierdelatour.be\/brocante\/produit\/carrelage-cercle-philatelique-athus\/","title":{"rendered":"Carrelage Cercle Philat\u00e9lique Athus"},"content":{"rendered":"<p>Plaque de fa\u00efence (20&#215;15 cm) \u00e9dit\u00e9e sans doute par le Cercle philat\u00e9lique Athus, et repr\u00e9sente le blason d\u2019Athus devant un paysage de mare. Elle est en parfait \u00e9tat.<\/p>\n<div>R\u00e9f 18.21<\/div>\n","protected":false},"excerpt":{"rendered":"<p>Plaque de fa\u00efence (20&#215;15 cm) \u00e9dit\u00e9e sans doute par le Cercle philat\u00e9lique Athus, et repr\u00e9sente le blason d\u2019Athus devant un paysage de mare. Elle est en parfait \u00e9tat. R\u00e9f 18.21<\/p>\n","protected":false},"featured_media":4459,"comment_status":"open","ping_status":"closed","template":"","meta":{"neve_meta_sidebar":"","neve_meta_container":"","neve_meta_enable_content_width":"off","neve_meta_content_width":100,"neve_meta_title_alignment":"","neve_meta_author_avatar":"","neve_post_elements_order":"","neve_meta_disable_header":"","neve_meta_disable_footer":"","neve_meta_disable_title":""},"product_brand":[],"product_cat":[16,30,31],"product_tag":[40,112],"class_list":{"0":"post-4461","1":"product","2":"type-product","3":"status-publish","4":"has-post-thumbnail","6":"product_cat-ceramique","7":"product_cat-luxemburgensia","8":"product_cat-pays-darlon","9":"product_tag-belgique","10":"product_tag-pays-darlon","12":"first","13":"instock","14":"shipping-taxable","15":"purchasable","16":"product-type-simple"},"_links":{"self":[{"href":"https:\/\/legrenierdelatour.be\/brocante\/wp-json\/wp\/v2\/product\/4461","targetHints":{"allow":["GET"]}}],"collection":[{"href":"https:\/\/legrenierdelatour.be\/brocante\/wp-json\/wp\/v2\/product"}],"about":[{"href":"https:\/\/legrenierdelatour.be\/brocante\/wp-json\/wp\/v2\/types\/product"}],"replies":[{"embeddable":true,"href":"https:\/\/legrenierdelatour.be\/brocante\/wp-json\/wp\/v2\/comments?post=4461"}],"wp:featuredmedia":[{"embeddable":true,"href":"https:\/\/legrenierdelatour.be\/brocante\/wp-json\/wp\/v2\/media\/4459"}],"wp:attachment":[{"href":"https:\/\/legrenierdelatour.be\/brocante\/wp-json\/wp\/v2\/media?parent=4461"}],"wp:term":[{"taxonomy":"product_brand","embeddable":true,"href":"https:\/\/legrenierdelatour.be\/brocante\/wp-json\/wp\/v2\/product_brand?post=4461"},{"taxonomy":"product_cat","embeddable":true,"href":"https:\/\/legrenierdelatour.be\/brocante\/wp-json\/wp\/v2\/product_cat?post=4461"},{"taxonomy":"product_tag","embeddable":true,"href":"https:\/\/legrenierdelatour.be\/brocante\/wp-json\/wp\/v2\/product_tag?post=4461"}],"curies":[{"name":"wp","href":"https:\/\/api.w.org\/{rel}","templated":true}]}}