{"id":4452,"date":"2023-02-28T20:48:40","date_gmt":"2023-02-28T19:48:40","guid":{"rendered":"https:\/\/legrenierdelatour.be\/brocante\/?post_type=product&#038;p=4452"},"modified":"2023-02-28T20:50:21","modified_gmt":"2023-02-28T19:50:21","slug":"cache-pot-bruges-boch-la-louviere","status":"publish","type":"product","link":"https:\/\/legrenierdelatour.be\/brocante\/produit\/cache-pot-bruges-boch-la-louviere\/","title":{"rendered":"Cache-pot Bruges, Boch La Louvi\u00e8re"},"content":{"rendered":"<p>Grand cache-pot (22 cm de haut, 28 cm de diam\u00e8tre) avec d\u00e9cor Bruges et orn\u00e9 de deux macarons \u00e0 t\u00eate de satyre. D\u2019apr\u00e8s le cachet, il date des ann\u00e9es 1920. Malheureusement, il est fendu.<\/p>\n<div>R\u00e9f 18.19<\/div>\n","protected":false},"excerpt":{"rendered":"<p>Grand cache-pot (22 cm de haut, 28 cm de diam\u00e8tre) avec d\u00e9cor Bruges et orn\u00e9 de deux macarons \u00e0 t\u00eate de satyre. D\u2019apr\u00e8s le cachet, il date des ann\u00e9es 1920. Malheureusement, il est fendu. R\u00e9f 18.19<\/p>\n","protected":false},"featured_media":4453,"comment_status":"open","ping_status":"closed","template":"","meta":{"neve_meta_sidebar":"","neve_meta_container":"","neve_meta_enable_content_width":"off","neve_meta_content_width":100,"neve_meta_title_alignment":"","neve_meta_author_avatar":"","neve_post_elements_order":"","neve_meta_disable_header":"","neve_meta_disable_footer":"","neve_meta_disable_title":""},"product_brand":[],"product_cat":[37,175,16],"product_tag":[20,19],"class_list":{"0":"post-4452","1":"product","2":"type-product","3":"status-publish","4":"has-post-thumbnail","6":"product_cat-belgique","7":"product_cat-boch","8":"product_cat-ceramique","9":"product_tag-boch","10":"product_tag-faience","12":"first","13":"instock","14":"shipping-taxable","15":"purchasable","16":"product-type-simple"},"_links":{"self":[{"href":"https:\/\/legrenierdelatour.be\/brocante\/wp-json\/wp\/v2\/product\/4452","targetHints":{"allow":["GET"]}}],"collection":[{"href":"https:\/\/legrenierdelatour.be\/brocante\/wp-json\/wp\/v2\/product"}],"about":[{"href":"https:\/\/legrenierdelatour.be\/brocante\/wp-json\/wp\/v2\/types\/product"}],"replies":[{"embeddable":true,"href":"https:\/\/legrenierdelatour.be\/brocante\/wp-json\/wp\/v2\/comments?post=4452"}],"wp:featuredmedia":[{"embeddable":true,"href":"https:\/\/legrenierdelatour.be\/brocante\/wp-json\/wp\/v2\/media\/4453"}],"wp:attachment":[{"href":"https:\/\/legrenierdelatour.be\/brocante\/wp-json\/wp\/v2\/media?parent=4452"}],"wp:term":[{"taxonomy":"product_brand","embeddable":true,"href":"https:\/\/legrenierdelatour.be\/brocante\/wp-json\/wp\/v2\/product_brand?post=4452"},{"taxonomy":"product_cat","embeddable":true,"href":"https:\/\/legrenierdelatour.be\/brocante\/wp-json\/wp\/v2\/product_cat?post=4452"},{"taxonomy":"product_tag","embeddable":true,"href":"https:\/\/legrenierdelatour.be\/brocante\/wp-json\/wp\/v2\/product_tag?post=4452"}],"curies":[{"name":"wp","href":"https:\/\/api.w.org\/{rel}","templated":true}]}}