{"id":4441,"date":"2023-02-28T19:30:50","date_gmt":"2023-02-28T18:30:50","guid":{"rendered":"https:\/\/legrenierdelatour.be\/brocante\/?post_type=product&#038;p=4441"},"modified":"2023-02-28T19:30:51","modified_gmt":"2023-02-28T18:30:51","slug":"ramequin-boch-raisins","status":"publish","type":"product","link":"https:\/\/legrenierdelatour.be\/brocante\/produit\/ramequin-boch-raisins\/","title":{"rendered":"Ramequin Boch \u00ab\u00a0Raisins\u00a0\u00bb"},"content":{"rendered":"<p>Ramequin (10,5 cm de diam\u00e8tre) datant sans doute des ann\u00e9es 1950, avec dessins de raisins. Il est en bon \u00e9tat et a \u00e9t\u00e9 produit par la manufacture Boch La Louvi\u00e8re, sans doute dans les ann\u00e9es 1950-60.<\/p>\n<div>R\u00e9f 18.15<\/div>\n","protected":false},"excerpt":{"rendered":"<p>Ramequin (10,5 cm de diam\u00e8tre) datant sans doute des ann\u00e9es 1950, avec dessins de raisins. Il est en bon \u00e9tat et a \u00e9t\u00e9 produit par la manufacture Boch La Louvi\u00e8re, sans doute dans les ann\u00e9es 1950-60. R\u00e9f 18.15<\/p>\n","protected":false},"featured_media":4442,"comment_status":"open","ping_status":"closed","template":"","meta":{"neve_meta_sidebar":"","neve_meta_container":"","neve_meta_enable_content_width":"off","neve_meta_content_width":100,"neve_meta_title_alignment":"","neve_meta_author_avatar":"","neve_post_elements_order":"","neve_meta_disable_header":"","neve_meta_disable_footer":"","neve_meta_disable_title":""},"product_brand":[],"product_cat":[37,175,172,16],"product_tag":[40,20,28],"class_list":{"0":"post-4441","1":"product","2":"type-product","3":"status-publish","4":"has-post-thumbnail","6":"product_cat-belgique","7":"product_cat-boch","8":"product_cat-en-cuisine","9":"product_cat-ceramique","10":"product_tag-belgique","11":"product_tag-boch","12":"product_tag-vintage","14":"first","15":"instock","16":"shipping-taxable","17":"purchasable","18":"product-type-simple"},"_links":{"self":[{"href":"https:\/\/legrenierdelatour.be\/brocante\/wp-json\/wp\/v2\/product\/4441","targetHints":{"allow":["GET"]}}],"collection":[{"href":"https:\/\/legrenierdelatour.be\/brocante\/wp-json\/wp\/v2\/product"}],"about":[{"href":"https:\/\/legrenierdelatour.be\/brocante\/wp-json\/wp\/v2\/types\/product"}],"replies":[{"embeddable":true,"href":"https:\/\/legrenierdelatour.be\/brocante\/wp-json\/wp\/v2\/comments?post=4441"}],"wp:featuredmedia":[{"embeddable":true,"href":"https:\/\/legrenierdelatour.be\/brocante\/wp-json\/wp\/v2\/media\/4442"}],"wp:attachment":[{"href":"https:\/\/legrenierdelatour.be\/brocante\/wp-json\/wp\/v2\/media?parent=4441"}],"wp:term":[{"taxonomy":"product_brand","embeddable":true,"href":"https:\/\/legrenierdelatour.be\/brocante\/wp-json\/wp\/v2\/product_brand?post=4441"},{"taxonomy":"product_cat","embeddable":true,"href":"https:\/\/legrenierdelatour.be\/brocante\/wp-json\/wp\/v2\/product_cat?post=4441"},{"taxonomy":"product_tag","embeddable":true,"href":"https:\/\/legrenierdelatour.be\/brocante\/wp-json\/wp\/v2\/product_tag?post=4441"}],"curies":[{"name":"wp","href":"https:\/\/api.w.org\/{rel}","templated":true}]}}