{"id":4435,"date":"2023-02-26T21:53:36","date_gmt":"2023-02-26T20:53:36","guid":{"rendered":"https:\/\/legrenierdelatour.be\/brocante\/?post_type=product&#038;p=4435"},"modified":"2023-02-26T21:53:36","modified_gmt":"2023-02-26T20:53:36","slug":"plateau-marquete-vintage","status":"publish","type":"product","link":"https:\/\/legrenierdelatour.be\/brocante\/produit\/plateau-marquete-vintage\/","title":{"rendered":"Plateau marquet\u00e9 vintage"},"content":{"rendered":"<p>Beau plateau (32 cm de long) en bois dont la partie sup\u00e9rieure est marquet\u00e9e et recouverte d\u2019un verre de protection. Il est en tr\u00e8s bon \u00e9tat et date sans doute de la premi\u00e8re moiti\u00e9 du XX\u00e8 si\u00e8cle.<\/p>\n<div>R\u00e9f 18.10<\/div>\n","protected":false},"excerpt":{"rendered":"<p>Beau plateau (32 cm de long) en bois dont la partie sup\u00e9rieure est marquet\u00e9e et recouverte d\u2019un verre de protection. Il est en tr\u00e8s bon \u00e9tat et date sans doute de la premi\u00e8re moiti\u00e9 du XX\u00e8 si\u00e8cle. R\u00e9f 18.10<\/p>\n","protected":false},"featured_media":4436,"comment_status":"open","ping_status":"closed","template":"","meta":{"neve_meta_sidebar":"","neve_meta_container":"","neve_meta_enable_content_width":"off","neve_meta_content_width":100,"neve_meta_title_alignment":"","neve_meta_author_avatar":"","neve_post_elements_order":"","neve_meta_disable_header":"","neve_meta_disable_footer":"","neve_meta_disable_title":""},"product_brand":[],"product_cat":[172],"product_tag":[28],"class_list":{"0":"post-4435","1":"product","2":"type-product","3":"status-publish","4":"has-post-thumbnail","6":"product_cat-en-cuisine","7":"product_tag-vintage","9":"first","10":"instock","11":"shipping-taxable","12":"purchasable","13":"product-type-simple"},"_links":{"self":[{"href":"https:\/\/legrenierdelatour.be\/brocante\/wp-json\/wp\/v2\/product\/4435","targetHints":{"allow":["GET"]}}],"collection":[{"href":"https:\/\/legrenierdelatour.be\/brocante\/wp-json\/wp\/v2\/product"}],"about":[{"href":"https:\/\/legrenierdelatour.be\/brocante\/wp-json\/wp\/v2\/types\/product"}],"replies":[{"embeddable":true,"href":"https:\/\/legrenierdelatour.be\/brocante\/wp-json\/wp\/v2\/comments?post=4435"}],"wp:featuredmedia":[{"embeddable":true,"href":"https:\/\/legrenierdelatour.be\/brocante\/wp-json\/wp\/v2\/media\/4436"}],"wp:attachment":[{"href":"https:\/\/legrenierdelatour.be\/brocante\/wp-json\/wp\/v2\/media?parent=4435"}],"wp:term":[{"taxonomy":"product_brand","embeddable":true,"href":"https:\/\/legrenierdelatour.be\/brocante\/wp-json\/wp\/v2\/product_brand?post=4435"},{"taxonomy":"product_cat","embeddable":true,"href":"https:\/\/legrenierdelatour.be\/brocante\/wp-json\/wp\/v2\/product_cat?post=4435"},{"taxonomy":"product_tag","embeddable":true,"href":"https:\/\/legrenierdelatour.be\/brocante\/wp-json\/wp\/v2\/product_tag?post=4435"}],"curies":[{"name":"wp","href":"https:\/\/api.w.org\/{rel}","templated":true}]}}