{"id":441,"date":"2022-02-27T16:21:08","date_gmt":"2022-02-27T15:21:08","guid":{"rendered":"https:\/\/legrenierdelatour.be\/brocante\/?post_type=product&#038;p=441"},"modified":"2022-08-08T09:53:15","modified_gmt":"2022-08-08T07:53:15","slug":"vase-west-germany-484-27-scheurich-2","status":"publish","type":"product","link":"https:\/\/legrenierdelatour.be\/brocante\/produit\/vase-west-germany-484-27-scheurich-2\/","title":{"rendered":"Vase West-Germany 484-27 Scheurich"},"content":{"rendered":"<p>Beau vase West Germany en gr\u00e8s, de la forme \u00ab\u00a0484\u00a0\u00bb et hauteur \u00ab\u00a027\u00a0\u00bb, en tr\u00e8s bon \u00e9tat et produit par Scheurich dans les ann\u00e9es 1970. Le style de lave coulante est typique de la production allemande de ces ann\u00e9es l\u00e0.<\/p>\n<p>R\u00e9f 3.50<\/p>\n","protected":false},"excerpt":{"rendered":"<p>Beau vase West Germany en gr\u00e8s, de la forme \u00ab\u00a0484\u00a0\u00bb et hauteur \u00ab\u00a027\u00a0\u00bb, en tr\u00e8s bon \u00e9tat et produit par Scheurich dans les ann\u00e9es 1970. Le style de lave coulante est typique de la production allemande de ces ann\u00e9es l\u00e0. R\u00e9f 3.50<\/p>\n","protected":false},"featured_media":443,"comment_status":"open","ping_status":"closed","template":"","meta":{"neve_meta_sidebar":"","neve_meta_container":"","neve_meta_enable_content_width":"off","neve_meta_content_width":100,"neve_meta_title_alignment":"","neve_meta_author_avatar":"","neve_post_elements_order":"","neve_meta_disable_header":"","neve_meta_disable_footer":"","neve_meta_disable_title":""},"product_brand":[],"product_cat":[15,48,16,52,47],"product_tag":[19,50,28,49],"class_list":{"0":"post-441","1":"product","2":"type-product","3":"status-publish","4":"has-post-thumbnail","6":"product_cat-non-classe","7":"product_cat-allemagne","8":"product_cat-ceramique","9":"product_cat-scheurig","10":"product_cat-west-germany","11":"product_tag-faience","12":"product_tag-fat-lava","13":"product_tag-vintage","14":"product_tag-west-germany","16":"first","17":"instock","18":"shipping-taxable","19":"purchasable","20":"product-type-simple"},"_links":{"self":[{"href":"https:\/\/legrenierdelatour.be\/brocante\/wp-json\/wp\/v2\/product\/441","targetHints":{"allow":["GET"]}}],"collection":[{"href":"https:\/\/legrenierdelatour.be\/brocante\/wp-json\/wp\/v2\/product"}],"about":[{"href":"https:\/\/legrenierdelatour.be\/brocante\/wp-json\/wp\/v2\/types\/product"}],"replies":[{"embeddable":true,"href":"https:\/\/legrenierdelatour.be\/brocante\/wp-json\/wp\/v2\/comments?post=441"}],"wp:featuredmedia":[{"embeddable":true,"href":"https:\/\/legrenierdelatour.be\/brocante\/wp-json\/wp\/v2\/media\/443"}],"wp:attachment":[{"href":"https:\/\/legrenierdelatour.be\/brocante\/wp-json\/wp\/v2\/media?parent=441"}],"wp:term":[{"taxonomy":"product_brand","embeddable":true,"href":"https:\/\/legrenierdelatour.be\/brocante\/wp-json\/wp\/v2\/product_brand?post=441"},{"taxonomy":"product_cat","embeddable":true,"href":"https:\/\/legrenierdelatour.be\/brocante\/wp-json\/wp\/v2\/product_cat?post=441"},{"taxonomy":"product_tag","embeddable":true,"href":"https:\/\/legrenierdelatour.be\/brocante\/wp-json\/wp\/v2\/product_tag?post=441"}],"curies":[{"name":"wp","href":"https:\/\/api.w.org\/{rel}","templated":true}]}}