{"id":4365,"date":"2023-02-16T19:04:27","date_gmt":"2023-02-16T18:04:27","guid":{"rendered":"https:\/\/legrenierdelatour.be\/brocante\/?post_type=product&#038;p=4365"},"modified":"2023-02-16T19:10:30","modified_gmt":"2023-02-16T18:10:30","slug":"table-basse-tripode-a-plateau-triangle","status":"publish","type":"product","link":"https:\/\/legrenierdelatour.be\/brocante\/produit\/table-basse-tripode-a-plateau-triangle\/","title":{"rendered":"Table basse tripode \u00e0 plateau triangle"},"content":{"rendered":"<p>Belle table basse (60 cm de haut) \u00e0 trois pieds (tripode) avec plateau en formica \u00e0 imitation de mosa\u00efque. Le grand plateau est entour\u00e9 d\u2019une bande dor\u00e9e. Elle est dans un bel \u00e9tat et date sans doute des ann\u00e9es 1960.<\/p>\n<div>R\u00e9f 17.83<\/div>\n","protected":false},"excerpt":{"rendered":"<p>Belle table basse (60 cm de haut) \u00e0 trois pieds (tripode) avec plateau en formica \u00e0 imitation de mosa\u00efque. Le grand plateau est entour\u00e9 d\u2019une bande dor\u00e9e. Elle est dans un bel \u00e9tat et date sans doute des ann\u00e9es 1960. R\u00e9f 17.83<\/p>\n","protected":false},"featured_media":4366,"comment_status":"open","ping_status":"closed","template":"","meta":{"neve_meta_sidebar":"","neve_meta_container":"","neve_meta_enable_content_width":"off","neve_meta_content_width":100,"neve_meta_title_alignment":"","neve_meta_author_avatar":"","neve_post_elements_order":"","neve_meta_disable_header":"","neve_meta_disable_footer":"","neve_meta_disable_title":""},"product_brand":[],"product_cat":[23],"product_tag":[84,28],"class_list":{"0":"post-4365","1":"product","2":"type-product","3":"status-publish","4":"has-post-thumbnail","6":"product_cat-mobilier","7":"product_tag-mobilier","8":"product_tag-vintage","10":"first","11":"instock","12":"shipping-taxable","13":"purchasable","14":"product-type-simple"},"_links":{"self":[{"href":"https:\/\/legrenierdelatour.be\/brocante\/wp-json\/wp\/v2\/product\/4365","targetHints":{"allow":["GET"]}}],"collection":[{"href":"https:\/\/legrenierdelatour.be\/brocante\/wp-json\/wp\/v2\/product"}],"about":[{"href":"https:\/\/legrenierdelatour.be\/brocante\/wp-json\/wp\/v2\/types\/product"}],"replies":[{"embeddable":true,"href":"https:\/\/legrenierdelatour.be\/brocante\/wp-json\/wp\/v2\/comments?post=4365"}],"wp:featuredmedia":[{"embeddable":true,"href":"https:\/\/legrenierdelatour.be\/brocante\/wp-json\/wp\/v2\/media\/4366"}],"wp:attachment":[{"href":"https:\/\/legrenierdelatour.be\/brocante\/wp-json\/wp\/v2\/media?parent=4365"}],"wp:term":[{"taxonomy":"product_brand","embeddable":true,"href":"https:\/\/legrenierdelatour.be\/brocante\/wp-json\/wp\/v2\/product_brand?post=4365"},{"taxonomy":"product_cat","embeddable":true,"href":"https:\/\/legrenierdelatour.be\/brocante\/wp-json\/wp\/v2\/product_cat?post=4365"},{"taxonomy":"product_tag","embeddable":true,"href":"https:\/\/legrenierdelatour.be\/brocante\/wp-json\/wp\/v2\/product_tag?post=4365"}],"curies":[{"name":"wp","href":"https:\/\/api.w.org\/{rel}","templated":true}]}}