{"id":4349,"date":"2023-02-15T17:49:33","date_gmt":"2023-02-15T16:49:33","guid":{"rendered":"https:\/\/legrenierdelatour.be\/brocante\/?post_type=product&#038;p=4349"},"modified":"2023-02-15T17:51:02","modified_gmt":"2023-02-15T16:51:02","slug":"assiettes-rene-weyland-siderurgie","status":"publish","type":"product","link":"https:\/\/legrenierdelatour.be\/brocante\/produit\/assiettes-rene-weyland-siderurgie\/","title":{"rendered":"Assiettes Ren\u00e9 Weyland Sid\u00e9rurgie"},"content":{"rendered":"<p>Assiettes de forme carr\u00e9e (25 cm de c\u00f4t\u00e9) avec des repr\u00e9snetations de sc\u00e8nes de sid\u00e9rurgie. Les dessins sont de Ren\u00e9 Weyland \u00a0(1921-2002), scupteur et peintre luxembourgeois. les trois assiettes, dont une est bord\u00e9e d\u2019or, datent de 1963 et 1965. Elles sont num\u00e9rot\u00e9es 1122\/1en creux et ont un syst\u00e8me d\u2019attache \u00e0 l&rsquo;arri\u00e8re.<\/p>\n<p>Elles sont vendues \u00e0 la pi\u00e8ce au prix de 30\u20ac<\/p>\n<div>R\u00e9f 17.79<\/div>\n","protected":false},"excerpt":{"rendered":"<p>Assiettes de forme carr\u00e9e (25 cm de c\u00f4t\u00e9) avec des repr\u00e9snetations de sc\u00e8nes de sid\u00e9rurgie. Les dessins sont de Ren\u00e9 Weyland \u00a0(1921-2002), scupteur et peintre luxembourgeois. les trois assiettes, dont une est bord\u00e9e d\u2019or, datent de 1963 et 1965. Elles sont num\u00e9rot\u00e9es 1122\/1en creux et ont un syst\u00e8me d\u2019attache \u00e0 l&rsquo;arri\u00e8re. Elles sont vendues \u00e0&hellip;&nbsp;<a href=\"https:\/\/legrenierdelatour.be\/brocante\/produit\/assiettes-rene-weyland-siderurgie\/\" class=\"\" rel=\"bookmark\">Lire la suite &raquo;<span class=\"screen-reader-text\">Assiettes Ren\u00e9 Weyland Sid\u00e9rurgie<\/span><\/a><\/p>\n","protected":false},"featured_media":4350,"comment_status":"open","ping_status":"closed","template":"","meta":{"neve_meta_sidebar":"","neve_meta_container":"","neve_meta_enable_content_width":"off","neve_meta_content_width":100,"neve_meta_title_alignment":"","neve_meta_author_avatar":"","neve_post_elements_order":"","neve_meta_disable_header":"","neve_meta_disable_footer":"","neve_meta_disable_title":""},"product_brand":[],"product_cat":[16,165,30,166,29],"product_tag":[19,83,32],"class_list":{"0":"post-4349","1":"product","2":"type-product","3":"status-publish","4":"has-post-thumbnail","6":"product_cat-ceramique","7":"product_cat-luxembourg","8":"product_cat-luxemburgensia","9":"product_cat-luxemburgensia-luxemburgensia","10":"product_cat-villeroy-boch","11":"product_tag-faience","12":"product_tag-luxemburgensia","13":"product_tag-villeroy-et-boch","15":"first","16":"instock","17":"shipping-taxable","18":"purchasable","19":"product-type-simple"},"_links":{"self":[{"href":"https:\/\/legrenierdelatour.be\/brocante\/wp-json\/wp\/v2\/product\/4349","targetHints":{"allow":["GET"]}}],"collection":[{"href":"https:\/\/legrenierdelatour.be\/brocante\/wp-json\/wp\/v2\/product"}],"about":[{"href":"https:\/\/legrenierdelatour.be\/brocante\/wp-json\/wp\/v2\/types\/product"}],"replies":[{"embeddable":true,"href":"https:\/\/legrenierdelatour.be\/brocante\/wp-json\/wp\/v2\/comments?post=4349"}],"wp:featuredmedia":[{"embeddable":true,"href":"https:\/\/legrenierdelatour.be\/brocante\/wp-json\/wp\/v2\/media\/4350"}],"wp:attachment":[{"href":"https:\/\/legrenierdelatour.be\/brocante\/wp-json\/wp\/v2\/media?parent=4349"}],"wp:term":[{"taxonomy":"product_brand","embeddable":true,"href":"https:\/\/legrenierdelatour.be\/brocante\/wp-json\/wp\/v2\/product_brand?post=4349"},{"taxonomy":"product_cat","embeddable":true,"href":"https:\/\/legrenierdelatour.be\/brocante\/wp-json\/wp\/v2\/product_cat?post=4349"},{"taxonomy":"product_tag","embeddable":true,"href":"https:\/\/legrenierdelatour.be\/brocante\/wp-json\/wp\/v2\/product_tag?post=4349"}],"curies":[{"name":"wp","href":"https:\/\/api.w.org\/{rel}","templated":true}]}}