{"id":4339,"date":"2023-02-15T16:01:52","date_gmt":"2023-02-15T15:01:52","guid":{"rendered":"https:\/\/legrenierdelatour.be\/brocante\/?post_type=product&#038;p=4339"},"modified":"2025-04-04T16:23:40","modified_gmt":"2025-04-04T14:23:40","slug":"vide-poche-melusine-par-lex-weyer-luxembourg-1963","status":"publish","type":"product","link":"https:\/\/legrenierdelatour.be\/brocante\/produit\/vide-poche-melusine-par-lex-weyer-luxembourg-1963\/","title":{"rendered":"Vide-poche M\u00e9lusine par Lex Weyer Luxembourg 1963"},"content":{"rendered":"<p>Vide-poche (11,5 cm de diam\u00e8tre) \u00e9dit\u00e9 pour comm\u00e9morer les 1000 ans de la Ville de Luxembourg. Il est orn\u00e9 d\u2019une s\u00e9rigraphie de repr\u00e9sentant M\u00e9lusine. C\u2019est une cr\u00e9ation de l\u2019artise Lex Weyer (1914-2005) et issu de la manufacture Villeroy et Boch Luxembourg en 1963. Est \u00e9galement dans le Mus\u00e9e d\u2019Histoire et d\u2019Art de Luxembourg.<\/p>\n<div>R\u00e9f 17.75<\/div>\n","protected":false},"excerpt":{"rendered":"<p>Vide-poche (11,5 cm de diam\u00e8tre) \u00e9dit\u00e9 pour comm\u00e9morer les 1000 ans de la Ville de Luxembourg. Il est orn\u00e9 d\u2019une s\u00e9rigraphie de repr\u00e9sentant M\u00e9lusine. C\u2019est une cr\u00e9ation de l\u2019artise Lex Weyer (1914-2005) et issu de la manufacture Villeroy et Boch Luxembourg en 1963. Est \u00e9galement dans le Mus\u00e9e d\u2019Histoire et d\u2019Art de Luxembourg. R\u00e9f 17.75<\/p>\n","protected":false},"featured_media":4340,"comment_status":"open","ping_status":"closed","template":"","meta":{"neve_meta_sidebar":"","neve_meta_container":"","neve_meta_enable_content_width":"off","neve_meta_content_width":100,"neve_meta_title_alignment":"","neve_meta_author_avatar":"","neve_post_elements_order":"","neve_meta_disable_header":"","neve_meta_disable_footer":"","neve_meta_disable_title":""},"product_brand":[],"product_cat":[16,165,30,166,29],"product_tag":[83,32,28],"class_list":{"0":"post-4339","1":"product","2":"type-product","3":"status-publish","4":"has-post-thumbnail","6":"product_cat-ceramique","7":"product_cat-luxembourg","8":"product_cat-luxemburgensia","9":"product_cat-luxemburgensia-luxemburgensia","10":"product_cat-villeroy-boch","11":"product_tag-luxemburgensia","12":"product_tag-villeroy-et-boch","13":"product_tag-vintage","15":"first","16":"instock","17":"shipping-taxable","18":"purchasable","19":"product-type-simple"},"_links":{"self":[{"href":"https:\/\/legrenierdelatour.be\/brocante\/wp-json\/wp\/v2\/product\/4339","targetHints":{"allow":["GET"]}}],"collection":[{"href":"https:\/\/legrenierdelatour.be\/brocante\/wp-json\/wp\/v2\/product"}],"about":[{"href":"https:\/\/legrenierdelatour.be\/brocante\/wp-json\/wp\/v2\/types\/product"}],"replies":[{"embeddable":true,"href":"https:\/\/legrenierdelatour.be\/brocante\/wp-json\/wp\/v2\/comments?post=4339"}],"wp:featuredmedia":[{"embeddable":true,"href":"https:\/\/legrenierdelatour.be\/brocante\/wp-json\/wp\/v2\/media\/4340"}],"wp:attachment":[{"href":"https:\/\/legrenierdelatour.be\/brocante\/wp-json\/wp\/v2\/media?parent=4339"}],"wp:term":[{"taxonomy":"product_brand","embeddable":true,"href":"https:\/\/legrenierdelatour.be\/brocante\/wp-json\/wp\/v2\/product_brand?post=4339"},{"taxonomy":"product_cat","embeddable":true,"href":"https:\/\/legrenierdelatour.be\/brocante\/wp-json\/wp\/v2\/product_cat?post=4339"},{"taxonomy":"product_tag","embeddable":true,"href":"https:\/\/legrenierdelatour.be\/brocante\/wp-json\/wp\/v2\/product_tag?post=4339"}],"curies":[{"name":"wp","href":"https:\/\/api.w.org\/{rel}","templated":true}]}}