{"id":4336,"date":"2023-02-15T15:16:35","date_gmt":"2023-02-15T14:16:35","guid":{"rendered":"https:\/\/legrenierdelatour.be\/brocante\/?post_type=product&#038;p=4336"},"modified":"2023-02-15T15:16:36","modified_gmt":"2023-02-15T14:16:36","slug":"vase-563-11","status":"publish","type":"product","link":"https:\/\/legrenierdelatour.be\/brocante\/produit\/vase-563-11\/","title":{"rendered":"Vase 563\/11"},"content":{"rendered":"<p>Beau vase au verni brillant (11 cm de haut), issu de la manufacture Jasba (1926-1975 fin de la c\u00e9ramique d\u00e9corative). Son beau d\u00e9cor fin \u00e0 l\u2019or, peint main, atteste d\u2019une datation des ann\u00e9es 1950. Il porte le num\u00e9ro de forme 563\/11.<\/p>\n<div>R\u00e9f 17.73<\/div>\n","protected":false},"excerpt":{"rendered":"<p>Beau vase au verni brillant (11 cm de haut), issu de la manufacture Jasba (1926-1975 fin de la c\u00e9ramique d\u00e9corative). Son beau d\u00e9cor fin \u00e0 l\u2019or, peint main, atteste d\u2019une datation des ann\u00e9es 1950. Il porte le num\u00e9ro de forme 563\/11. R\u00e9f 17.73<\/p>\n","protected":false},"featured_media":4337,"comment_status":"open","ping_status":"closed","template":"","meta":{"neve_meta_sidebar":"","neve_meta_container":"","neve_meta_enable_content_width":"off","neve_meta_content_width":100,"neve_meta_title_alignment":"","neve_meta_author_avatar":"","neve_post_elements_order":"","neve_meta_disable_header":"","neve_meta_disable_footer":"","neve_meta_disable_title":""},"product_brand":[],"product_cat":[48,16,47],"product_tag":[49],"class_list":{"0":"post-4336","1":"product","2":"type-product","3":"status-publish","4":"has-post-thumbnail","6":"product_cat-allemagne","7":"product_cat-ceramique","8":"product_cat-west-germany","9":"product_tag-west-germany","11":"first","12":"instock","13":"shipping-taxable","14":"purchasable","15":"product-type-simple"},"_links":{"self":[{"href":"https:\/\/legrenierdelatour.be\/brocante\/wp-json\/wp\/v2\/product\/4336","targetHints":{"allow":["GET"]}}],"collection":[{"href":"https:\/\/legrenierdelatour.be\/brocante\/wp-json\/wp\/v2\/product"}],"about":[{"href":"https:\/\/legrenierdelatour.be\/brocante\/wp-json\/wp\/v2\/types\/product"}],"replies":[{"embeddable":true,"href":"https:\/\/legrenierdelatour.be\/brocante\/wp-json\/wp\/v2\/comments?post=4336"}],"wp:featuredmedia":[{"embeddable":true,"href":"https:\/\/legrenierdelatour.be\/brocante\/wp-json\/wp\/v2\/media\/4337"}],"wp:attachment":[{"href":"https:\/\/legrenierdelatour.be\/brocante\/wp-json\/wp\/v2\/media?parent=4336"}],"wp:term":[{"taxonomy":"product_brand","embeddable":true,"href":"https:\/\/legrenierdelatour.be\/brocante\/wp-json\/wp\/v2\/product_brand?post=4336"},{"taxonomy":"product_cat","embeddable":true,"href":"https:\/\/legrenierdelatour.be\/brocante\/wp-json\/wp\/v2\/product_cat?post=4336"},{"taxonomy":"product_tag","embeddable":true,"href":"https:\/\/legrenierdelatour.be\/brocante\/wp-json\/wp\/v2\/product_tag?post=4336"}],"curies":[{"name":"wp","href":"https:\/\/api.w.org\/{rel}","templated":true}]}}