{"id":4330,"date":"2023-02-15T14:57:05","date_gmt":"2023-02-15T13:57:05","guid":{"rendered":"https:\/\/legrenierdelatour.be\/brocante\/?post_type=product&#038;p=4330"},"modified":"2023-02-15T14:57:06","modified_gmt":"2023-02-15T13:57:06","slug":"petit-vase-a-anse-thulin","status":"publish","type":"product","link":"https:\/\/legrenierdelatour.be\/brocante\/produit\/petit-vase-a-anse-thulin\/","title":{"rendered":"Petit vase \u00e0 anse, Thulin"},"content":{"rendered":"<p>Petit vase \u00e0 anse (8 cm de haut) issu de lamanufacture de Thulin (1887-1973), comme l\u2019atteste l\u2019\u00e9tiquette F.T. Il n\u2019a pas de marque ou num\u00e9ro dessous et date sans doute des ann\u00e9es 1950. Il est en parfait \u00e9tat.<\/p>\n<div>R\u00e9f 17.71<\/div>\n","protected":false},"excerpt":{"rendered":"<p>Petit vase \u00e0 anse (8 cm de haut) issu de lamanufacture de Thulin (1887-1973), comme l\u2019atteste l\u2019\u00e9tiquette F.T. Il n\u2019a pas de marque ou num\u00e9ro dessous et date sans doute des ann\u00e9es 1950. Il est en parfait \u00e9tat. R\u00e9f 17.71<\/p>\n","protected":false},"featured_media":4331,"comment_status":"open","ping_status":"closed","template":"","meta":{"neve_meta_sidebar":"","neve_meta_container":"","neve_meta_enable_content_width":"off","neve_meta_content_width":100,"neve_meta_title_alignment":"","neve_meta_author_avatar":"","neve_post_elements_order":"","neve_meta_disable_header":"","neve_meta_disable_footer":"","neve_meta_disable_title":""},"product_brand":[],"product_cat":[37,16,177],"product_tag":[40,46,28],"class_list":{"0":"post-4330","1":"product","2":"type-product","3":"status-publish","4":"has-post-thumbnail","6":"product_cat-belgique","7":"product_cat-ceramique","8":"product_cat-thulin","9":"product_tag-belgique","10":"product_tag-thulin","11":"product_tag-vintage","13":"first","14":"instock","15":"shipping-taxable","16":"purchasable","17":"product-type-simple"},"_links":{"self":[{"href":"https:\/\/legrenierdelatour.be\/brocante\/wp-json\/wp\/v2\/product\/4330","targetHints":{"allow":["GET"]}}],"collection":[{"href":"https:\/\/legrenierdelatour.be\/brocante\/wp-json\/wp\/v2\/product"}],"about":[{"href":"https:\/\/legrenierdelatour.be\/brocante\/wp-json\/wp\/v2\/types\/product"}],"replies":[{"embeddable":true,"href":"https:\/\/legrenierdelatour.be\/brocante\/wp-json\/wp\/v2\/comments?post=4330"}],"wp:featuredmedia":[{"embeddable":true,"href":"https:\/\/legrenierdelatour.be\/brocante\/wp-json\/wp\/v2\/media\/4331"}],"wp:attachment":[{"href":"https:\/\/legrenierdelatour.be\/brocante\/wp-json\/wp\/v2\/media?parent=4330"}],"wp:term":[{"taxonomy":"product_brand","embeddable":true,"href":"https:\/\/legrenierdelatour.be\/brocante\/wp-json\/wp\/v2\/product_brand?post=4330"},{"taxonomy":"product_cat","embeddable":true,"href":"https:\/\/legrenierdelatour.be\/brocante\/wp-json\/wp\/v2\/product_cat?post=4330"},{"taxonomy":"product_tag","embeddable":true,"href":"https:\/\/legrenierdelatour.be\/brocante\/wp-json\/wp\/v2\/product_tag?post=4330"}],"curies":[{"name":"wp","href":"https:\/\/api.w.org\/{rel}","templated":true}]}}