{"id":4324,"date":"2023-02-15T14:33:33","date_gmt":"2023-02-15T13:33:33","guid":{"rendered":"https:\/\/legrenierdelatour.be\/brocante\/?post_type=product&#038;p=4324"},"modified":"2023-02-15T14:33:34","modified_gmt":"2023-02-15T13:33:34","slug":"sous-bocks-bofferding","status":"publish","type":"product","link":"https:\/\/legrenierdelatour.be\/brocante\/produit\/sous-bocks-bofferding\/","title":{"rendered":"Sous-bocks Bofferding"},"content":{"rendered":"<p>Couvre-casier Bofferding avec 6 sous- bocks d\u00e9tachables repr\u00e9sentant des lieux touristiques \u00e0 visiter au Luxembour, \u00e9dit\u00e9s par l\u2019Office National du Tourisme du Grand-Duch\u00e9 de Luxembourg.<\/p>\n<div>R\u00e9f 17.69<\/div>\n","protected":false},"excerpt":{"rendered":"<p>Couvre-casier Bofferding avec 6 sous- bocks d\u00e9tachables repr\u00e9sentant des lieux touristiques \u00e0 visiter au Luxembour, \u00e9dit\u00e9s par l\u2019Office National du Tourisme du Grand-Duch\u00e9 de Luxembourg. R\u00e9f 17.69<\/p>\n","protected":false},"featured_media":4325,"comment_status":"open","ping_status":"closed","template":"","meta":{"neve_meta_sidebar":"","neve_meta_container":"","neve_meta_enable_content_width":"off","neve_meta_content_width":100,"neve_meta_title_alignment":"","neve_meta_author_avatar":"","neve_post_elements_order":"","neve_meta_disable_header":"","neve_meta_disable_footer":"","neve_meta_disable_title":""},"product_brand":[],"product_cat":[161,30,166],"product_tag":[83,68],"class_list":{"0":"post-4324","1":"product","2":"type-product","3":"status-publish","4":"has-post-thumbnail","6":"product_cat-les-collections","7":"product_cat-luxemburgensia","8":"product_cat-luxemburgensia-luxemburgensia","9":"product_tag-luxemburgensia","10":"product_tag-publicite","12":"first","13":"instock","14":"shipping-taxable","15":"purchasable","16":"product-type-simple"},"_links":{"self":[{"href":"https:\/\/legrenierdelatour.be\/brocante\/wp-json\/wp\/v2\/product\/4324","targetHints":{"allow":["GET"]}}],"collection":[{"href":"https:\/\/legrenierdelatour.be\/brocante\/wp-json\/wp\/v2\/product"}],"about":[{"href":"https:\/\/legrenierdelatour.be\/brocante\/wp-json\/wp\/v2\/types\/product"}],"replies":[{"embeddable":true,"href":"https:\/\/legrenierdelatour.be\/brocante\/wp-json\/wp\/v2\/comments?post=4324"}],"wp:featuredmedia":[{"embeddable":true,"href":"https:\/\/legrenierdelatour.be\/brocante\/wp-json\/wp\/v2\/media\/4325"}],"wp:attachment":[{"href":"https:\/\/legrenierdelatour.be\/brocante\/wp-json\/wp\/v2\/media?parent=4324"}],"wp:term":[{"taxonomy":"product_brand","embeddable":true,"href":"https:\/\/legrenierdelatour.be\/brocante\/wp-json\/wp\/v2\/product_brand?post=4324"},{"taxonomy":"product_cat","embeddable":true,"href":"https:\/\/legrenierdelatour.be\/brocante\/wp-json\/wp\/v2\/product_cat?post=4324"},{"taxonomy":"product_tag","embeddable":true,"href":"https:\/\/legrenierdelatour.be\/brocante\/wp-json\/wp\/v2\/product_tag?post=4324"}],"curies":[{"name":"wp","href":"https:\/\/api.w.org\/{rel}","templated":true}]}}