{"id":4296,"date":"2023-02-15T10:18:49","date_gmt":"2023-02-15T09:18:49","guid":{"rendered":"https:\/\/legrenierdelatour.be\/brocante\/?post_type=product&#038;p=4296"},"modified":"2023-02-15T10:18:49","modified_gmt":"2023-02-15T09:18:49","slug":"vase-strehla-1427","status":"publish","type":"product","link":"https:\/\/legrenierdelatour.be\/brocante\/produit\/vase-strehla-1427\/","title":{"rendered":"Vase Strehla 1427"},"content":{"rendered":"<p>Beau vase (19 cm de haut) issu de la manufacture Strehla (1828-1989) en Allemagne de l\u2019Est. Le num\u00e9ro de forme est le 1427. Ce vase avec son d\u00e9cor en Fat Lava est en excellent \u00e9tat et \u00a0date sans doute des ann\u00e9es 1960-70.<\/p>\n<div>R\u00e9f 17.58<\/div>\n","protected":false},"excerpt":{"rendered":"<p>Beau vase (19 cm de haut) issu de la manufacture Strehla (1828-1989) en Allemagne de l\u2019Est. Le num\u00e9ro de forme est le 1427. Ce vase avec son d\u00e9cor en Fat Lava est en excellent \u00e9tat et \u00a0date sans doute des ann\u00e9es 1960-70. R\u00e9f 17.58<\/p>\n","protected":false},"featured_media":4297,"comment_status":"open","ping_status":"closed","template":"","meta":{"neve_meta_sidebar":"","neve_meta_container":"","neve_meta_enable_content_width":"off","neve_meta_content_width":100,"neve_meta_title_alignment":"","neve_meta_author_avatar":"","neve_post_elements_order":"","neve_meta_disable_header":"","neve_meta_disable_footer":"","neve_meta_disable_title":""},"product_brand":[],"product_cat":[48,170,16,47],"product_tag":[28,49],"class_list":{"0":"post-4296","1":"product","2":"type-product","3":"status-publish","4":"has-post-thumbnail","6":"product_cat-allemagne","7":"product_cat-autres-producteurs","8":"product_cat-ceramique","9":"product_cat-west-germany","10":"product_tag-vintage","11":"product_tag-west-germany","13":"first","14":"instock","15":"shipping-taxable","16":"purchasable","17":"product-type-simple"},"_links":{"self":[{"href":"https:\/\/legrenierdelatour.be\/brocante\/wp-json\/wp\/v2\/product\/4296","targetHints":{"allow":["GET"]}}],"collection":[{"href":"https:\/\/legrenierdelatour.be\/brocante\/wp-json\/wp\/v2\/product"}],"about":[{"href":"https:\/\/legrenierdelatour.be\/brocante\/wp-json\/wp\/v2\/types\/product"}],"replies":[{"embeddable":true,"href":"https:\/\/legrenierdelatour.be\/brocante\/wp-json\/wp\/v2\/comments?post=4296"}],"wp:featuredmedia":[{"embeddable":true,"href":"https:\/\/legrenierdelatour.be\/brocante\/wp-json\/wp\/v2\/media\/4297"}],"wp:attachment":[{"href":"https:\/\/legrenierdelatour.be\/brocante\/wp-json\/wp\/v2\/media?parent=4296"}],"wp:term":[{"taxonomy":"product_brand","embeddable":true,"href":"https:\/\/legrenierdelatour.be\/brocante\/wp-json\/wp\/v2\/product_brand?post=4296"},{"taxonomy":"product_cat","embeddable":true,"href":"https:\/\/legrenierdelatour.be\/brocante\/wp-json\/wp\/v2\/product_cat?post=4296"},{"taxonomy":"product_tag","embeddable":true,"href":"https:\/\/legrenierdelatour.be\/brocante\/wp-json\/wp\/v2\/product_tag?post=4296"}],"curies":[{"name":"wp","href":"https:\/\/api.w.org\/{rel}","templated":true}]}}