{"id":4279,"date":"2023-02-12T20:14:01","date_gmt":"2023-02-12T19:14:01","guid":{"rendered":"https:\/\/legrenierdelatour.be\/brocante\/?post_type=product&#038;p=4279"},"modified":"2023-02-12T20:14:01","modified_gmt":"2023-02-12T19:14:01","slug":"vase-523-18-scheurich","status":"publish","type":"product","link":"https:\/\/legrenierdelatour.be\/brocante\/produit\/vase-523-18-scheurich\/","title":{"rendered":"Vase 523-18 Scheurich"},"content":{"rendered":"<p>Vase (18 cm de haut) issu de la manufacture Scheurich (depuis 1954), il porte le num\u00e9ro de forme 523-18 et est en parfait \u00e9tat. D\u2019apr\u00e8s son d\u00e9cor tr\u00e8s sobre et son \u00e9tiquette, il date des ann\u00e9es 1980.<\/p>\n<div>R\u00e9f 17.48<\/div>\n","protected":false},"excerpt":{"rendered":"<p>Vase (18 cm de haut) issu de la manufacture Scheurich (depuis 1954), il porte le num\u00e9ro de forme 523-18 et est en parfait \u00e9tat. D\u2019apr\u00e8s son d\u00e9cor tr\u00e8s sobre et son \u00e9tiquette, il date des ann\u00e9es 1980. R\u00e9f 17.48<\/p>\n","protected":false},"featured_media":4272,"comment_status":"open","ping_status":"closed","template":"","meta":{"neve_meta_sidebar":"","neve_meta_container":"","neve_meta_enable_content_width":"off","neve_meta_content_width":100,"neve_meta_title_alignment":"","neve_meta_author_avatar":"","neve_post_elements_order":"","neve_meta_disable_header":"","neve_meta_disable_footer":"","neve_meta_disable_title":""},"product_brand":[],"product_cat":[48,16,52,47],"product_tag":[113,54,49],"class_list":{"0":"post-4279","1":"product","2":"type-product","3":"status-publish","4":"has-post-thumbnail","6":"product_cat-allemagne","7":"product_cat-ceramique","8":"product_cat-scheurig","9":"product_cat-west-germany","10":"product_tag-gres","11":"product_tag-scheurich","12":"product_tag-west-germany","14":"first","15":"instock","16":"shipping-taxable","17":"purchasable","18":"product-type-simple"},"_links":{"self":[{"href":"https:\/\/legrenierdelatour.be\/brocante\/wp-json\/wp\/v2\/product\/4279","targetHints":{"allow":["GET"]}}],"collection":[{"href":"https:\/\/legrenierdelatour.be\/brocante\/wp-json\/wp\/v2\/product"}],"about":[{"href":"https:\/\/legrenierdelatour.be\/brocante\/wp-json\/wp\/v2\/types\/product"}],"replies":[{"embeddable":true,"href":"https:\/\/legrenierdelatour.be\/brocante\/wp-json\/wp\/v2\/comments?post=4279"}],"wp:featuredmedia":[{"embeddable":true,"href":"https:\/\/legrenierdelatour.be\/brocante\/wp-json\/wp\/v2\/media\/4272"}],"wp:attachment":[{"href":"https:\/\/legrenierdelatour.be\/brocante\/wp-json\/wp\/v2\/media?parent=4279"}],"wp:term":[{"taxonomy":"product_brand","embeddable":true,"href":"https:\/\/legrenierdelatour.be\/brocante\/wp-json\/wp\/v2\/product_brand?post=4279"},{"taxonomy":"product_cat","embeddable":true,"href":"https:\/\/legrenierdelatour.be\/brocante\/wp-json\/wp\/v2\/product_cat?post=4279"},{"taxonomy":"product_tag","embeddable":true,"href":"https:\/\/legrenierdelatour.be\/brocante\/wp-json\/wp\/v2\/product_tag?post=4279"}],"curies":[{"name":"wp","href":"https:\/\/api.w.org\/{rel}","templated":true}]}}