{"id":4254,"date":"2023-02-12T15:31:31","date_gmt":"2023-02-12T14:31:31","guid":{"rendered":"https:\/\/legrenierdelatour.be\/brocante\/?post_type=product&#038;p=4254"},"modified":"2023-07-03T18:11:10","modified_gmt":"2023-07-03T16:11:10","slug":"assiettes-villeroy-boch-fleurs-stylisees","status":"publish","type":"product","link":"https:\/\/legrenierdelatour.be\/brocante\/produit\/assiettes-villeroy-boch-fleurs-stylisees\/","title":{"rendered":"Assiettes Villeroy &#038; Boch, Fleurs stylis\u00e9es"},"content":{"rendered":"<p>6 assiettes \u00e0 soupe (22,5 cm de diam\u00e8tre) d\u00e9cor\u00e9es de fleurs stylis\u00e9es, produites par Villeroy &amp; Boch Septfontaines, sans doute dans les ann\u00e9es 1960-70.<\/p>\n<div>Elles sont vendues \u00e0 la pi\u00e8ce au prix de 4\u20ac pi\u00e8ce.<\/div>\n<div>R\u00e9f 17.42<\/div>\n","protected":false},"excerpt":{"rendered":"<p>6 assiettes \u00e0 soupe (22,5 cm de diam\u00e8tre) d\u00e9cor\u00e9es de fleurs stylis\u00e9es, produites par Villeroy &amp; Boch Septfontaines, sans doute dans les ann\u00e9es 1960-70. Elles sont vendues \u00e0 la pi\u00e8ce au prix de 4\u20ac pi\u00e8ce. R\u00e9f 17.42<\/p>\n","protected":false},"featured_media":4255,"comment_status":"open","ping_status":"closed","template":"","meta":{"neve_meta_sidebar":"","neve_meta_container":"","neve_meta_enable_content_width":"off","neve_meta_content_width":100,"neve_meta_title_alignment":"","neve_meta_author_avatar":"","neve_post_elements_order":"","neve_meta_disable_header":"","neve_meta_disable_footer":"","neve_meta_disable_title":""},"product_brand":[],"product_cat":[172,16,165,29],"product_tag":[19,32,28],"class_list":{"0":"post-4254","1":"product","2":"type-product","3":"status-publish","4":"has-post-thumbnail","6":"product_cat-en-cuisine","7":"product_cat-ceramique","8":"product_cat-luxembourg","9":"product_cat-villeroy-boch","10":"product_tag-faience","11":"product_tag-villeroy-et-boch","12":"product_tag-vintage","14":"first","15":"instock","16":"shipping-taxable","17":"purchasable","18":"product-type-simple"},"_links":{"self":[{"href":"https:\/\/legrenierdelatour.be\/brocante\/wp-json\/wp\/v2\/product\/4254","targetHints":{"allow":["GET"]}}],"collection":[{"href":"https:\/\/legrenierdelatour.be\/brocante\/wp-json\/wp\/v2\/product"}],"about":[{"href":"https:\/\/legrenierdelatour.be\/brocante\/wp-json\/wp\/v2\/types\/product"}],"replies":[{"embeddable":true,"href":"https:\/\/legrenierdelatour.be\/brocante\/wp-json\/wp\/v2\/comments?post=4254"}],"wp:featuredmedia":[{"embeddable":true,"href":"https:\/\/legrenierdelatour.be\/brocante\/wp-json\/wp\/v2\/media\/4255"}],"wp:attachment":[{"href":"https:\/\/legrenierdelatour.be\/brocante\/wp-json\/wp\/v2\/media?parent=4254"}],"wp:term":[{"taxonomy":"product_brand","embeddable":true,"href":"https:\/\/legrenierdelatour.be\/brocante\/wp-json\/wp\/v2\/product_brand?post=4254"},{"taxonomy":"product_cat","embeddable":true,"href":"https:\/\/legrenierdelatour.be\/brocante\/wp-json\/wp\/v2\/product_cat?post=4254"},{"taxonomy":"product_tag","embeddable":true,"href":"https:\/\/legrenierdelatour.be\/brocante\/wp-json\/wp\/v2\/product_tag?post=4254"}],"curies":[{"name":"wp","href":"https:\/\/api.w.org\/{rel}","templated":true}]}}