{"id":4245,"date":"2023-02-11T20:28:04","date_gmt":"2023-02-11T19:28:04","guid":{"rendered":"https:\/\/legrenierdelatour.be\/brocante\/?post_type=product&#038;p=4245"},"modified":"2023-02-11T20:28:04","modified_gmt":"2023-02-11T19:28:04","slug":"vase-piesche-et-reif","status":"publish","type":"product","link":"https:\/\/legrenierdelatour.be\/brocante\/produit\/vase-piesche-et-reif\/","title":{"rendered":"Vase Piesche et Reif"},"content":{"rendered":"<p>Beau vase (20 cm de haut) portant un bel \u00e9mail mat, d\u00e9cor\u00e9 de gravures g\u00e9om\u00e9triques, et datant des ann\u00e9es 1950-60, une production Piesche &amp; Reif. Ce vase est issu de la manufacture VEB Lausitzer Keramik, en Allemagne de l\u2019Est et est en parfait \u00e9tat. Cette manufacture construite en 1912 \u00e0 K\u00f6nigsbr\u00fcck en Allemagne de l\u2019ets porta le nom de \u00ab\u00a0Tonwarenfabrik Heinrich &amp; Klemm\u00a0\u00bb. En 1930, elle s\u2019appela \u00ab\u00a0Keramische Werke Ufer &amp; Co\u00a0\u00bb, avec comme propri\u00e9taire Alfred Dietze jusqu\u2019en 1970. Appel\u00e9 ee en 1970 \u00ab Keramische Werke K\u00f6nigsbr\u00fcck\u00a0\u00bb, elle passa aux mains de Otto Piesche \u00ab \u00a0ans plus tard, et son fils Florian Piesche 1984. C\u2019est la p\u00e9riode de la \u00ab\u00a0Lausitzer Keramik\u00a0\u00bb appel\u00e9e plus tard et jusqu\u2019en 1989 \u00ab\u00a0VEB Lausitzer Keramik\u00a0\u00bb. Sous le vase 25, 1\/38 et la signature de l\u2019artiste.<\/p>\n<div>R\u00e9f 17.39<\/div>\n","protected":false},"excerpt":{"rendered":"<p>Beau vase (20 cm de haut) portant un bel \u00e9mail mat, d\u00e9cor\u00e9 de gravures g\u00e9om\u00e9triques, et datant des ann\u00e9es 1950-60, une production Piesche &amp; Reif. Ce vase est issu de la manufacture VEB Lausitzer Keramik, en Allemagne de l\u2019Est et est en parfait \u00e9tat. Cette manufacture construite en 1912 \u00e0 K\u00f6nigsbr\u00fcck en Allemagne de l\u2019ets&hellip;&nbsp;<a href=\"https:\/\/legrenierdelatour.be\/brocante\/produit\/vase-piesche-et-reif\/\" class=\"\" rel=\"bookmark\">Lire la suite &raquo;<span class=\"screen-reader-text\">Vase Piesche et Reif<\/span><\/a><\/p>\n","protected":false},"featured_media":4214,"comment_status":"open","ping_status":"closed","template":"","meta":{"neve_meta_sidebar":"","neve_meta_container":"","neve_meta_enable_content_width":"off","neve_meta_content_width":100,"neve_meta_title_alignment":"","neve_meta_author_avatar":"","neve_post_elements_order":"","neve_meta_disable_header":"","neve_meta_disable_footer":"","neve_meta_disable_title":""},"product_brand":[],"product_cat":[48,16,47],"product_tag":[19,28,49],"class_list":{"0":"post-4245","1":"product","2":"type-product","3":"status-publish","4":"has-post-thumbnail","6":"product_cat-allemagne","7":"product_cat-ceramique","8":"product_cat-west-germany","9":"product_tag-faience","10":"product_tag-vintage","11":"product_tag-west-germany","13":"first","14":"instock","15":"shipping-taxable","16":"purchasable","17":"product-type-simple"},"_links":{"self":[{"href":"https:\/\/legrenierdelatour.be\/brocante\/wp-json\/wp\/v2\/product\/4245","targetHints":{"allow":["GET"]}}],"collection":[{"href":"https:\/\/legrenierdelatour.be\/brocante\/wp-json\/wp\/v2\/product"}],"about":[{"href":"https:\/\/legrenierdelatour.be\/brocante\/wp-json\/wp\/v2\/types\/product"}],"replies":[{"embeddable":true,"href":"https:\/\/legrenierdelatour.be\/brocante\/wp-json\/wp\/v2\/comments?post=4245"}],"wp:featuredmedia":[{"embeddable":true,"href":"https:\/\/legrenierdelatour.be\/brocante\/wp-json\/wp\/v2\/media\/4214"}],"wp:attachment":[{"href":"https:\/\/legrenierdelatour.be\/brocante\/wp-json\/wp\/v2\/media?parent=4245"}],"wp:term":[{"taxonomy":"product_brand","embeddable":true,"href":"https:\/\/legrenierdelatour.be\/brocante\/wp-json\/wp\/v2\/product_brand?post=4245"},{"taxonomy":"product_cat","embeddable":true,"href":"https:\/\/legrenierdelatour.be\/brocante\/wp-json\/wp\/v2\/product_cat?post=4245"},{"taxonomy":"product_tag","embeddable":true,"href":"https:\/\/legrenierdelatour.be\/brocante\/wp-json\/wp\/v2\/product_tag?post=4245"}],"curies":[{"name":"wp","href":"https:\/\/api.w.org\/{rel}","templated":true}]}}