{"id":4182,"date":"2023-02-10T21:30:10","date_gmt":"2023-02-10T20:30:10","guid":{"rendered":"https:\/\/legrenierdelatour.be\/brocante\/?post_type=product&#038;p=4182"},"modified":"2023-02-10T21:30:10","modified_gmt":"2023-02-10T20:30:10","slug":"vase-scheurich-532-28-2","status":"publish","type":"product","link":"https:\/\/legrenierdelatour.be\/brocante\/produit\/vase-scheurich-532-28-2\/","title":{"rendered":"Vase Scheurich 532 28"},"content":{"rendered":"<p>Beau vase (28 cm de haut) produit par la manufacture Scheurich (depuis 1954). Avec son d\u00e9cor mat, il est tout \u00e0 fait dans le go\u00fbt des ann\u00e9es 1960. Il a \u00e9t\u00e9t produit dans les ann\u00e9es 1962-1968, d\u2019apr\u00e8s l\u2019\u00e9tiquette appliqu\u00e9e. Il est dans un \u00e9tat impeccable.<\/p>\n<div>R\u00e9f 17.19<\/div>\n","protected":false},"excerpt":{"rendered":"<p>Beau vase (28 cm de haut) produit par la manufacture Scheurich (depuis 1954). Avec son d\u00e9cor mat, il est tout \u00e0 fait dans le go\u00fbt des ann\u00e9es 1960. Il a \u00e9t\u00e9t produit dans les ann\u00e9es 1962-1968, d\u2019apr\u00e8s l\u2019\u00e9tiquette appliqu\u00e9e. Il est dans un \u00e9tat impeccable. R\u00e9f 17.19<\/p>\n","protected":false},"featured_media":4134,"comment_status":"open","ping_status":"closed","template":"","meta":{"neve_meta_sidebar":"","neve_meta_container":"","neve_meta_enable_content_width":"off","neve_meta_content_width":100,"neve_meta_title_alignment":"","neve_meta_author_avatar":"","neve_post_elements_order":"","neve_meta_disable_header":"","neve_meta_disable_footer":"","neve_meta_disable_title":""},"product_brand":[],"product_cat":[48,16,52,47],"product_tag":[113,54,28,49],"class_list":{"0":"post-4182","1":"product","2":"type-product","3":"status-publish","4":"has-post-thumbnail","6":"product_cat-allemagne","7":"product_cat-ceramique","8":"product_cat-scheurig","9":"product_cat-west-germany","10":"product_tag-gres","11":"product_tag-scheurich","12":"product_tag-vintage","13":"product_tag-west-germany","15":"first","16":"instock","17":"shipping-taxable","18":"purchasable","19":"product-type-simple"},"_links":{"self":[{"href":"https:\/\/legrenierdelatour.be\/brocante\/wp-json\/wp\/v2\/product\/4182","targetHints":{"allow":["GET"]}}],"collection":[{"href":"https:\/\/legrenierdelatour.be\/brocante\/wp-json\/wp\/v2\/product"}],"about":[{"href":"https:\/\/legrenierdelatour.be\/brocante\/wp-json\/wp\/v2\/types\/product"}],"replies":[{"embeddable":true,"href":"https:\/\/legrenierdelatour.be\/brocante\/wp-json\/wp\/v2\/comments?post=4182"}],"wp:featuredmedia":[{"embeddable":true,"href":"https:\/\/legrenierdelatour.be\/brocante\/wp-json\/wp\/v2\/media\/4134"}],"wp:attachment":[{"href":"https:\/\/legrenierdelatour.be\/brocante\/wp-json\/wp\/v2\/media?parent=4182"}],"wp:term":[{"taxonomy":"product_brand","embeddable":true,"href":"https:\/\/legrenierdelatour.be\/brocante\/wp-json\/wp\/v2\/product_brand?post=4182"},{"taxonomy":"product_cat","embeddable":true,"href":"https:\/\/legrenierdelatour.be\/brocante\/wp-json\/wp\/v2\/product_cat?post=4182"},{"taxonomy":"product_tag","embeddable":true,"href":"https:\/\/legrenierdelatour.be\/brocante\/wp-json\/wp\/v2\/product_tag?post=4182"}],"curies":[{"name":"wp","href":"https:\/\/api.w.org\/{rel}","templated":true}]}}