{"id":4173,"date":"2023-02-10T18:06:04","date_gmt":"2023-02-10T17:06:04","guid":{"rendered":"https:\/\/legrenierdelatour.be\/brocante\/?post_type=product&#038;p=4173"},"modified":"2023-02-10T18:06:04","modified_gmt":"2023-02-10T17:06:04","slug":"vase-scheurich-213-20","status":"publish","type":"product","link":"https:\/\/legrenierdelatour.be\/brocante\/produit\/vase-scheurich-213-20\/","title":{"rendered":"Vase Scheurich 213-20"},"content":{"rendered":"<p>Beau vase (20 cm de haut), issu de la maufacture Scheurich (depuis 1954) sans doute dans les ann\u00e9es 1970. Il porte le num\u00e9ro de forme 213-20, un joli d\u00e9cor en relief g\u00e9om\u00e9trique et est en parfait \u00e9tat.<\/p>\n<div>R\u00e9f 17.11<\/div>\n","protected":false},"excerpt":{"rendered":"<p>Beau vase (20 cm de haut), issu de la maufacture Scheurich (depuis 1954) sans doute dans les ann\u00e9es 1970. Il porte le num\u00e9ro de forme 213-20, un joli d\u00e9cor en relief g\u00e9om\u00e9trique et est en parfait \u00e9tat. R\u00e9f 17.11<\/p>\n","protected":false},"featured_media":4157,"comment_status":"open","ping_status":"closed","template":"","meta":{"neve_meta_sidebar":"","neve_meta_container":"","neve_meta_enable_content_width":"off","neve_meta_content_width":100,"neve_meta_title_alignment":"","neve_meta_author_avatar":"","neve_post_elements_order":"","neve_meta_disable_header":"","neve_meta_disable_footer":"","neve_meta_disable_title":""},"product_brand":[],"product_cat":[48,16,52,47],"product_tag":[19,54,28,49],"class_list":{"0":"post-4173","1":"product","2":"type-product","3":"status-publish","4":"has-post-thumbnail","6":"product_cat-allemagne","7":"product_cat-ceramique","8":"product_cat-scheurig","9":"product_cat-west-germany","10":"product_tag-faience","11":"product_tag-scheurich","12":"product_tag-vintage","13":"product_tag-west-germany","15":"first","16":"instock","17":"shipping-taxable","18":"purchasable","19":"product-type-simple"},"_links":{"self":[{"href":"https:\/\/legrenierdelatour.be\/brocante\/wp-json\/wp\/v2\/product\/4173","targetHints":{"allow":["GET"]}}],"collection":[{"href":"https:\/\/legrenierdelatour.be\/brocante\/wp-json\/wp\/v2\/product"}],"about":[{"href":"https:\/\/legrenierdelatour.be\/brocante\/wp-json\/wp\/v2\/types\/product"}],"replies":[{"embeddable":true,"href":"https:\/\/legrenierdelatour.be\/brocante\/wp-json\/wp\/v2\/comments?post=4173"}],"wp:featuredmedia":[{"embeddable":true,"href":"https:\/\/legrenierdelatour.be\/brocante\/wp-json\/wp\/v2\/media\/4157"}],"wp:attachment":[{"href":"https:\/\/legrenierdelatour.be\/brocante\/wp-json\/wp\/v2\/media?parent=4173"}],"wp:term":[{"taxonomy":"product_brand","embeddable":true,"href":"https:\/\/legrenierdelatour.be\/brocante\/wp-json\/wp\/v2\/product_brand?post=4173"},{"taxonomy":"product_cat","embeddable":true,"href":"https:\/\/legrenierdelatour.be\/brocante\/wp-json\/wp\/v2\/product_cat?post=4173"},{"taxonomy":"product_tag","embeddable":true,"href":"https:\/\/legrenierdelatour.be\/brocante\/wp-json\/wp\/v2\/product_tag?post=4173"}],"curies":[{"name":"wp","href":"https:\/\/api.w.org\/{rel}","templated":true}]}}