{"id":4171,"date":"2023-02-10T16:38:54","date_gmt":"2023-02-10T15:38:54","guid":{"rendered":"https:\/\/legrenierdelatour.be\/brocante\/?post_type=product&#038;p=4171"},"modified":"2023-02-10T16:38:55","modified_gmt":"2023-02-10T15:38:55","slug":"vase-ruscha-841","status":"publish","type":"product","link":"https:\/\/legrenierdelatour.be\/brocante\/produit\/vase-ruscha-841\/","title":{"rendered":"Vase Ruscha 841"},"content":{"rendered":"<p>Vase \u00e9maill\u00e9 (15 cm de haut) issu de la manufacture Ruscha (1900-1996) en Allemagne de l\u2019Ouest. Il porte un beau d\u00e9cor de lave coulante typique des ann\u00e9es 1970. Il est en parfait \u00e9tat et est marqu\u00e9 841 sous la base.<\/p>\n<div>R\u00e9f 17.09<\/div>\n","protected":false},"excerpt":{"rendered":"<p>Vase \u00e9maill\u00e9 (15 cm de haut) issu de la manufacture Ruscha (1900-1996) en Allemagne de l\u2019Ouest. Il porte un beau d\u00e9cor de lave coulante typique des ann\u00e9es 1970. Il est en parfait \u00e9tat et est marqu\u00e9 841 sous la base. R\u00e9f 17.09<\/p>\n","protected":false},"featured_media":4159,"comment_status":"open","ping_status":"closed","template":"","meta":{"neve_meta_sidebar":"","neve_meta_container":"","neve_meta_enable_content_width":"off","neve_meta_content_width":100,"neve_meta_title_alignment":"","neve_meta_author_avatar":"","neve_post_elements_order":"","neve_meta_disable_header":"","neve_meta_disable_footer":"","neve_meta_disable_title":""},"product_brand":[],"product_cat":[48,170,16,47],"product_tag":[19,28,49],"class_list":{"0":"post-4171","1":"product","2":"type-product","3":"status-publish","4":"has-post-thumbnail","6":"product_cat-allemagne","7":"product_cat-autres-producteurs","8":"product_cat-ceramique","9":"product_cat-west-germany","10":"product_tag-faience","11":"product_tag-vintage","12":"product_tag-west-germany","14":"first","15":"instock","16":"shipping-taxable","17":"purchasable","18":"product-type-simple"},"_links":{"self":[{"href":"https:\/\/legrenierdelatour.be\/brocante\/wp-json\/wp\/v2\/product\/4171","targetHints":{"allow":["GET"]}}],"collection":[{"href":"https:\/\/legrenierdelatour.be\/brocante\/wp-json\/wp\/v2\/product"}],"about":[{"href":"https:\/\/legrenierdelatour.be\/brocante\/wp-json\/wp\/v2\/types\/product"}],"replies":[{"embeddable":true,"href":"https:\/\/legrenierdelatour.be\/brocante\/wp-json\/wp\/v2\/comments?post=4171"}],"wp:featuredmedia":[{"embeddable":true,"href":"https:\/\/legrenierdelatour.be\/brocante\/wp-json\/wp\/v2\/media\/4159"}],"wp:attachment":[{"href":"https:\/\/legrenierdelatour.be\/brocante\/wp-json\/wp\/v2\/media?parent=4171"}],"wp:term":[{"taxonomy":"product_brand","embeddable":true,"href":"https:\/\/legrenierdelatour.be\/brocante\/wp-json\/wp\/v2\/product_brand?post=4171"},{"taxonomy":"product_cat","embeddable":true,"href":"https:\/\/legrenierdelatour.be\/brocante\/wp-json\/wp\/v2\/product_cat?post=4171"},{"taxonomy":"product_tag","embeddable":true,"href":"https:\/\/legrenierdelatour.be\/brocante\/wp-json\/wp\/v2\/product_tag?post=4171"}],"curies":[{"name":"wp","href":"https:\/\/api.w.org\/{rel}","templated":true}]}}