{"id":4169,"date":"2023-02-10T16:07:59","date_gmt":"2023-02-10T15:07:59","guid":{"rendered":"https:\/\/legrenierdelatour.be\/brocante\/?post_type=product&#038;p=4169"},"modified":"2023-02-10T16:08:00","modified_gmt":"2023-02-10T15:08:00","slug":"vase-242-22-decor-vintage-2","status":"publish","type":"product","link":"https:\/\/legrenierdelatour.be\/brocante\/produit\/vase-242-22-decor-vintage-2\/","title":{"rendered":"Vase 242 22 D\u00e9cor Vintage"},"content":{"rendered":"<p>Vase de 22 cm de haut issu probablement de la manufacture Scheurich (existe depuis 1954) en Allemagne. Il porte un d\u00e9cor mat typique des ann\u00e9es 1960, de couleur vert p\u00e2le. Il est en parfait \u00e9tat.<\/p>\n<div>R\u00e9f 17.07<\/div>\n","protected":false},"excerpt":{"rendered":"<p>Vase de 22 cm de haut issu probablement de la manufacture Scheurich (existe depuis 1954) en Allemagne. Il porte un d\u00e9cor mat typique des ann\u00e9es 1960, de couleur vert p\u00e2le. Il est en parfait \u00e9tat. R\u00e9f 17.07<\/p>\n","protected":false},"featured_media":4163,"comment_status":"open","ping_status":"closed","template":"","meta":{"neve_meta_sidebar":"","neve_meta_container":"","neve_meta_enable_content_width":"off","neve_meta_content_width":100,"neve_meta_title_alignment":"","neve_meta_author_avatar":"","neve_post_elements_order":"","neve_meta_disable_header":"","neve_meta_disable_footer":"","neve_meta_disable_title":""},"product_brand":[],"product_cat":[48,16,52,47],"product_tag":[19,28,49],"class_list":{"0":"post-4169","1":"product","2":"type-product","3":"status-publish","4":"has-post-thumbnail","6":"product_cat-allemagne","7":"product_cat-ceramique","8":"product_cat-scheurig","9":"product_cat-west-germany","10":"product_tag-faience","11":"product_tag-vintage","12":"product_tag-west-germany","14":"first","15":"instock","16":"shipping-taxable","17":"purchasable","18":"product-type-simple"},"_links":{"self":[{"href":"https:\/\/legrenierdelatour.be\/brocante\/wp-json\/wp\/v2\/product\/4169","targetHints":{"allow":["GET"]}}],"collection":[{"href":"https:\/\/legrenierdelatour.be\/brocante\/wp-json\/wp\/v2\/product"}],"about":[{"href":"https:\/\/legrenierdelatour.be\/brocante\/wp-json\/wp\/v2\/types\/product"}],"replies":[{"embeddable":true,"href":"https:\/\/legrenierdelatour.be\/brocante\/wp-json\/wp\/v2\/comments?post=4169"}],"wp:featuredmedia":[{"embeddable":true,"href":"https:\/\/legrenierdelatour.be\/brocante\/wp-json\/wp\/v2\/media\/4163"}],"wp:attachment":[{"href":"https:\/\/legrenierdelatour.be\/brocante\/wp-json\/wp\/v2\/media?parent=4169"}],"wp:term":[{"taxonomy":"product_brand","embeddable":true,"href":"https:\/\/legrenierdelatour.be\/brocante\/wp-json\/wp\/v2\/product_brand?post=4169"},{"taxonomy":"product_cat","embeddable":true,"href":"https:\/\/legrenierdelatour.be\/brocante\/wp-json\/wp\/v2\/product_cat?post=4169"},{"taxonomy":"product_tag","embeddable":true,"href":"https:\/\/legrenierdelatour.be\/brocante\/wp-json\/wp\/v2\/product_tag?post=4169"}],"curies":[{"name":"wp","href":"https:\/\/api.w.org\/{rel}","templated":true}]}}