{"id":415,"date":"2022-02-16T17:51:40","date_gmt":"2022-02-16T16:51:40","guid":{"rendered":"https:\/\/legrenierdelatour.be\/brocante\/?post_type=product&#038;p=415"},"modified":"2022-05-19T17:27:29","modified_gmt":"2022-05-19T15:27:29","slug":"cruche-872-gres-flamme-belgique","status":"publish","type":"product","link":"https:\/\/legrenierdelatour.be\/brocante\/produit\/cruche-872-gres-flamme-belgique\/","title":{"rendered":"Cruche 872 \u00ab\u00a0Gr\u00e8s flamm\u00e9\u00a0\u00bb Belgique"},"content":{"rendered":"<p>Petite cruche (15 cm haut) en gr\u00e8s flamm\u00e9 avec quelques dorures, peut-\u00eatre une production de la Fa\u00efencerie de Thulin (1887-1973), dans les ann\u00e9es 1950-60.<\/p>\n<p>R\u00e9f 8.33<\/p>\n","protected":false},"excerpt":{"rendered":"<p>Petite cruche (15 cm haut) en gr\u00e8s flamm\u00e9 avec quelques dorures, peut-\u00eatre une production de la Fa\u00efencerie de Thulin (1887-1973), dans les ann\u00e9es 1950-60. R\u00e9f 8.33<\/p>\n","protected":false},"featured_media":416,"comment_status":"open","ping_status":"closed","template":"","meta":{"neve_meta_sidebar":"","neve_meta_container":"","neve_meta_enable_content_width":"off","neve_meta_content_width":100,"neve_meta_title_alignment":"","neve_meta_author_avatar":"","neve_post_elements_order":"","neve_meta_disable_header":"","neve_meta_disable_footer":"","neve_meta_disable_title":""},"product_brand":[],"product_cat":[15,37,16,177],"product_tag":[40,19,46],"class_list":{"0":"post-415","1":"product","2":"type-product","3":"status-publish","4":"has-post-thumbnail","6":"product_cat-non-classe","7":"product_cat-belgique","8":"product_cat-ceramique","9":"product_cat-thulin","10":"product_tag-belgique","11":"product_tag-faience","12":"product_tag-thulin","14":"first","15":"instock","16":"shipping-taxable","17":"purchasable","18":"product-type-simple"},"_links":{"self":[{"href":"https:\/\/legrenierdelatour.be\/brocante\/wp-json\/wp\/v2\/product\/415","targetHints":{"allow":["GET"]}}],"collection":[{"href":"https:\/\/legrenierdelatour.be\/brocante\/wp-json\/wp\/v2\/product"}],"about":[{"href":"https:\/\/legrenierdelatour.be\/brocante\/wp-json\/wp\/v2\/types\/product"}],"replies":[{"embeddable":true,"href":"https:\/\/legrenierdelatour.be\/brocante\/wp-json\/wp\/v2\/comments?post=415"}],"wp:featuredmedia":[{"embeddable":true,"href":"https:\/\/legrenierdelatour.be\/brocante\/wp-json\/wp\/v2\/media\/416"}],"wp:attachment":[{"href":"https:\/\/legrenierdelatour.be\/brocante\/wp-json\/wp\/v2\/media?parent=415"}],"wp:term":[{"taxonomy":"product_brand","embeddable":true,"href":"https:\/\/legrenierdelatour.be\/brocante\/wp-json\/wp\/v2\/product_brand?post=415"},{"taxonomy":"product_cat","embeddable":true,"href":"https:\/\/legrenierdelatour.be\/brocante\/wp-json\/wp\/v2\/product_cat?post=415"},{"taxonomy":"product_tag","embeddable":true,"href":"https:\/\/legrenierdelatour.be\/brocante\/wp-json\/wp\/v2\/product_tag?post=415"}],"curies":[{"name":"wp","href":"https:\/\/api.w.org\/{rel}","templated":true}]}}