{"id":4124,"date":"2023-01-31T17:38:51","date_gmt":"2023-01-31T16:38:51","guid":{"rendered":"https:\/\/legrenierdelatour.be\/brocante\/?post_type=product&#038;p=4124"},"modified":"2023-01-31T18:55:08","modified_gmt":"2023-01-31T17:55:08","slug":"tirelire-publicitaire-en-fonte-fobrux","status":"publish","type":"product","link":"https:\/\/legrenierdelatour.be\/brocante\/produit\/tirelire-publicitaire-en-fonte-fobrux\/","title":{"rendered":"Tirelire publicitaire en fonte Fobrux"},"content":{"rendered":"<p>Ancienne tirelire publicitaire (15 cm de haut) en fonte, \u00e9dit\u00e9e par Fobrux (Les Fonderies bruxelloises), datant sans doute des ann\u00e9es 1950. Etat correct.<\/p>\n<div>R\u00e9f 16.100<\/div>\n","protected":false},"excerpt":{"rendered":"<p>Ancienne tirelire publicitaire (15 cm de haut) en fonte, \u00e9dit\u00e9e par Fobrux (Les Fonderies bruxelloises), datant sans doute des ann\u00e9es 1950. Etat correct. R\u00e9f 16.100<\/p>\n","protected":false},"featured_media":4125,"comment_status":"open","ping_status":"closed","template":"","meta":{"neve_meta_sidebar":"","neve_meta_container":"","neve_meta_enable_content_width":"off","neve_meta_content_width":100,"neve_meta_title_alignment":"","neve_meta_author_avatar":"","neve_post_elements_order":"","neve_meta_disable_header":"","neve_meta_disable_footer":"","neve_meta_disable_title":""},"product_brand":[],"product_cat":[173],"product_tag":[68,28],"class_list":{"0":"post-4124","1":"product","2":"type-product","3":"status-publish","4":"has-post-thumbnail","6":"product_cat-objets-de-publicite","7":"product_tag-publicite","8":"product_tag-vintage","10":"first","11":"instock","12":"shipping-taxable","13":"purchasable","14":"product-type-simple"},"_links":{"self":[{"href":"https:\/\/legrenierdelatour.be\/brocante\/wp-json\/wp\/v2\/product\/4124","targetHints":{"allow":["GET"]}}],"collection":[{"href":"https:\/\/legrenierdelatour.be\/brocante\/wp-json\/wp\/v2\/product"}],"about":[{"href":"https:\/\/legrenierdelatour.be\/brocante\/wp-json\/wp\/v2\/types\/product"}],"replies":[{"embeddable":true,"href":"https:\/\/legrenierdelatour.be\/brocante\/wp-json\/wp\/v2\/comments?post=4124"}],"wp:featuredmedia":[{"embeddable":true,"href":"https:\/\/legrenierdelatour.be\/brocante\/wp-json\/wp\/v2\/media\/4125"}],"wp:attachment":[{"href":"https:\/\/legrenierdelatour.be\/brocante\/wp-json\/wp\/v2\/media?parent=4124"}],"wp:term":[{"taxonomy":"product_brand","embeddable":true,"href":"https:\/\/legrenierdelatour.be\/brocante\/wp-json\/wp\/v2\/product_brand?post=4124"},{"taxonomy":"product_cat","embeddable":true,"href":"https:\/\/legrenierdelatour.be\/brocante\/wp-json\/wp\/v2\/product_cat?post=4124"},{"taxonomy":"product_tag","embeddable":true,"href":"https:\/\/legrenierdelatour.be\/brocante\/wp-json\/wp\/v2\/product_tag?post=4124"}],"curies":[{"name":"wp","href":"https:\/\/api.w.org\/{rel}","templated":true}]}}