{"id":4119,"date":"2023-01-31T16:59:16","date_gmt":"2023-01-31T15:59:16","guid":{"rendered":"https:\/\/legrenierdelatour.be\/brocante\/?post_type=product&#038;p=4119"},"modified":"2023-01-31T16:59:16","modified_gmt":"2023-01-31T15:59:16","slug":"pins-jonghandwierk-letzebuerg-1994","status":"publish","type":"product","link":"https:\/\/legrenierdelatour.be\/brocante\/produit\/pins-jonghandwierk-letzebuerg-1994\/","title":{"rendered":"Pin&rsquo;s Jonghandwierk Letzebuerg 1994"},"content":{"rendered":"<p>S\u00e9rie de 17 pins \u00e9dir\u00e9s par la Jonhandwierk Letzebuerg dans le cadre de la 65\u00e8me Foire de Luxembourg 1994. Deuxexemplaires disponibles, encore dans leur emballage d\u2019origine.<\/p>\n<div>R\u00e9f 16.96<\/div>\n","protected":false},"excerpt":{"rendered":"<p>S\u00e9rie de 17 pins \u00e9dir\u00e9s par la Jonhandwierk Letzebuerg dans le cadre de la 65\u00e8me Foire de Luxembourg 1994. Deuxexemplaires disponibles, encore dans leur emballage d\u2019origine. R\u00e9f 16.96<\/p>\n","protected":false},"featured_media":4120,"comment_status":"open","ping_status":"closed","template":"","meta":{"neve_meta_sidebar":"","neve_meta_container":"","neve_meta_enable_content_width":"off","neve_meta_content_width":100,"neve_meta_title_alignment":"","neve_meta_author_avatar":"","neve_post_elements_order":"","neve_meta_disable_header":"","neve_meta_disable_footer":"","neve_meta_disable_title":""},"product_brand":[],"product_cat":[161,30,166],"product_tag":[83],"class_list":{"0":"post-4119","1":"product","2":"type-product","3":"status-publish","4":"has-post-thumbnail","6":"product_cat-les-collections","7":"product_cat-luxemburgensia","8":"product_cat-luxemburgensia-luxemburgensia","9":"product_tag-luxemburgensia","11":"first","12":"instock","13":"shipping-taxable","14":"purchasable","15":"product-type-simple"},"_links":{"self":[{"href":"https:\/\/legrenierdelatour.be\/brocante\/wp-json\/wp\/v2\/product\/4119","targetHints":{"allow":["GET"]}}],"collection":[{"href":"https:\/\/legrenierdelatour.be\/brocante\/wp-json\/wp\/v2\/product"}],"about":[{"href":"https:\/\/legrenierdelatour.be\/brocante\/wp-json\/wp\/v2\/types\/product"}],"replies":[{"embeddable":true,"href":"https:\/\/legrenierdelatour.be\/brocante\/wp-json\/wp\/v2\/comments?post=4119"}],"wp:featuredmedia":[{"embeddable":true,"href":"https:\/\/legrenierdelatour.be\/brocante\/wp-json\/wp\/v2\/media\/4120"}],"wp:attachment":[{"href":"https:\/\/legrenierdelatour.be\/brocante\/wp-json\/wp\/v2\/media?parent=4119"}],"wp:term":[{"taxonomy":"product_brand","embeddable":true,"href":"https:\/\/legrenierdelatour.be\/brocante\/wp-json\/wp\/v2\/product_brand?post=4119"},{"taxonomy":"product_cat","embeddable":true,"href":"https:\/\/legrenierdelatour.be\/brocante\/wp-json\/wp\/v2\/product_cat?post=4119"},{"taxonomy":"product_tag","embeddable":true,"href":"https:\/\/legrenierdelatour.be\/brocante\/wp-json\/wp\/v2\/product_tag?post=4119"}],"curies":[{"name":"wp","href":"https:\/\/api.w.org\/{rel}","templated":true}]}}