{"id":411,"date":"2022-02-16T17:44:14","date_gmt":"2022-02-16T16:44:14","guid":{"rendered":"https:\/\/legrenierdelatour.be\/brocante\/?post_type=product&#038;p=411"},"modified":"2022-05-19T17:28:02","modified_gmt":"2022-05-19T15:28:02","slug":"tonneau-a-liqueur-268-cerf-jemappes","status":"publish","type":"product","link":"https:\/\/legrenierdelatour.be\/brocante\/produit\/tonneau-a-liqueur-268-cerf-jemappes\/","title":{"rendered":"Tonneau \u00e0 liqueur 268 \u00ab\u00a0Cerf\u00a0\u00bb Jemappes"},"content":{"rendered":"<p>Joli tonneau \u00e0 liqueur en fa\u00efence (21 cm long) avec 6 verres \u00e0 liqueur, d\u00e9cor\u00e9 d&rsquo;un cerf peint \u00e0 la main et produit sans doute par la \u00ab\u00a0Fa\u00efencerie de Jemappes\u00a0\u00bbou Terra \u00a0(1880-1955) ou Hubert Bequet&#8230; Le mod\u00e8le \u00ab\u00a0268\u00a0\u00bb \u00a0est indiqu\u00e9 en creux ainsi qu&rsquo;un cachet avec la mention \u00ab\u00a0Peint main\u00a0\u00bb. Il s&rsquo;agit peut-\u00eatre du mod\u00e8le \u00ab\u00a0Jericho\u00a0\u00bb de la fa\u00efencerie de Jemappe. Ce tonneau pourrait \u00eatre du milieu du 20\u00e8 si\u00e8cle.<\/p>\n<p>R\u00e9f 5.75<\/p>\n<p>&nbsp;<\/p>\n","protected":false},"excerpt":{"rendered":"<p>Joli tonneau \u00e0 liqueur en fa\u00efence (21 cm long) avec 6 verres \u00e0 liqueur, d\u00e9cor\u00e9 d&rsquo;un cerf peint \u00e0 la main et produit sans doute par la \u00ab\u00a0Fa\u00efencerie de Jemappes\u00a0\u00bbou Terra \u00a0(1880-1955) ou Hubert Bequet&#8230; Le mod\u00e8le \u00ab\u00a0268\u00a0\u00bb \u00a0est indiqu\u00e9 en creux ainsi qu&rsquo;un cachet avec la mention \u00ab\u00a0Peint main\u00a0\u00bb. Il s&rsquo;agit peut-\u00eatre du mod\u00e8le&hellip;&nbsp;<a href=\"https:\/\/legrenierdelatour.be\/brocante\/produit\/tonneau-a-liqueur-268-cerf-jemappes\/\" class=\"\" rel=\"bookmark\">Lire la suite &raquo;<span class=\"screen-reader-text\">Tonneau \u00e0 liqueur 268 \u00ab\u00a0Cerf\u00a0\u00bb Jemappes<\/span><\/a><\/p>\n","protected":false},"featured_media":412,"comment_status":"open","ping_status":"closed","template":"","meta":{"neve_meta_sidebar":"","neve_meta_container":"","neve_meta_enable_content_width":"off","neve_meta_content_width":100,"neve_meta_title_alignment":"","neve_meta_author_avatar":"","neve_post_elements_order":"","neve_meta_disable_header":"","neve_meta_disable_footer":"","neve_meta_disable_title":""},"product_brand":[],"product_cat":[15,37,187,16,36],"product_tag":[40,19,38,45],"class_list":{"0":"post-411","1":"product","2":"type-product","3":"status-publish","4":"has-post-thumbnail","6":"product_cat-non-classe","7":"product_cat-belgique","8":"product_cat-ceramique-montoise","9":"product_cat-ceramique","10":"product_cat-hubert-bequet","11":"product_tag-belgique","12":"product_tag-faience","13":"product_tag-hubert-bequet","14":"product_tag-jemappes","16":"first","17":"instock","18":"shipping-taxable","19":"purchasable","20":"product-type-simple"},"_links":{"self":[{"href":"https:\/\/legrenierdelatour.be\/brocante\/wp-json\/wp\/v2\/product\/411","targetHints":{"allow":["GET"]}}],"collection":[{"href":"https:\/\/legrenierdelatour.be\/brocante\/wp-json\/wp\/v2\/product"}],"about":[{"href":"https:\/\/legrenierdelatour.be\/brocante\/wp-json\/wp\/v2\/types\/product"}],"replies":[{"embeddable":true,"href":"https:\/\/legrenierdelatour.be\/brocante\/wp-json\/wp\/v2\/comments?post=411"}],"wp:featuredmedia":[{"embeddable":true,"href":"https:\/\/legrenierdelatour.be\/brocante\/wp-json\/wp\/v2\/media\/412"}],"wp:attachment":[{"href":"https:\/\/legrenierdelatour.be\/brocante\/wp-json\/wp\/v2\/media?parent=411"}],"wp:term":[{"taxonomy":"product_brand","embeddable":true,"href":"https:\/\/legrenierdelatour.be\/brocante\/wp-json\/wp\/v2\/product_brand?post=411"},{"taxonomy":"product_cat","embeddable":true,"href":"https:\/\/legrenierdelatour.be\/brocante\/wp-json\/wp\/v2\/product_cat?post=411"},{"taxonomy":"product_tag","embeddable":true,"href":"https:\/\/legrenierdelatour.be\/brocante\/wp-json\/wp\/v2\/product_tag?post=411"}],"curies":[{"name":"wp","href":"https:\/\/api.w.org\/{rel}","templated":true}]}}