{"id":4089,"date":"2023-01-29T18:43:54","date_gmt":"2023-01-29T17:43:54","guid":{"rendered":"https:\/\/legrenierdelatour.be\/brocante\/?post_type=product&#038;p=4089"},"modified":"2023-01-29T18:43:54","modified_gmt":"2023-01-29T17:43:54","slug":"plats-etages-walther-glas-vintage","status":"publish","type":"product","link":"https:\/\/legrenierdelatour.be\/brocante\/produit\/plats-etages-walther-glas-vintage\/","title":{"rendered":"Plats \u00e9tag\u00e9s Walther Glas Vintage"},"content":{"rendered":"<p>Plats \u00e9tag\u00e9s (27 cm avec poign\u00e9e) en verre (demi-cristal) press\u00e9 moul\u00e9, d\u00e9cor\u00e9 de fleurs. La tige de liaison et la poign\u00e9e sont en m\u00e9tal dor\u00e9 \u00e0 l\u2019or (certificat de qualit\u00e9). Les plats sont en excellent \u00e9tat et sont d\u2019une fabrication allemande, la manufacture Walther. Ils datent des ann\u00e9es 1950-1974.<\/p>\n<div>R\u00e9f 16.79<\/div>\n","protected":false},"excerpt":{"rendered":"<p>Plats \u00e9tag\u00e9s (27 cm avec poign\u00e9e) en verre (demi-cristal) press\u00e9 moul\u00e9, d\u00e9cor\u00e9 de fleurs. La tige de liaison et la poign\u00e9e sont en m\u00e9tal dor\u00e9 \u00e0 l\u2019or (certificat de qualit\u00e9). Les plats sont en excellent \u00e9tat et sont d\u2019une fabrication allemande, la manufacture Walther. Ils datent des ann\u00e9es 1950-1974. R\u00e9f 16.79<\/p>\n","protected":false},"featured_media":4090,"comment_status":"open","ping_status":"closed","template":"","meta":{"neve_meta_sidebar":"","neve_meta_container":"","neve_meta_enable_content_width":"off","neve_meta_content_width":100,"neve_meta_title_alignment":"","neve_meta_author_avatar":"","neve_post_elements_order":"","neve_meta_disable_header":"","neve_meta_disable_footer":"","neve_meta_disable_title":""},"product_brand":[],"product_cat":[164,22],"product_tag":[21,28],"class_list":{"0":"post-4089","1":"product","2":"type-product","3":"status-publish","4":"has-post-thumbnail","6":"product_cat-autres-productions","7":"product_cat-verrerie","8":"product_tag-art-deco","9":"product_tag-vintage","11":"first","12":"instock","13":"shipping-taxable","14":"purchasable","15":"product-type-simple"},"_links":{"self":[{"href":"https:\/\/legrenierdelatour.be\/brocante\/wp-json\/wp\/v2\/product\/4089","targetHints":{"allow":["GET"]}}],"collection":[{"href":"https:\/\/legrenierdelatour.be\/brocante\/wp-json\/wp\/v2\/product"}],"about":[{"href":"https:\/\/legrenierdelatour.be\/brocante\/wp-json\/wp\/v2\/types\/product"}],"replies":[{"embeddable":true,"href":"https:\/\/legrenierdelatour.be\/brocante\/wp-json\/wp\/v2\/comments?post=4089"}],"wp:featuredmedia":[{"embeddable":true,"href":"https:\/\/legrenierdelatour.be\/brocante\/wp-json\/wp\/v2\/media\/4090"}],"wp:attachment":[{"href":"https:\/\/legrenierdelatour.be\/brocante\/wp-json\/wp\/v2\/media?parent=4089"}],"wp:term":[{"taxonomy":"product_brand","embeddable":true,"href":"https:\/\/legrenierdelatour.be\/brocante\/wp-json\/wp\/v2\/product_brand?post=4089"},{"taxonomy":"product_cat","embeddable":true,"href":"https:\/\/legrenierdelatour.be\/brocante\/wp-json\/wp\/v2\/product_cat?post=4089"},{"taxonomy":"product_tag","embeddable":true,"href":"https:\/\/legrenierdelatour.be\/brocante\/wp-json\/wp\/v2\/product_tag?post=4089"}],"curies":[{"name":"wp","href":"https:\/\/api.w.org\/{rel}","templated":true}]}}