{"id":4071,"date":"2023-01-28T19:52:40","date_gmt":"2023-01-28T18:52:40","guid":{"rendered":"https:\/\/legrenierdelatour.be\/brocante\/?post_type=product&#038;p=4071"},"modified":"2023-01-28T19:52:41","modified_gmt":"2023-01-28T18:52:41","slug":"assiette-nimy-1950","status":"publish","type":"product","link":"https:\/\/legrenierdelatour.be\/brocante\/produit\/assiette-nimy-1950\/","title":{"rendered":"Assiette Nimy 1950"},"content":{"rendered":"<p>Belle assiette (23,5 cm de diam\u00e8tre) de la manufacture Nimy en Belgique, sans doute dans les ann\u00e9es 1950. Il s\u2019agit d\u2019un d\u00e9cor de fleurs et l\u2019assiette est en tr\u00e8s bon \u00e9tat.<\/p>\n<div>R\u00e9f 16.74<\/div>\n","protected":false},"excerpt":{"rendered":"<p>Belle assiette (23,5 cm de diam\u00e8tre) de la manufacture Nimy en Belgique, sans doute dans les ann\u00e9es 1950. Il s\u2019agit d\u2019un d\u00e9cor de fleurs et l\u2019assiette est en tr\u00e8s bon \u00e9tat. R\u00e9f 16.74<\/p>\n","protected":false},"featured_media":4072,"comment_status":"open","ping_status":"closed","template":"","meta":{"neve_meta_sidebar":"","neve_meta_container":"","neve_meta_enable_content_width":"off","neve_meta_content_width":100,"neve_meta_title_alignment":"","neve_meta_author_avatar":"","neve_post_elements_order":"","neve_meta_disable_header":"","neve_meta_disable_footer":"","neve_meta_disable_title":""},"product_brand":[],"product_cat":[37,172,16,188],"product_tag":[40,19,43,28],"class_list":{"0":"post-4071","1":"product","2":"type-product","3":"status-publish","4":"has-post-thumbnail","6":"product_cat-belgique","7":"product_cat-en-cuisine","8":"product_cat-ceramique","9":"product_cat-nimy","10":"product_tag-belgique","11":"product_tag-faience","12":"product_tag-nimy","13":"product_tag-vintage","15":"first","16":"instock","17":"shipping-taxable","18":"purchasable","19":"product-type-simple"},"_links":{"self":[{"href":"https:\/\/legrenierdelatour.be\/brocante\/wp-json\/wp\/v2\/product\/4071","targetHints":{"allow":["GET"]}}],"collection":[{"href":"https:\/\/legrenierdelatour.be\/brocante\/wp-json\/wp\/v2\/product"}],"about":[{"href":"https:\/\/legrenierdelatour.be\/brocante\/wp-json\/wp\/v2\/types\/product"}],"replies":[{"embeddable":true,"href":"https:\/\/legrenierdelatour.be\/brocante\/wp-json\/wp\/v2\/comments?post=4071"}],"wp:featuredmedia":[{"embeddable":true,"href":"https:\/\/legrenierdelatour.be\/brocante\/wp-json\/wp\/v2\/media\/4072"}],"wp:attachment":[{"href":"https:\/\/legrenierdelatour.be\/brocante\/wp-json\/wp\/v2\/media?parent=4071"}],"wp:term":[{"taxonomy":"product_brand","embeddable":true,"href":"https:\/\/legrenierdelatour.be\/brocante\/wp-json\/wp\/v2\/product_brand?post=4071"},{"taxonomy":"product_cat","embeddable":true,"href":"https:\/\/legrenierdelatour.be\/brocante\/wp-json\/wp\/v2\/product_cat?post=4071"},{"taxonomy":"product_tag","embeddable":true,"href":"https:\/\/legrenierdelatour.be\/brocante\/wp-json\/wp\/v2\/product_tag?post=4071"}],"curies":[{"name":"wp","href":"https:\/\/api.w.org\/{rel}","templated":true}]}}