{"id":406,"date":"2022-02-16T16:56:33","date_gmt":"2022-02-16T15:56:33","guid":{"rendered":"https:\/\/legrenierdelatour.be\/brocante\/?post_type=product&#038;p=406"},"modified":"2022-05-19T17:28:25","modified_gmt":"2022-05-19T15:28:25","slug":"cafetiere-fleurs-cerabel-baudour","status":"publish","type":"product","link":"https:\/\/legrenierdelatour.be\/brocante\/produit\/cafetiere-fleurs-cerabel-baudour\/","title":{"rendered":"Cafeti\u00e8re \u00ab\u00a0Fleurs\u00a0\u00bb Cerabel Baudour"},"content":{"rendered":"<p>Jolie cafeti\u00e8re (24 cm haut) datant sans doute des ann\u00e9es 1950 en tr\u00e8s bon \u00e9tat, produite par la Manufacture de Porcelaine de Baudour (1842-1977). La Soci\u00e9t\u00e9 C\u00e9rabel dirigera la manufacture de 1934 \u00e0 1977.<\/p>\n<p>R\u00e9f 4.14<\/p>\n<p>&nbsp;<\/p>\n","protected":false},"excerpt":{"rendered":"<p>Jolie cafeti\u00e8re (24 cm haut) datant sans doute des ann\u00e9es 1950 en tr\u00e8s bon \u00e9tat, produite par la Manufacture de Porcelaine de Baudour (1842-1977). La Soci\u00e9t\u00e9 C\u00e9rabel dirigera la manufacture de 1934 \u00e0 1977. R\u00e9f 4.14 &nbsp;<\/p>\n","protected":false},"featured_media":407,"comment_status":"open","ping_status":"closed","template":"","meta":{"neve_meta_sidebar":"","neve_meta_container":"","neve_meta_enable_content_width":"off","neve_meta_content_width":100,"neve_meta_title_alignment":"","neve_meta_author_avatar":"","neve_post_elements_order":"","neve_meta_disable_header":"","neve_meta_disable_footer":"","neve_meta_disable_title":""},"product_brand":[],"product_cat":[15,37,172,16],"product_tag":[44,40,28],"class_list":{"0":"post-406","1":"product","2":"type-product","3":"status-publish","4":"has-post-thumbnail","6":"product_cat-non-classe","7":"product_cat-belgique","8":"product_cat-en-cuisine","9":"product_cat-ceramique","10":"product_tag-baudour","11":"product_tag-belgique","12":"product_tag-vintage","14":"first","15":"instock","16":"shipping-taxable","17":"purchasable","18":"product-type-simple"},"_links":{"self":[{"href":"https:\/\/legrenierdelatour.be\/brocante\/wp-json\/wp\/v2\/product\/406","targetHints":{"allow":["GET"]}}],"collection":[{"href":"https:\/\/legrenierdelatour.be\/brocante\/wp-json\/wp\/v2\/product"}],"about":[{"href":"https:\/\/legrenierdelatour.be\/brocante\/wp-json\/wp\/v2\/types\/product"}],"replies":[{"embeddable":true,"href":"https:\/\/legrenierdelatour.be\/brocante\/wp-json\/wp\/v2\/comments?post=406"}],"wp:featuredmedia":[{"embeddable":true,"href":"https:\/\/legrenierdelatour.be\/brocante\/wp-json\/wp\/v2\/media\/407"}],"wp:attachment":[{"href":"https:\/\/legrenierdelatour.be\/brocante\/wp-json\/wp\/v2\/media?parent=406"}],"wp:term":[{"taxonomy":"product_brand","embeddable":true,"href":"https:\/\/legrenierdelatour.be\/brocante\/wp-json\/wp\/v2\/product_brand?post=406"},{"taxonomy":"product_cat","embeddable":true,"href":"https:\/\/legrenierdelatour.be\/brocante\/wp-json\/wp\/v2\/product_cat?post=406"},{"taxonomy":"product_tag","embeddable":true,"href":"https:\/\/legrenierdelatour.be\/brocante\/wp-json\/wp\/v2\/product_tag?post=406"}],"curies":[{"name":"wp","href":"https:\/\/api.w.org\/{rel}","templated":true}]}}