{"id":4048,"date":"2023-01-24T20:48:00","date_gmt":"2023-01-24T19:48:00","guid":{"rendered":"https:\/\/legrenierdelatour.be\/brocante\/?post_type=product&#038;p=4048"},"modified":"2023-01-24T20:48:00","modified_gmt":"2023-01-24T19:48:00","slug":"peinture-a-lhuile-bouquet-mauve","status":"publish","type":"product","link":"https:\/\/legrenierdelatour.be\/brocante\/produit\/peinture-a-lhuile-bouquet-mauve\/","title":{"rendered":"Peinture \u00e0 l&rsquo;huile \u00ab\u00a0Bouquet mauve\u00a0\u00bb"},"content":{"rendered":"<p>Petite peinture de nature morte (15 cm de c\u00f4t\u00e9 hors cadre) avec repr\u00e9sentation d\u2019un bouquet de fleurs mauves. Cette petite peinture \u00e0 l\u2019huile est en parfait \u00e9tat et est sign\u00e9 (non d\u00e9chiffr\u00e9). Il date sans doute de latin du XX\u00e8 si\u00e8cle.<\/p>\n<div>R\u00e9f 16.62<\/div>\n","protected":false},"excerpt":{"rendered":"<p>Petite peinture de nature morte (15 cm de c\u00f4t\u00e9 hors cadre) avec repr\u00e9sentation d\u2019un bouquet de fleurs mauves. Cette petite peinture \u00e0 l\u2019huile est en parfait \u00e9tat et est sign\u00e9 (non d\u00e9chiffr\u00e9). Il date sans doute de latin du XX\u00e8 si\u00e8cle. R\u00e9f 16.62<\/p>\n","protected":false},"featured_media":4049,"comment_status":"open","ping_status":"closed","template":"","meta":{"neve_meta_sidebar":"","neve_meta_container":"","neve_meta_enable_content_width":"off","neve_meta_content_width":100,"neve_meta_title_alignment":"","neve_meta_author_avatar":"","neve_post_elements_order":"","neve_meta_disable_header":"","neve_meta_disable_footer":"","neve_meta_disable_title":""},"product_brand":[],"product_cat":[167],"product_tag":[79],"class_list":{"0":"post-4048","1":"product","2":"type-product","3":"status-publish","4":"has-post-thumbnail","6":"product_cat-peintures-et-sculptures","7":"product_tag-art","9":"first","10":"instock","11":"shipping-taxable","12":"purchasable","13":"product-type-simple"},"_links":{"self":[{"href":"https:\/\/legrenierdelatour.be\/brocante\/wp-json\/wp\/v2\/product\/4048","targetHints":{"allow":["GET"]}}],"collection":[{"href":"https:\/\/legrenierdelatour.be\/brocante\/wp-json\/wp\/v2\/product"}],"about":[{"href":"https:\/\/legrenierdelatour.be\/brocante\/wp-json\/wp\/v2\/types\/product"}],"replies":[{"embeddable":true,"href":"https:\/\/legrenierdelatour.be\/brocante\/wp-json\/wp\/v2\/comments?post=4048"}],"wp:featuredmedia":[{"embeddable":true,"href":"https:\/\/legrenierdelatour.be\/brocante\/wp-json\/wp\/v2\/media\/4049"}],"wp:attachment":[{"href":"https:\/\/legrenierdelatour.be\/brocante\/wp-json\/wp\/v2\/media?parent=4048"}],"wp:term":[{"taxonomy":"product_brand","embeddable":true,"href":"https:\/\/legrenierdelatour.be\/brocante\/wp-json\/wp\/v2\/product_brand?post=4048"},{"taxonomy":"product_cat","embeddable":true,"href":"https:\/\/legrenierdelatour.be\/brocante\/wp-json\/wp\/v2\/product_cat?post=4048"},{"taxonomy":"product_tag","embeddable":true,"href":"https:\/\/legrenierdelatour.be\/brocante\/wp-json\/wp\/v2\/product_tag?post=4048"}],"curies":[{"name":"wp","href":"https:\/\/api.w.org\/{rel}","templated":true}]}}