{"id":4038,"date":"2023-01-24T19:33:47","date_gmt":"2023-01-24T18:33:47","guid":{"rendered":"https:\/\/legrenierdelatour.be\/brocante\/?post_type=product&#038;p=4038"},"modified":"2023-01-24T20:13:19","modified_gmt":"2023-01-24T19:13:19","slug":"assiettes-en-etain-ethe-cerf-et-biche","status":"publish","type":"product","link":"https:\/\/legrenierdelatour.be\/brocante\/produit\/assiettes-en-etain-ethe-cerf-et-biche\/","title":{"rendered":"Assiettes en \u00e9tain \u00ab\u00a0Ethe\u00a0\u00bb Cerf et biche"},"content":{"rendered":"<p>Deux assiettes en \u00e9tain (22 cm de diam\u00e8tre) avec les repr\u00e9sentations d\u2019un cerf pour l\u2019une et d\u2019une biche et son faon pour l\u2019autre. Elles portent une banni\u00e8re \u00ab\u00a0Ethe\u00a0\u00bb et celle du \u00ab\u00a0Cerf\u00a0\u00bb porte un poin\u00e7on avec la mention KdBR dans un ovale avec un ange musicien, ainsi que le chiffre 90. Il s\u2019agit peut-\u00eatre d\u2019une production allemande.<\/p>\n<div>R\u00e9f 16.60<\/div>\n","protected":false},"excerpt":{"rendered":"<p>Deux assiettes en \u00e9tain (22 cm de diam\u00e8tre) avec les repr\u00e9sentations d\u2019un cerf pour l\u2019une et d\u2019une biche et son faon pour l\u2019autre. Elles portent une banni\u00e8re \u00ab\u00a0Ethe\u00a0\u00bb et celle du \u00ab\u00a0Cerf\u00a0\u00bb porte un poin\u00e7on avec la mention KdBR dans un ovale avec un ange musicien, ainsi que le chiffre 90. Il s\u2019agit peut-\u00eatre d\u2019une&hellip;&nbsp;<a href=\"https:\/\/legrenierdelatour.be\/brocante\/produit\/assiettes-en-etain-ethe-cerf-et-biche\/\" class=\"\" rel=\"bookmark\">Lire la suite &raquo;<span class=\"screen-reader-text\">Assiettes en \u00e9tain \u00ab\u00a0Ethe\u00a0\u00bb Cerf et biche<\/span><\/a><\/p>\n","protected":false},"featured_media":4039,"comment_status":"open","ping_status":"closed","template":"","meta":{"neve_meta_sidebar":"","neve_meta_container":"","neve_meta_enable_content_width":"off","neve_meta_content_width":100,"neve_meta_title_alignment":"","neve_meta_author_avatar":"","neve_post_elements_order":"","neve_meta_disable_header":"","neve_meta_disable_footer":"","neve_meta_disable_title":""},"product_brand":[],"product_cat":[110,109,31],"product_tag":[137,112],"class_list":{"0":"post-4038","1":"product","2":"type-product","3":"status-publish","4":"has-post-thumbnail","6":"product_cat-etain","7":"product_cat-metal","8":"product_cat-pays-darlon","9":"product_tag-chasse","10":"product_tag-pays-darlon","12":"first","13":"instock","14":"shipping-taxable","15":"purchasable","16":"product-type-simple"},"_links":{"self":[{"href":"https:\/\/legrenierdelatour.be\/brocante\/wp-json\/wp\/v2\/product\/4038","targetHints":{"allow":["GET"]}}],"collection":[{"href":"https:\/\/legrenierdelatour.be\/brocante\/wp-json\/wp\/v2\/product"}],"about":[{"href":"https:\/\/legrenierdelatour.be\/brocante\/wp-json\/wp\/v2\/types\/product"}],"replies":[{"embeddable":true,"href":"https:\/\/legrenierdelatour.be\/brocante\/wp-json\/wp\/v2\/comments?post=4038"}],"wp:featuredmedia":[{"embeddable":true,"href":"https:\/\/legrenierdelatour.be\/brocante\/wp-json\/wp\/v2\/media\/4039"}],"wp:attachment":[{"href":"https:\/\/legrenierdelatour.be\/brocante\/wp-json\/wp\/v2\/media?parent=4038"}],"wp:term":[{"taxonomy":"product_brand","embeddable":true,"href":"https:\/\/legrenierdelatour.be\/brocante\/wp-json\/wp\/v2\/product_brand?post=4038"},{"taxonomy":"product_cat","embeddable":true,"href":"https:\/\/legrenierdelatour.be\/brocante\/wp-json\/wp\/v2\/product_cat?post=4038"},{"taxonomy":"product_tag","embeddable":true,"href":"https:\/\/legrenierdelatour.be\/brocante\/wp-json\/wp\/v2\/product_tag?post=4038"}],"curies":[{"name":"wp","href":"https:\/\/api.w.org\/{rel}","templated":true}]}}