{"id":4031,"date":"2023-01-20T18:44:12","date_gmt":"2023-01-20T17:44:12","guid":{"rendered":"https:\/\/legrenierdelatour.be\/brocante\/?post_type=product&#038;p=4031"},"modified":"2023-01-20T18:44:13","modified_gmt":"2023-01-20T17:44:13","slug":"gravure-academie-luxembourg-73","status":"publish","type":"product","link":"https:\/\/legrenierdelatour.be\/brocante\/produit\/gravure-academie-luxembourg-73\/","title":{"rendered":"Gravure Acad\u00e9mie Luxembourg 73"},"content":{"rendered":"<p>Belle gravure de diff\u00e9rentes vues de Luxembourg (47&#215;65 cm avec cadre) annot\u00e9e Acad\u00e9mie Luxembourg 73 et sign\u00e9e K\u2026\u2026 (non d\u00e9chiffr\u00e9). Elle est en bon \u00e9tat et a sans doute \u00e9t\u00e9 cr\u00e9\u00e9e dans le cadre d\u2019un cours de l\u2019acad\u00e9mie en 1973.<\/p>\n<div>R\u00e9f 16.55<\/div>\n","protected":false},"excerpt":{"rendered":"<p>Belle gravure de diff\u00e9rentes vues de Luxembourg (47&#215;65 cm avec cadre) annot\u00e9e Acad\u00e9mie Luxembourg 73 et sign\u00e9e K\u2026\u2026 (non d\u00e9chiffr\u00e9). Elle est en bon \u00e9tat et a sans doute \u00e9t\u00e9 cr\u00e9\u00e9e dans le cadre d\u2019un cours de l\u2019acad\u00e9mie en 1973. R\u00e9f 16.55<\/p>\n","protected":false},"featured_media":4025,"comment_status":"open","ping_status":"closed","template":"","meta":{"neve_meta_sidebar":"","neve_meta_container":"","neve_meta_enable_content_width":"off","neve_meta_content_width":100,"neve_meta_title_alignment":"","neve_meta_author_avatar":"","neve_post_elements_order":"","neve_meta_disable_header":"","neve_meta_disable_footer":"","neve_meta_disable_title":""},"product_brand":[],"product_cat":[30,166,167],"product_tag":[79,83],"class_list":{"0":"post-4031","1":"product","2":"type-product","3":"status-publish","4":"has-post-thumbnail","6":"product_cat-luxemburgensia","7":"product_cat-luxemburgensia-luxemburgensia","8":"product_cat-peintures-et-sculptures","9":"product_tag-art","10":"product_tag-luxemburgensia","12":"first","13":"instock","14":"shipping-taxable","15":"purchasable","16":"product-type-simple"},"_links":{"self":[{"href":"https:\/\/legrenierdelatour.be\/brocante\/wp-json\/wp\/v2\/product\/4031","targetHints":{"allow":["GET"]}}],"collection":[{"href":"https:\/\/legrenierdelatour.be\/brocante\/wp-json\/wp\/v2\/product"}],"about":[{"href":"https:\/\/legrenierdelatour.be\/brocante\/wp-json\/wp\/v2\/types\/product"}],"replies":[{"embeddable":true,"href":"https:\/\/legrenierdelatour.be\/brocante\/wp-json\/wp\/v2\/comments?post=4031"}],"wp:featuredmedia":[{"embeddable":true,"href":"https:\/\/legrenierdelatour.be\/brocante\/wp-json\/wp\/v2\/media\/4025"}],"wp:attachment":[{"href":"https:\/\/legrenierdelatour.be\/brocante\/wp-json\/wp\/v2\/media?parent=4031"}],"wp:term":[{"taxonomy":"product_brand","embeddable":true,"href":"https:\/\/legrenierdelatour.be\/brocante\/wp-json\/wp\/v2\/product_brand?post=4031"},{"taxonomy":"product_cat","embeddable":true,"href":"https:\/\/legrenierdelatour.be\/brocante\/wp-json\/wp\/v2\/product_cat?post=4031"},{"taxonomy":"product_tag","embeddable":true,"href":"https:\/\/legrenierdelatour.be\/brocante\/wp-json\/wp\/v2\/product_tag?post=4031"}],"curies":[{"name":"wp","href":"https:\/\/api.w.org\/{rel}","templated":true}]}}