{"id":4024,"date":"2023-01-20T18:33:19","date_gmt":"2023-01-20T17:33:19","guid":{"rendered":"https:\/\/legrenierdelatour.be\/brocante\/?post_type=product&#038;p=4024"},"modified":"2023-01-20T18:33:20","modified_gmt":"2023-01-20T17:33:20","slug":"gravure-ansicht-von-luxemburg-edouard-kutter","status":"publish","type":"product","link":"https:\/\/legrenierdelatour.be\/brocante\/produit\/gravure-ansicht-von-luxemburg-edouard-kutter\/","title":{"rendered":"Gravure \u00ab\u00a0Ansicht von Luxemburg\u00a0\u00bb Edouard K\u00fctter"},"content":{"rendered":"<p>Gravure (62&#215;48 cm hors cadre) d\u2019une vue de Luxembourg d\u2019apr\u00e8s un dessin originalde Christophe Wilhelm Selig (1791-1837) en 1814. Elle a \u00e9t\u00e9 \u00e9dit\u00e9e par les Editions Edouard K\u00fctter \u00e0 Luxembourg, sans doute vers 1975.<\/p>\n<div>R\u00e9f 16.54<\/div>\n","protected":false},"excerpt":{"rendered":"<p>Gravure (62&#215;48 cm hors cadre) d\u2019une vue de Luxembourg d\u2019apr\u00e8s un dessin originalde Christophe Wilhelm Selig (1791-1837) en 1814. Elle a \u00e9t\u00e9 \u00e9dit\u00e9e par les Editions Edouard K\u00fctter \u00e0 Luxembourg, sans doute vers 1975. R\u00e9f 16.54<\/p>\n","protected":false},"featured_media":4028,"comment_status":"open","ping_status":"closed","template":"","meta":{"neve_meta_sidebar":"","neve_meta_container":"","neve_meta_enable_content_width":"off","neve_meta_content_width":100,"neve_meta_title_alignment":"","neve_meta_author_avatar":"","neve_post_elements_order":"","neve_meta_disable_header":"","neve_meta_disable_footer":"","neve_meta_disable_title":""},"product_brand":[],"product_cat":[30,166,167],"product_tag":[79,83],"class_list":{"0":"post-4024","1":"product","2":"type-product","3":"status-publish","4":"has-post-thumbnail","6":"product_cat-luxemburgensia","7":"product_cat-luxemburgensia-luxemburgensia","8":"product_cat-peintures-et-sculptures","9":"product_tag-art","10":"product_tag-luxemburgensia","12":"first","13":"instock","14":"shipping-taxable","15":"purchasable","16":"product-type-simple"},"_links":{"self":[{"href":"https:\/\/legrenierdelatour.be\/brocante\/wp-json\/wp\/v2\/product\/4024","targetHints":{"allow":["GET"]}}],"collection":[{"href":"https:\/\/legrenierdelatour.be\/brocante\/wp-json\/wp\/v2\/product"}],"about":[{"href":"https:\/\/legrenierdelatour.be\/brocante\/wp-json\/wp\/v2\/types\/product"}],"replies":[{"embeddable":true,"href":"https:\/\/legrenierdelatour.be\/brocante\/wp-json\/wp\/v2\/comments?post=4024"}],"wp:featuredmedia":[{"embeddable":true,"href":"https:\/\/legrenierdelatour.be\/brocante\/wp-json\/wp\/v2\/media\/4028"}],"wp:attachment":[{"href":"https:\/\/legrenierdelatour.be\/brocante\/wp-json\/wp\/v2\/media?parent=4024"}],"wp:term":[{"taxonomy":"product_brand","embeddable":true,"href":"https:\/\/legrenierdelatour.be\/brocante\/wp-json\/wp\/v2\/product_brand?post=4024"},{"taxonomy":"product_cat","embeddable":true,"href":"https:\/\/legrenierdelatour.be\/brocante\/wp-json\/wp\/v2\/product_cat?post=4024"},{"taxonomy":"product_tag","embeddable":true,"href":"https:\/\/legrenierdelatour.be\/brocante\/wp-json\/wp\/v2\/product_tag?post=4024"}],"curies":[{"name":"wp","href":"https:\/\/api.w.org\/{rel}","templated":true}]}}