{"id":4016,"date":"2023-01-19T19:19:42","date_gmt":"2023-01-19T18:19:42","guid":{"rendered":"https:\/\/legrenierdelatour.be\/brocante\/?post_type=product&#038;p=4016"},"modified":"2023-01-19T19:19:42","modified_gmt":"2023-01-19T18:19:42","slug":"baril-de-poudre-decore-de-fourrure-bleue","status":"publish","type":"product","link":"https:\/\/legrenierdelatour.be\/brocante\/produit\/baril-de-poudre-decore-de-fourrure-bleue\/","title":{"rendered":"Baril de poudre d\u00e9cor\u00e9 de fourrure bleue"},"content":{"rendered":"<p>Ancien baril de poudre Ariel (24 cm de haut) datant des ann\u00e9es 1970-80, et garni d\u2019une fausse furrure bleue intense, de fabrication artisanale.<\/p>\n<div>R\u00e9f 16.48<\/div>\n","protected":false},"excerpt":{"rendered":"<p>Ancien baril de poudre Ariel (24 cm de haut) datant des ann\u00e9es 1970-80, et garni d\u2019une fausse furrure bleue intense, de fabrication artisanale. R\u00e9f 16.48<\/p>\n","protected":false},"featured_media":4017,"comment_status":"open","ping_status":"closed","template":"","meta":{"neve_meta_sidebar":"","neve_meta_container":"","neve_meta_enable_content_width":"off","neve_meta_content_width":100,"neve_meta_title_alignment":"","neve_meta_author_avatar":"","neve_post_elements_order":"","neve_meta_disable_header":"","neve_meta_disable_footer":"","neve_meta_disable_title":""},"product_brand":[],"product_cat":[23,173],"product_tag":[28],"class_list":{"0":"post-4016","1":"product","2":"type-product","3":"status-publish","4":"has-post-thumbnail","6":"product_cat-mobilier","7":"product_cat-objets-de-publicite","8":"product_tag-vintage","10":"first","11":"instock","12":"shipping-taxable","13":"purchasable","14":"product-type-simple"},"_links":{"self":[{"href":"https:\/\/legrenierdelatour.be\/brocante\/wp-json\/wp\/v2\/product\/4016","targetHints":{"allow":["GET"]}}],"collection":[{"href":"https:\/\/legrenierdelatour.be\/brocante\/wp-json\/wp\/v2\/product"}],"about":[{"href":"https:\/\/legrenierdelatour.be\/brocante\/wp-json\/wp\/v2\/types\/product"}],"replies":[{"embeddable":true,"href":"https:\/\/legrenierdelatour.be\/brocante\/wp-json\/wp\/v2\/comments?post=4016"}],"wp:featuredmedia":[{"embeddable":true,"href":"https:\/\/legrenierdelatour.be\/brocante\/wp-json\/wp\/v2\/media\/4017"}],"wp:attachment":[{"href":"https:\/\/legrenierdelatour.be\/brocante\/wp-json\/wp\/v2\/media?parent=4016"}],"wp:term":[{"taxonomy":"product_brand","embeddable":true,"href":"https:\/\/legrenierdelatour.be\/brocante\/wp-json\/wp\/v2\/product_brand?post=4016"},{"taxonomy":"product_cat","embeddable":true,"href":"https:\/\/legrenierdelatour.be\/brocante\/wp-json\/wp\/v2\/product_cat?post=4016"},{"taxonomy":"product_tag","embeddable":true,"href":"https:\/\/legrenierdelatour.be\/brocante\/wp-json\/wp\/v2\/product_tag?post=4016"}],"curies":[{"name":"wp","href":"https:\/\/api.w.org\/{rel}","templated":true}]}}