{"id":4014,"date":"2023-01-19T19:14:39","date_gmt":"2023-01-19T18:14:39","guid":{"rendered":"https:\/\/legrenierdelatour.be\/brocante\/?post_type=product&#038;p=4014"},"modified":"2024-12-20T15:53:18","modified_gmt":"2024-12-20T14:53:18","slug":"table-dappoint-vintage-1950","status":"publish","type":"product","link":"https:\/\/legrenierdelatour.be\/brocante\/produit\/table-dappoint-vintage-1950\/","title":{"rendered":"Table d&rsquo;appoint Vintage 1950"},"content":{"rendered":"<p>Belle table pour t\u00e9l\u00e9vision ou table d&rsquo;appoint, en m\u00e9tal et plateaux recouverts de ski (77 cm de haut x plateau de 65,5cm x 41,5 cm) en tr\u00e8s bon \u00e9tat (l\u00e9ger accroc dans le skai du plateau sup\u00e9rieur). Elle est mont\u00e9e sur roulettes, comme une dessert. ses pieds Eiffel m\u00e9talliques forme compas, 4 roulettes sur \u00e9triers pivotants, c\u2019est un petit meuble \u00e9l\u00e9gant, pur produit vintage des ann\u00e9es 1950.<\/p>\n<div>R\u00e9f 16.51<\/div>\n","protected":false},"excerpt":{"rendered":"<p>Belle table pour t\u00e9l\u00e9vision ou table d&rsquo;appoint, en m\u00e9tal et plateaux recouverts de ski (77 cm de haut x plateau de 65,5cm x 41,5 cm) en tr\u00e8s bon \u00e9tat (l\u00e9ger accroc dans le skai du plateau sup\u00e9rieur). Elle est mont\u00e9e sur roulettes, comme une dessert. ses pieds Eiffel m\u00e9talliques forme compas, 4 roulettes sur \u00e9triers&hellip;&nbsp;<a href=\"https:\/\/legrenierdelatour.be\/brocante\/produit\/table-dappoint-vintage-1950\/\" class=\"\" rel=\"bookmark\">Lire la suite &raquo;<span class=\"screen-reader-text\">Table d&rsquo;appoint Vintage 1950<\/span><\/a><\/p>\n","protected":false},"featured_media":4015,"comment_status":"open","ping_status":"closed","template":"","meta":{"neve_meta_sidebar":"","neve_meta_container":"","neve_meta_enable_content_width":"off","neve_meta_content_width":100,"neve_meta_title_alignment":"","neve_meta_author_avatar":"","neve_post_elements_order":"","neve_meta_disable_header":"","neve_meta_disable_footer":"","neve_meta_disable_title":""},"product_brand":[],"product_cat":[23],"product_tag":[84,28],"class_list":{"0":"post-4014","1":"product","2":"type-product","3":"status-publish","4":"has-post-thumbnail","6":"product_cat-mobilier","7":"product_tag-mobilier","8":"product_tag-vintage","10":"first","11":"instock","12":"shipping-taxable","13":"purchasable","14":"product-type-simple"},"_links":{"self":[{"href":"https:\/\/legrenierdelatour.be\/brocante\/wp-json\/wp\/v2\/product\/4014","targetHints":{"allow":["GET"]}}],"collection":[{"href":"https:\/\/legrenierdelatour.be\/brocante\/wp-json\/wp\/v2\/product"}],"about":[{"href":"https:\/\/legrenierdelatour.be\/brocante\/wp-json\/wp\/v2\/types\/product"}],"replies":[{"embeddable":true,"href":"https:\/\/legrenierdelatour.be\/brocante\/wp-json\/wp\/v2\/comments?post=4014"}],"wp:featuredmedia":[{"embeddable":true,"href":"https:\/\/legrenierdelatour.be\/brocante\/wp-json\/wp\/v2\/media\/4015"}],"wp:attachment":[{"href":"https:\/\/legrenierdelatour.be\/brocante\/wp-json\/wp\/v2\/media?parent=4014"}],"wp:term":[{"taxonomy":"product_brand","embeddable":true,"href":"https:\/\/legrenierdelatour.be\/brocante\/wp-json\/wp\/v2\/product_brand?post=4014"},{"taxonomy":"product_cat","embeddable":true,"href":"https:\/\/legrenierdelatour.be\/brocante\/wp-json\/wp\/v2\/product_cat?post=4014"},{"taxonomy":"product_tag","embeddable":true,"href":"https:\/\/legrenierdelatour.be\/brocante\/wp-json\/wp\/v2\/product_tag?post=4014"}],"curies":[{"name":"wp","href":"https:\/\/api.w.org\/{rel}","templated":true}]}}