{"id":401,"date":"2022-02-16T11:19:46","date_gmt":"2022-02-16T10:19:46","guid":{"rendered":"https:\/\/legrenierdelatour.be\/brocante\/?post_type=product&#038;p=401"},"modified":"2022-05-19T17:29:54","modified_gmt":"2022-05-19T15:29:54","slug":"assiette-oiseaux-bleus-nimy","status":"publish","type":"product","link":"https:\/\/legrenierdelatour.be\/brocante\/produit\/assiette-oiseaux-bleus-nimy\/","title":{"rendered":"Assiette \u00ab\u00a0oiseaux bleus\u00a0\u00bb Nimy"},"content":{"rendered":"<p>Assiette (23 cm) avec une repr\u00e9sentation peinte \u00e0 la main d&rsquo;oiseaux et roses, produite par la fa\u00efencerie \u00ab\u00a0Manufature Imperiale Royale\u00a0\u00bb de Nimy (cachet). D\u00e9but du 20\u00e8me si\u00e8cle.<\/p>\n<p>R\u00e9f 6.38<\/p>\n","protected":false},"excerpt":{"rendered":"<p>Assiette (23 cm) avec une repr\u00e9sentation peinte \u00e0 la main d&rsquo;oiseaux et roses, produite par la fa\u00efencerie \u00ab\u00a0Manufature Imperiale Royale\u00a0\u00bb de Nimy (cachet). D\u00e9but du 20\u00e8me si\u00e8cle. R\u00e9f 6.38<\/p>\n","protected":false},"featured_media":396,"comment_status":"open","ping_status":"closed","template":"","meta":{"neve_meta_sidebar":"","neve_meta_container":"","neve_meta_enable_content_width":"off","neve_meta_content_width":100,"neve_meta_title_alignment":"","neve_meta_author_avatar":"","neve_post_elements_order":"","neve_meta_disable_header":"","neve_meta_disable_footer":"","neve_meta_disable_title":""},"product_brand":[],"product_cat":[15,37,172,16,188],"product_tag":[40,19,43],"class_list":{"0":"post-401","1":"product","2":"type-product","3":"status-publish","4":"has-post-thumbnail","6":"product_cat-non-classe","7":"product_cat-belgique","8":"product_cat-en-cuisine","9":"product_cat-ceramique","10":"product_cat-nimy","11":"product_tag-belgique","12":"product_tag-faience","13":"product_tag-nimy","15":"first","16":"instock","17":"shipping-taxable","18":"purchasable","19":"product-type-simple"},"_links":{"self":[{"href":"https:\/\/legrenierdelatour.be\/brocante\/wp-json\/wp\/v2\/product\/401","targetHints":{"allow":["GET"]}}],"collection":[{"href":"https:\/\/legrenierdelatour.be\/brocante\/wp-json\/wp\/v2\/product"}],"about":[{"href":"https:\/\/legrenierdelatour.be\/brocante\/wp-json\/wp\/v2\/types\/product"}],"replies":[{"embeddable":true,"href":"https:\/\/legrenierdelatour.be\/brocante\/wp-json\/wp\/v2\/comments?post=401"}],"wp:featuredmedia":[{"embeddable":true,"href":"https:\/\/legrenierdelatour.be\/brocante\/wp-json\/wp\/v2\/media\/396"}],"wp:attachment":[{"href":"https:\/\/legrenierdelatour.be\/brocante\/wp-json\/wp\/v2\/media?parent=401"}],"wp:term":[{"taxonomy":"product_brand","embeddable":true,"href":"https:\/\/legrenierdelatour.be\/brocante\/wp-json\/wp\/v2\/product_brand?post=401"},{"taxonomy":"product_cat","embeddable":true,"href":"https:\/\/legrenierdelatour.be\/brocante\/wp-json\/wp\/v2\/product_cat?post=401"},{"taxonomy":"product_tag","embeddable":true,"href":"https:\/\/legrenierdelatour.be\/brocante\/wp-json\/wp\/v2\/product_tag?post=401"}],"curies":[{"name":"wp","href":"https:\/\/api.w.org\/{rel}","templated":true}]}}