{"id":4009,"date":"2023-01-19T19:13:05","date_gmt":"2023-01-19T18:13:05","guid":{"rendered":"https:\/\/legrenierdelatour.be\/brocante\/?post_type=product&#038;p=4009"},"modified":"2023-01-19T19:20:21","modified_gmt":"2023-01-19T18:20:21","slug":"service-a-diner-et-a-cafe-mitterteich-vintage","status":"publish","type":"product","link":"https:\/\/legrenierdelatour.be\/brocante\/produit\/service-a-diner-et-a-cafe-mitterteich-vintage\/","title":{"rendered":"Service \u00e0 d\u00eener et \u00e0 caf\u00e9 Mitterteich Vintage"},"content":{"rendered":"<p>Service \u00e0 d\u00eener et \u00e0 caf\u00e9 de la maufacture Mitterteich Bavaria (depuis 1886). Il date sans doute des ann\u00e9es 1970.<\/p>\n<div>Le service \u00e0 d\u00eener non complet est compos\u00e9 de :<\/div>\n<div>&#8211; une grande assiette de pr\u00e9sentation ronde (30 cm de diam\u00e8tre)<\/div>\n<div>&#8211; une assiette de pr\u00e9sentation ovale (33cmx22cm)<\/div>\n<div>&#8211; une sauci\u00e8re (16 cm de diam\u00e8trex8 cm de haut)<\/div>\n<div>&#8211; 8 assiettes \u00e0 soupe (23 cm de diam\u00e8tre)<\/div>\n<div>&#8211; deux plats (23 cm de diam\u00e8tre x 7cm et x7,5 cm de haut)<\/div>\n<div>&#8211; une soupi\u00e8re (21 cm de diam\u00e8tre)<\/div>\n<div>Le service \u00e0 caf\u00e9 non complet est compos\u00e9 de :<\/div>\n<div>&#8211; une cafeti\u00e8re (24 cm de haut)<\/div>\n<div>&#8211; 12 assiettes \u00e0 dessert (20 cm de diam\u00e8tre); une comporte un cran<\/div>\n<div>&#8211; 7 sous-tasses (14,5 cm de diam\u00e8tre)<\/div>\n<div>&#8211; 10 tasses (6,5 cm de haut); une comporte un cran<\/div>\n<div>&#8211; un pot \u00e0 lait (9 cm de haut); il porte le num\u00e9ro 950\/1<\/div>\n<div>&#8211; un pot \u00e0 sucre (10 cm de haut); ilporte le num\u00e9ro 950\/1<\/div>\n<div>R\u00e9f 16.49<\/div>\n","protected":false},"excerpt":{"rendered":"<p>Service \u00e0 d\u00eener et \u00e0 caf\u00e9 de la maufacture Mitterteich Bavaria (depuis 1886). Il date sans doute des ann\u00e9es 1970. Le service \u00e0 d\u00eener non complet est compos\u00e9 de : &#8211; une grande assiette de pr\u00e9sentation ronde (30 cm de diam\u00e8tre) &#8211; une assiette de pr\u00e9sentation ovale (33cmx22cm) &#8211; une sauci\u00e8re (16 cm de diam\u00e8trex8&hellip;&nbsp;<a href=\"https:\/\/legrenierdelatour.be\/brocante\/produit\/service-a-diner-et-a-cafe-mitterteich-vintage\/\" class=\"\" rel=\"bookmark\">Lire la suite &raquo;<span class=\"screen-reader-text\">Service \u00e0 d\u00eener et \u00e0 caf\u00e9 Mitterteich Vintage<\/span><\/a><\/p>\n","protected":false},"featured_media":4010,"comment_status":"open","ping_status":"closed","template":"","meta":{"neve_meta_sidebar":"","neve_meta_container":"","neve_meta_enable_content_width":"off","neve_meta_content_width":100,"neve_meta_title_alignment":"","neve_meta_author_avatar":"","neve_post_elements_order":"","neve_meta_disable_header":"","neve_meta_disable_footer":"","neve_meta_disable_title":""},"product_brand":[],"product_cat":[48,168,172,16],"product_tag":[154,74,28],"class_list":{"0":"post-4009","1":"product","2":"type-product","3":"status-publish","4":"has-post-thumbnail","6":"product_cat-allemagne","7":"product_cat-bavaria","8":"product_cat-en-cuisine","9":"product_cat-ceramique","10":"product_tag-bavaria","11":"product_tag-porcelaine","12":"product_tag-vintage","14":"first","15":"instock","16":"shipping-taxable","17":"purchasable","18":"product-type-simple"},"_links":{"self":[{"href":"https:\/\/legrenierdelatour.be\/brocante\/wp-json\/wp\/v2\/product\/4009","targetHints":{"allow":["GET"]}}],"collection":[{"href":"https:\/\/legrenierdelatour.be\/brocante\/wp-json\/wp\/v2\/product"}],"about":[{"href":"https:\/\/legrenierdelatour.be\/brocante\/wp-json\/wp\/v2\/types\/product"}],"replies":[{"embeddable":true,"href":"https:\/\/legrenierdelatour.be\/brocante\/wp-json\/wp\/v2\/comments?post=4009"}],"wp:featuredmedia":[{"embeddable":true,"href":"https:\/\/legrenierdelatour.be\/brocante\/wp-json\/wp\/v2\/media\/4010"}],"wp:attachment":[{"href":"https:\/\/legrenierdelatour.be\/brocante\/wp-json\/wp\/v2\/media?parent=4009"}],"wp:term":[{"taxonomy":"product_brand","embeddable":true,"href":"https:\/\/legrenierdelatour.be\/brocante\/wp-json\/wp\/v2\/product_brand?post=4009"},{"taxonomy":"product_cat","embeddable":true,"href":"https:\/\/legrenierdelatour.be\/brocante\/wp-json\/wp\/v2\/product_cat?post=4009"},{"taxonomy":"product_tag","embeddable":true,"href":"https:\/\/legrenierdelatour.be\/brocante\/wp-json\/wp\/v2\/product_tag?post=4009"}],"curies":[{"name":"wp","href":"https:\/\/api.w.org\/{rel}","templated":true}]}}