{"id":3978,"date":"2023-01-17T11:33:01","date_gmt":"2023-01-17T10:33:01","guid":{"rendered":"https:\/\/legrenierdelatour.be\/brocante\/?post_type=product&#038;p=3978"},"modified":"2023-01-17T11:33:01","modified_gmt":"2023-01-17T10:33:01","slug":"plateau-vintage-roltex-belgium","status":"publish","type":"product","link":"https:\/\/legrenierdelatour.be\/brocante\/produit\/plateau-vintage-roltex-belgium\/","title":{"rendered":"Plateau Vintage Roltex Belgium"},"content":{"rendered":"<p>Petit plateau (27&#215;18,5 cm) en m\u00e9lamine, produit par Roltex en Belgique. Ce plateau en parfait \u00e9tat date sans doute des ann\u00e9es 1960-70.<\/p>\n<div>R\u00e9f 16.34<\/div>\n","protected":false},"excerpt":{"rendered":"<p>Petit plateau (27&#215;18,5 cm) en m\u00e9lamine, produit par Roltex en Belgique. Ce plateau en parfait \u00e9tat date sans doute des ann\u00e9es 1960-70. R\u00e9f 16.34<\/p>\n","protected":false},"featured_media":3979,"comment_status":"open","ping_status":"closed","template":"","meta":{"neve_meta_sidebar":"","neve_meta_container":"","neve_meta_enable_content_width":"off","neve_meta_content_width":100,"neve_meta_title_alignment":"","neve_meta_author_avatar":"","neve_post_elements_order":"","neve_meta_disable_header":"","neve_meta_disable_footer":"","neve_meta_disable_title":""},"product_brand":[],"product_cat":[172],"product_tag":[40,28],"class_list":{"0":"post-3978","1":"product","2":"type-product","3":"status-publish","4":"has-post-thumbnail","6":"product_cat-en-cuisine","7":"product_tag-belgique","8":"product_tag-vintage","10":"first","11":"instock","12":"shipping-taxable","13":"purchasable","14":"product-type-simple"},"_links":{"self":[{"href":"https:\/\/legrenierdelatour.be\/brocante\/wp-json\/wp\/v2\/product\/3978","targetHints":{"allow":["GET"]}}],"collection":[{"href":"https:\/\/legrenierdelatour.be\/brocante\/wp-json\/wp\/v2\/product"}],"about":[{"href":"https:\/\/legrenierdelatour.be\/brocante\/wp-json\/wp\/v2\/types\/product"}],"replies":[{"embeddable":true,"href":"https:\/\/legrenierdelatour.be\/brocante\/wp-json\/wp\/v2\/comments?post=3978"}],"wp:featuredmedia":[{"embeddable":true,"href":"https:\/\/legrenierdelatour.be\/brocante\/wp-json\/wp\/v2\/media\/3979"}],"wp:attachment":[{"href":"https:\/\/legrenierdelatour.be\/brocante\/wp-json\/wp\/v2\/media?parent=3978"}],"wp:term":[{"taxonomy":"product_brand","embeddable":true,"href":"https:\/\/legrenierdelatour.be\/brocante\/wp-json\/wp\/v2\/product_brand?post=3978"},{"taxonomy":"product_cat","embeddable":true,"href":"https:\/\/legrenierdelatour.be\/brocante\/wp-json\/wp\/v2\/product_cat?post=3978"},{"taxonomy":"product_tag","embeddable":true,"href":"https:\/\/legrenierdelatour.be\/brocante\/wp-json\/wp\/v2\/product_tag?post=3978"}],"curies":[{"name":"wp","href":"https:\/\/api.w.org\/{rel}","templated":true}]}}