{"id":3972,"date":"2023-01-17T10:34:24","date_gmt":"2023-01-17T09:34:24","guid":{"rendered":"https:\/\/legrenierdelatour.be\/brocante\/?post_type=product&#038;p=3972"},"modified":"2026-03-14T08:52:51","modified_gmt":"2026-03-14T07:52:51","slug":"assiettes-carlotta-boch-la-louviere","status":"publish","type":"product","link":"https:\/\/legrenierdelatour.be\/brocante\/produit\/assiettes-carlotta-boch-la-louviere\/","title":{"rendered":"Assiettes \u00ab\u00a0Carlotta\u00a0\u00bb Boch La Louvi\u00e8re"},"content":{"rendered":"<p>Trois assiettes \u00e0 soupe (24 cm de diam\u00e8tre) de la collection \u00ab Carlotta \u00bb produite par Boch La Louvi\u00e8re sans oute dans les ann\u00e9es 1950. Les assiettes sont dans un \u00e9tat moyen d\u00fb \u00e0 leur \u00e2ge.<\/p>\n<div>Elles sont vendues \u00e0 5\u20ac pi\u00e8ce.<\/div>\n<div>R\u00e9f 16.31<\/div>\n","protected":false},"excerpt":{"rendered":"<p>Trois assiettes \u00e0 soupe (24 cm de diam\u00e8tre) de la collection \u00ab Carlotta \u00bb produite par Boch La Louvi\u00e8re sans oute dans les ann\u00e9es 1950. Les assiettes sont dans un \u00e9tat moyen d\u00fb \u00e0 leur \u00e2ge. Elles sont vendues \u00e0 5\u20ac pi\u00e8ce. R\u00e9f 16.31<\/p>\n","protected":false},"featured_media":3973,"comment_status":"open","ping_status":"closed","template":"","meta":{"neve_meta_sidebar":"","neve_meta_container":"","neve_meta_enable_content_width":"off","neve_meta_content_width":100,"neve_meta_title_alignment":"","neve_meta_author_avatar":"","neve_post_elements_order":"","neve_meta_disable_header":"","neve_meta_disable_footer":"","neve_meta_disable_title":""},"product_brand":[],"product_cat":[37,175,172,16],"product_tag":[40,20,28],"class_list":{"0":"post-3972","1":"product","2":"type-product","3":"status-publish","4":"has-post-thumbnail","6":"product_cat-belgique","7":"product_cat-boch","8":"product_cat-en-cuisine","9":"product_cat-ceramique","10":"product_tag-belgique","11":"product_tag-boch","12":"product_tag-vintage","14":"first","15":"instock","16":"shipping-taxable","17":"purchasable","18":"product-type-simple"},"_links":{"self":[{"href":"https:\/\/legrenierdelatour.be\/brocante\/wp-json\/wp\/v2\/product\/3972","targetHints":{"allow":["GET"]}}],"collection":[{"href":"https:\/\/legrenierdelatour.be\/brocante\/wp-json\/wp\/v2\/product"}],"about":[{"href":"https:\/\/legrenierdelatour.be\/brocante\/wp-json\/wp\/v2\/types\/product"}],"replies":[{"embeddable":true,"href":"https:\/\/legrenierdelatour.be\/brocante\/wp-json\/wp\/v2\/comments?post=3972"}],"wp:featuredmedia":[{"embeddable":true,"href":"https:\/\/legrenierdelatour.be\/brocante\/wp-json\/wp\/v2\/media\/3973"}],"wp:attachment":[{"href":"https:\/\/legrenierdelatour.be\/brocante\/wp-json\/wp\/v2\/media?parent=3972"}],"wp:term":[{"taxonomy":"product_brand","embeddable":true,"href":"https:\/\/legrenierdelatour.be\/brocante\/wp-json\/wp\/v2\/product_brand?post=3972"},{"taxonomy":"product_cat","embeddable":true,"href":"https:\/\/legrenierdelatour.be\/brocante\/wp-json\/wp\/v2\/product_cat?post=3972"},{"taxonomy":"product_tag","embeddable":true,"href":"https:\/\/legrenierdelatour.be\/brocante\/wp-json\/wp\/v2\/product_tag?post=3972"}],"curies":[{"name":"wp","href":"https:\/\/api.w.org\/{rel}","templated":true}]}}