{"id":3968,"date":"2023-01-17T10:12:15","date_gmt":"2023-01-17T09:12:15","guid":{"rendered":"https:\/\/legrenierdelatour.be\/brocante\/?post_type=product&#038;p=3968"},"modified":"2023-01-17T10:12:15","modified_gmt":"2023-01-17T09:12:15","slug":"plat-de-service-cerabel-baudour","status":"publish","type":"product","link":"https:\/\/legrenierdelatour.be\/brocante\/produit\/plat-de-service-cerabel-baudour\/","title":{"rendered":"Plat de service Cerabel Baudour"},"content":{"rendered":"<p>Plat de service (33 cm de long) datant sans doute des ann\u00e9es 1950 en tr\u00e8s bon \u00e9tat, produite par la Manufacture de Porcelaine de Baudour (1842-1977) en Belgique. La Soci\u00e9t\u00e9 C\u00e9rabel dirigera la manufacture de 1934 \u00e0 1977.<\/p>\n<p>R\u00e9f 16.30<\/p>\n","protected":false},"excerpt":{"rendered":"<p>Plat de service (33 cm de long) datant sans doute des ann\u00e9es 1950 en tr\u00e8s bon \u00e9tat, produite par la Manufacture de Porcelaine de Baudour (1842-1977) en Belgique. La Soci\u00e9t\u00e9 C\u00e9rabel dirigera la manufacture de 1934 \u00e0 1977. R\u00e9f 16.30<\/p>\n","protected":false},"featured_media":3969,"comment_status":"open","ping_status":"closed","template":"","meta":{"neve_meta_sidebar":"","neve_meta_container":"","neve_meta_enable_content_width":"off","neve_meta_content_width":100,"neve_meta_title_alignment":"","neve_meta_author_avatar":"","neve_post_elements_order":"","neve_meta_disable_header":"","neve_meta_disable_footer":"","neve_meta_disable_title":""},"product_brand":[],"product_cat":[37,172,16],"product_tag":[44,40,74,28],"class_list":{"0":"post-3968","1":"product","2":"type-product","3":"status-publish","4":"has-post-thumbnail","6":"product_cat-belgique","7":"product_cat-en-cuisine","8":"product_cat-ceramique","9":"product_tag-baudour","10":"product_tag-belgique","11":"product_tag-porcelaine","12":"product_tag-vintage","14":"first","15":"instock","16":"shipping-taxable","17":"purchasable","18":"product-type-simple"},"_links":{"self":[{"href":"https:\/\/legrenierdelatour.be\/brocante\/wp-json\/wp\/v2\/product\/3968","targetHints":{"allow":["GET"]}}],"collection":[{"href":"https:\/\/legrenierdelatour.be\/brocante\/wp-json\/wp\/v2\/product"}],"about":[{"href":"https:\/\/legrenierdelatour.be\/brocante\/wp-json\/wp\/v2\/types\/product"}],"replies":[{"embeddable":true,"href":"https:\/\/legrenierdelatour.be\/brocante\/wp-json\/wp\/v2\/comments?post=3968"}],"wp:featuredmedia":[{"embeddable":true,"href":"https:\/\/legrenierdelatour.be\/brocante\/wp-json\/wp\/v2\/media\/3969"}],"wp:attachment":[{"href":"https:\/\/legrenierdelatour.be\/brocante\/wp-json\/wp\/v2\/media?parent=3968"}],"wp:term":[{"taxonomy":"product_brand","embeddable":true,"href":"https:\/\/legrenierdelatour.be\/brocante\/wp-json\/wp\/v2\/product_brand?post=3968"},{"taxonomy":"product_cat","embeddable":true,"href":"https:\/\/legrenierdelatour.be\/brocante\/wp-json\/wp\/v2\/product_cat?post=3968"},{"taxonomy":"product_tag","embeddable":true,"href":"https:\/\/legrenierdelatour.be\/brocante\/wp-json\/wp\/v2\/product_tag?post=3968"}],"curies":[{"name":"wp","href":"https:\/\/api.w.org\/{rel}","templated":true}]}}