{"id":3965,"date":"2023-01-17T10:07:02","date_gmt":"2023-01-17T09:07:02","guid":{"rendered":"https:\/\/legrenierdelatour.be\/brocante\/?post_type=product&#038;p=3965"},"modified":"2023-01-17T10:07:02","modified_gmt":"2023-01-17T09:07:02","slug":"assiette-villeroy-et-boch-halanzy-1988","status":"publish","type":"product","link":"https:\/\/legrenierdelatour.be\/brocante\/produit\/assiette-villeroy-et-boch-halanzy-1988\/","title":{"rendered":"Assiette Villeroy et Boch Halanzy 1988"},"content":{"rendered":"<p>Belle assiette (23 cm de diam\u00e8tre) \u00ab\u00a0Courrier par ballon\u00a0\u00bb \u00e9dit\u00e9e par le Cercle Philat\u00e9lique et Numismatique de Halanzy en 1988. Elle repr\u00e9sente Halanzy d\u2019apr\u00e8s un dessin de Behn Pierre, et num\u00e9rot\u00e9e n\u00b012, elle a \u00e9t\u00e9 produite par la manufacture Villeroy &amp; Boch en 1988. Elle est en parfait \u00e9tat.<\/p>\n<div>R\u00e9f 16.29<\/div>\n","protected":false},"excerpt":{"rendered":"<p>Belle assiette (23 cm de diam\u00e8tre) \u00ab\u00a0Courrier par ballon\u00a0\u00bb \u00e9dit\u00e9e par le Cercle Philat\u00e9lique et Numismatique de Halanzy en 1988. Elle repr\u00e9sente Halanzy d\u2019apr\u00e8s un dessin de Behn Pierre, et num\u00e9rot\u00e9e n\u00b012, elle a \u00e9t\u00e9 produite par la manufacture Villeroy &amp; Boch en 1988. Elle est en parfait \u00e9tat. R\u00e9f 16.29<\/p>\n","protected":false},"featured_media":3966,"comment_status":"open","ping_status":"closed","template":"","meta":{"neve_meta_sidebar":"","neve_meta_container":"","neve_meta_enable_content_width":"off","neve_meta_content_width":100,"neve_meta_title_alignment":"","neve_meta_author_avatar":"","neve_post_elements_order":"","neve_meta_disable_header":"","neve_meta_disable_footer":"","neve_meta_disable_title":""},"product_brand":[],"product_cat":[16,165,30,31,29],"product_tag":[19,112,32],"class_list":{"0":"post-3965","1":"product","2":"type-product","3":"status-publish","4":"has-post-thumbnail","6":"product_cat-ceramique","7":"product_cat-luxembourg","8":"product_cat-luxemburgensia","9":"product_cat-pays-darlon","10":"product_cat-villeroy-boch","11":"product_tag-faience","12":"product_tag-pays-darlon","13":"product_tag-villeroy-et-boch","15":"first","16":"instock","17":"shipping-taxable","18":"purchasable","19":"product-type-simple"},"_links":{"self":[{"href":"https:\/\/legrenierdelatour.be\/brocante\/wp-json\/wp\/v2\/product\/3965","targetHints":{"allow":["GET"]}}],"collection":[{"href":"https:\/\/legrenierdelatour.be\/brocante\/wp-json\/wp\/v2\/product"}],"about":[{"href":"https:\/\/legrenierdelatour.be\/brocante\/wp-json\/wp\/v2\/types\/product"}],"replies":[{"embeddable":true,"href":"https:\/\/legrenierdelatour.be\/brocante\/wp-json\/wp\/v2\/comments?post=3965"}],"wp:featuredmedia":[{"embeddable":true,"href":"https:\/\/legrenierdelatour.be\/brocante\/wp-json\/wp\/v2\/media\/3966"}],"wp:attachment":[{"href":"https:\/\/legrenierdelatour.be\/brocante\/wp-json\/wp\/v2\/media?parent=3965"}],"wp:term":[{"taxonomy":"product_brand","embeddable":true,"href":"https:\/\/legrenierdelatour.be\/brocante\/wp-json\/wp\/v2\/product_brand?post=3965"},{"taxonomy":"product_cat","embeddable":true,"href":"https:\/\/legrenierdelatour.be\/brocante\/wp-json\/wp\/v2\/product_cat?post=3965"},{"taxonomy":"product_tag","embeddable":true,"href":"https:\/\/legrenierdelatour.be\/brocante\/wp-json\/wp\/v2\/product_tag?post=3965"}],"curies":[{"name":"wp","href":"https:\/\/api.w.org\/{rel}","templated":true}]}}