{"id":3960,"date":"2023-01-16T18:24:54","date_gmt":"2023-01-16T17:24:54","guid":{"rendered":"https:\/\/legrenierdelatour.be\/brocante\/?post_type=product&#038;p=3960"},"modified":"2023-01-16T18:24:54","modified_gmt":"2023-01-16T17:24:54","slug":"assiettes-villeroy-et-boch-la-moselle-luxembourgeoise","status":"publish","type":"product","link":"https:\/\/legrenierdelatour.be\/brocante\/produit\/assiettes-villeroy-et-boch-la-moselle-luxembourgeoise\/","title":{"rendered":"Assiettes Villeroy et Boch La Moselle luxembourgeoise"},"content":{"rendered":"<p>Deux assiettes (24 cm de diam\u00e8tre) produites par Villeroy et Boch, \u00e9dit\u00e9es par le Mus\u00e9e folklorique et viticole \u00ab\u00a0A Possem\u00a0\u00bb Bech-Kleinmacher. Une des assiettes repr\u00e9sente Machtum, et l\u2019autre Stadtbredimus. Elles sont toutes deux en parfait \u00e9tat et datent peut-\u00eatre des ann\u00e9es 1990.<\/p>\n<p>Elles sont vendues \u00e0 10\u20ac pi\u00e8ce.<\/p>\n<div>R\u00e9f 16.28<\/div>\n","protected":false},"excerpt":{"rendered":"<p>Deux assiettes (24 cm de diam\u00e8tre) produites par Villeroy et Boch, \u00e9dit\u00e9es par le Mus\u00e9e folklorique et viticole \u00ab\u00a0A Possem\u00a0\u00bb Bech-Kleinmacher. Une des assiettes repr\u00e9sente Machtum, et l\u2019autre Stadtbredimus. Elles sont toutes deux en parfait \u00e9tat et datent peut-\u00eatre des ann\u00e9es 1990. Elles sont vendues \u00e0 10\u20ac pi\u00e8ce. R\u00e9f 16.28<\/p>\n","protected":false},"featured_media":3961,"comment_status":"open","ping_status":"closed","template":"","meta":{"neve_meta_sidebar":"","neve_meta_container":"","neve_meta_enable_content_width":"off","neve_meta_content_width":100,"neve_meta_title_alignment":"","neve_meta_author_avatar":"","neve_post_elements_order":"","neve_meta_disable_header":"","neve_meta_disable_footer":"","neve_meta_disable_title":""},"product_brand":[],"product_cat":[16,165,30,166,29],"product_tag":[19,83,32],"class_list":{"0":"post-3960","1":"product","2":"type-product","3":"status-publish","4":"has-post-thumbnail","6":"product_cat-ceramique","7":"product_cat-luxembourg","8":"product_cat-luxemburgensia","9":"product_cat-luxemburgensia-luxemburgensia","10":"product_cat-villeroy-boch","11":"product_tag-faience","12":"product_tag-luxemburgensia","13":"product_tag-villeroy-et-boch","15":"first","16":"instock","17":"shipping-taxable","18":"purchasable","19":"product-type-simple"},"_links":{"self":[{"href":"https:\/\/legrenierdelatour.be\/brocante\/wp-json\/wp\/v2\/product\/3960","targetHints":{"allow":["GET"]}}],"collection":[{"href":"https:\/\/legrenierdelatour.be\/brocante\/wp-json\/wp\/v2\/product"}],"about":[{"href":"https:\/\/legrenierdelatour.be\/brocante\/wp-json\/wp\/v2\/types\/product"}],"replies":[{"embeddable":true,"href":"https:\/\/legrenierdelatour.be\/brocante\/wp-json\/wp\/v2\/comments?post=3960"}],"wp:featuredmedia":[{"embeddable":true,"href":"https:\/\/legrenierdelatour.be\/brocante\/wp-json\/wp\/v2\/media\/3961"}],"wp:attachment":[{"href":"https:\/\/legrenierdelatour.be\/brocante\/wp-json\/wp\/v2\/media?parent=3960"}],"wp:term":[{"taxonomy":"product_brand","embeddable":true,"href":"https:\/\/legrenierdelatour.be\/brocante\/wp-json\/wp\/v2\/product_brand?post=3960"},{"taxonomy":"product_cat","embeddable":true,"href":"https:\/\/legrenierdelatour.be\/brocante\/wp-json\/wp\/v2\/product_cat?post=3960"},{"taxonomy":"product_tag","embeddable":true,"href":"https:\/\/legrenierdelatour.be\/brocante\/wp-json\/wp\/v2\/product_tag?post=3960"}],"curies":[{"name":"wp","href":"https:\/\/api.w.org\/{rel}","templated":true}]}}