{"id":3953,"date":"2023-01-15T20:24:23","date_gmt":"2023-01-15T19:24:23","guid":{"rendered":"https:\/\/legrenierdelatour.be\/brocante\/?post_type=product&#038;p=3953"},"modified":"2023-01-15T20:24:23","modified_gmt":"2023-01-15T19:24:23","slug":"dessin-la-chapelle-saint-quirin-a-luxembourg-1947-martin","status":"publish","type":"product","link":"https:\/\/legrenierdelatour.be\/brocante\/produit\/dessin-la-chapelle-saint-quirin-a-luxembourg-1947-martin\/","title":{"rendered":"Dessin \u00ab\u00a0La chapelle Saint Quirin \u00e0 Luxembourg\u00a0\u00bb 1947 Martin"},"content":{"rendered":"<p>Dessin de la chapelle St Quirin \u00e0 Luxembourg (22&#215;28 cm) dat\u00e9 du 22.4.1947 et sign\u00e9 Martin (?). L\u2019artiste n\u2019a pas pu \u00eatre identifi\u00e9. Ce dessin tr\u00e8s fin est d\u2019une tr\u00e8s belle facture et le cadre est de belle qualit\u00e9.<\/p>\n<div>R\u00e9f 16.26<\/div>\n","protected":false},"excerpt":{"rendered":"<p>Dessin de la chapelle St Quirin \u00e0 Luxembourg (22&#215;28 cm) dat\u00e9 du 22.4.1947 et sign\u00e9 Martin (?). L\u2019artiste n\u2019a pas pu \u00eatre identifi\u00e9. Ce dessin tr\u00e8s fin est d\u2019une tr\u00e8s belle facture et le cadre est de belle qualit\u00e9. R\u00e9f 16.26<\/p>\n","protected":false},"featured_media":3954,"comment_status":"open","ping_status":"closed","template":"","meta":{"neve_meta_sidebar":"","neve_meta_container":"","neve_meta_enable_content_width":"off","neve_meta_content_width":100,"neve_meta_title_alignment":"","neve_meta_author_avatar":"","neve_post_elements_order":"","neve_meta_disable_header":"","neve_meta_disable_footer":"","neve_meta_disable_title":""},"product_brand":[],"product_cat":[30,166,167],"product_tag":[79,83],"class_list":{"0":"post-3953","1":"product","2":"type-product","3":"status-publish","4":"has-post-thumbnail","6":"product_cat-luxemburgensia","7":"product_cat-luxemburgensia-luxemburgensia","8":"product_cat-peintures-et-sculptures","9":"product_tag-art","10":"product_tag-luxemburgensia","12":"first","13":"instock","14":"shipping-taxable","15":"purchasable","16":"product-type-simple"},"_links":{"self":[{"href":"https:\/\/legrenierdelatour.be\/brocante\/wp-json\/wp\/v2\/product\/3953","targetHints":{"allow":["GET"]}}],"collection":[{"href":"https:\/\/legrenierdelatour.be\/brocante\/wp-json\/wp\/v2\/product"}],"about":[{"href":"https:\/\/legrenierdelatour.be\/brocante\/wp-json\/wp\/v2\/types\/product"}],"replies":[{"embeddable":true,"href":"https:\/\/legrenierdelatour.be\/brocante\/wp-json\/wp\/v2\/comments?post=3953"}],"wp:featuredmedia":[{"embeddable":true,"href":"https:\/\/legrenierdelatour.be\/brocante\/wp-json\/wp\/v2\/media\/3954"}],"wp:attachment":[{"href":"https:\/\/legrenierdelatour.be\/brocante\/wp-json\/wp\/v2\/media?parent=3953"}],"wp:term":[{"taxonomy":"product_brand","embeddable":true,"href":"https:\/\/legrenierdelatour.be\/brocante\/wp-json\/wp\/v2\/product_brand?post=3953"},{"taxonomy":"product_cat","embeddable":true,"href":"https:\/\/legrenierdelatour.be\/brocante\/wp-json\/wp\/v2\/product_cat?post=3953"},{"taxonomy":"product_tag","embeddable":true,"href":"https:\/\/legrenierdelatour.be\/brocante\/wp-json\/wp\/v2\/product_tag?post=3953"}],"curies":[{"name":"wp","href":"https:\/\/api.w.org\/{rel}","templated":true}]}}