{"id":3950,"date":"2023-01-15T19:48:13","date_gmt":"2023-01-15T18:48:13","guid":{"rendered":"https:\/\/legrenierdelatour.be\/brocante\/?post_type=product&#038;p=3950"},"modified":"2024-02-29T17:47:35","modified_gmt":"2024-02-29T16:47:35","slug":"aquarelle-paysage-dhiver-s-raty","status":"publish","type":"product","link":"https:\/\/legrenierdelatour.be\/brocante\/produit\/aquarelle-paysage-dhiver-s-raty\/","title":{"rendered":"Aquarelle \u00ab\u00a0Paysage d&rsquo;hiver\u00a0\u00bb Suzanne Raty"},"content":{"rendered":"<p>Petite aquarelle (24&#215;18 cm avec cadre) repr\u00e9senatnt un paysage d\u2019hiver. Elle est sign\u00e9e S.Raty (Suzanne Raty, la ni\u00e8ce d\u00e9c\u00e9d\u00e9e de Abert Raty).<\/p>\n<div>R\u00e9f 16.25<\/div>\n","protected":false},"excerpt":{"rendered":"<p>Petite aquarelle (24&#215;18 cm avec cadre) repr\u00e9senatnt un paysage d\u2019hiver. Elle est sign\u00e9e S.Raty (Suzanne Raty, la ni\u00e8ce d\u00e9c\u00e9d\u00e9e de Abert Raty). R\u00e9f 16.25<\/p>\n","protected":false},"featured_media":3951,"comment_status":"open","ping_status":"closed","template":"","meta":{"neve_meta_sidebar":"","neve_meta_container":"","neve_meta_enable_content_width":"off","neve_meta_content_width":100,"neve_meta_title_alignment":"","neve_meta_author_avatar":"","neve_post_elements_order":"","neve_meta_disable_header":"","neve_meta_disable_footer":"","neve_meta_disable_title":""},"product_brand":[],"product_cat":[167],"product_tag":[79],"class_list":{"0":"post-3950","1":"product","2":"type-product","3":"status-publish","4":"has-post-thumbnail","6":"product_cat-peintures-et-sculptures","7":"product_tag-art","9":"first","10":"instock","11":"shipping-taxable","12":"purchasable","13":"product-type-simple"},"_links":{"self":[{"href":"https:\/\/legrenierdelatour.be\/brocante\/wp-json\/wp\/v2\/product\/3950","targetHints":{"allow":["GET"]}}],"collection":[{"href":"https:\/\/legrenierdelatour.be\/brocante\/wp-json\/wp\/v2\/product"}],"about":[{"href":"https:\/\/legrenierdelatour.be\/brocante\/wp-json\/wp\/v2\/types\/product"}],"replies":[{"embeddable":true,"href":"https:\/\/legrenierdelatour.be\/brocante\/wp-json\/wp\/v2\/comments?post=3950"}],"wp:featuredmedia":[{"embeddable":true,"href":"https:\/\/legrenierdelatour.be\/brocante\/wp-json\/wp\/v2\/media\/3951"}],"wp:attachment":[{"href":"https:\/\/legrenierdelatour.be\/brocante\/wp-json\/wp\/v2\/media?parent=3950"}],"wp:term":[{"taxonomy":"product_brand","embeddable":true,"href":"https:\/\/legrenierdelatour.be\/brocante\/wp-json\/wp\/v2\/product_brand?post=3950"},{"taxonomy":"product_cat","embeddable":true,"href":"https:\/\/legrenierdelatour.be\/brocante\/wp-json\/wp\/v2\/product_cat?post=3950"},{"taxonomy":"product_tag","embeddable":true,"href":"https:\/\/legrenierdelatour.be\/brocante\/wp-json\/wp\/v2\/product_tag?post=3950"}],"curies":[{"name":"wp","href":"https:\/\/api.w.org\/{rel}","templated":true}]}}